{"id":2044,"date":"2025-04-21T08:40:09","date_gmt":"2025-04-21T08:40:09","guid":{"rendered":"https:\/\/fama.global\/product\/poultry\/"},"modified":"2025-06-26T11:55:26","modified_gmt":"2025-06-26T11:55:26","slug":"volaille","status":"publish","type":"product","link":"https:\/\/fama.global\/fr\/produit\/volaille\/","title":{"rendered":"Volaille"},"content":{"rendered":"<div class=\"wpb-content-wrapper\">[vc_section full_width=\u00a0\u00bbstretch_row\u00a0\u00bb wpex_bg_overlay=\u00a0\u00bbcustom\u00a0\u00bb wpex_bg_overlay_color=\u00a0\u00bb#141413&Prime; wpex_bg_overlay_opacity=\u00a0\u00bb50%\u00a0\u00bb el_class=\u00a0\u00bbinnerbanner-sec\u00a0\u00bb css=\u00a0\u00bb.vc_custom_1748426148539{background-image: url(https:\/\/fama.global\/wp-content\/uploads\/2025\/04\/openfarming-bannerimg.webp?id=1359) !important;background-position: center !important;background-repeat: no-repeat !important;background-size: cover !important;}\u00a0\u00bb][vc_row][vc_column]<nav class=\"vcex-breadcrumbs vcex-breadcrumbs--links-inherit-color\"><span><span><a href=\"https:\/\/fama.global\/fr\/\">Accueil<\/a><\/span><\/span><\/nav><h1 class=\"vcex-heading vcex-heading-plain vcex-module wpex-heading wpex-text-2xl\"><span class=\"vcex-heading-inner wpex-inline-block\">Volaille<\/span><\/h1>[vc_column_text css=\u00a0\u00bb\u00a0\u00bb]Nourrir l\u2019Avenir : Local, Durable, Savoureux.[\/vc_column_text][\/vc_column][\/vc_row][\/vc_section][vc_section full_width=\u00a0\u00bbstretch_row\u00a0\u00bb el_class=\u00a0\u00bbwhoweare-sec pt-80 pb-80&Prime;][vc_row content_placement=\u00a0\u00bbmiddle\u00a0\u00bb][vc_column offset=\u00a0\u00bbvc_col-lg-8&Prime;]<h2 class=\"vcex-heading vcex-heading-plain vcex-module wpex-heading wpex-text-2xl\"><span class=\"vcex-heading-inner wpex-inline-block\">L\u2019excellence volaille <b>en toute confiance<\/b><\/span><\/h2>[vc_column_text css=\u00a0\u00bb\u00a0\u00bb]Nutritifs, savoureux et issus de sources \u00e9thiques, nos produits avicoles sont un v\u00e9ritable mod\u00e8le d\u2019agriculture durable. Savourez la richesse en prot\u00e9ines de nos \u0153ufs frais, produits par des poules soigneusement \u00e9lev\u00e9es, et appr\u00e9ciez la tendret\u00e9 de notre viande de poulet de chair, nourrie avec une alimentation de qualit\u00e9. Notre engagement constant envers des pratiques agricoles innovantes permet \u00e0 notre \u00e9levage de prosp\u00e9rer dans des conditions optimales, aboutissant \u00e0 des produits de premi\u00e8re qualit\u00e9 r\u00e9pondant aux normes les plus strictes. En pla\u00e7ant le bien-\u00eatre animal et la durabilit\u00e9 environnementale au c\u0153ur de nos priorit\u00e9s, nous r\u00e9duisons les d\u00e9chets tout en d\u00e9veloppant des initiatives rentables, \u00e9volutives et contribuant \u00e0 un avenir plus sain et durable pour tous.<br \/>\n[\/vc_column_text][\/vc_column][vc_column offset=\u00a0\u00bbvc_col-lg-4&Prime;][\/vc_column][\/vc_row][vc_row full_width=\u00a0\u00bbstretch_row_content_no_spaces\u00a0\u00bb content_placement=\u00a0\u00bbmiddle\u00a0\u00bb el_class=\u00a0\u00bbfullwidth-slider\u00a0\u00bb][vc_column]<style class=\"vcex-carousel-preload-css\">.vcex_69e1e7f8aa1c1{--wpex-carousel-gap:24px;}.vcex_69e1e7f8aa1c1{--wpex-carousel-columns:1;}.vcex_69e1e7f8aa1c1.wpex-carousel:not(.wpex-carousel--loaded) > *:not(:nth-child(1n+2)){display: flex !important;}@media only screen and (min-width: 480px) {.vcex_69e1e7f8aa1c1{--wpex-carousel-columns:1;}.vcex_69e1e7f8aa1c1.wpex-carousel:not(.wpex-carousel--loaded) > *:not(:nth-child(1n+2)){display: flex !important;}}@media only screen and (min-width: 768px) {.vcex_69e1e7f8aa1c1{--wpex-carousel-columns:1;}.vcex_69e1e7f8aa1c1.wpex-carousel:not(.wpex-carousel--loaded) > *:not(:nth-child(1n+2)){display: flex !important;}}@media only screen and (min-width: 960px) {.vcex_69e1e7f8aa1c1{--wpex-carousel-columns:3;}.vcex_69e1e7f8aa1c1.wpex-carousel:not(.wpex-carousel--loaded) > *:not(:nth-child(1n+4)){display: flex !important;}}<\/style><div class=\"vcex-image-carousel wpex-carousel wpex-carousel-images wpex-clr vcex-module wpex-carousel--render-onload vcex_69e1e7f8aa1c1 arrwstyle-default arrwpos-top-right slider-imgs\" data-wpex-carousel=\"{&quot;autoplay&quot;:&quot;true&quot;,&quot;autoplayHoverPause&quot;:&quot;false&quot;,&quot;margin&quot;:24,&quot;slideBy&quot;:1,&quot;items&quot;:3,&quot;responsive&quot;:{&quot;0&quot;:{&quot;items&quot;:1},&quot;480&quot;:{&quot;items&quot;:1},&quot;768&quot;:{&quot;items&quot;:1},&quot;960&quot;:{&quot;items&quot;:3}}}\"><div class=\"wpex-carousel-slide\"><figure class=\"wpex-carousel-entry-media entry-media wpex-relative\"><img width=\"416\" height=\"300\" src=\"https:\/\/fama.global\/wp-content\/uploads\/2025\/04\/Eggs.webp\" class=\"wpex-align-middle skip-lazy\" alt=\"\" data-no-lazy=\"1\" srcset=\"https:\/\/fama.global\/wp-content\/uploads\/2025\/04\/Eggs.webp 416w, https:\/\/fama.global\/wp-content\/uploads\/2025\/04\/Eggs-300x216.webp 300w\" sizes=\"(max-width: 416px) 100vw, 416px\" \/><\/figure><\/div><div class=\"wpex-carousel-slide\"><figure class=\"wpex-carousel-entry-media entry-media wpex-relative\"><img width=\"416\" height=\"300\" src=\"https:\/\/fama.global\/wp-content\/uploads\/2025\/04\/Broiler-Meat.webp\" class=\"wpex-align-middle skip-lazy\" alt=\"\" data-no-lazy=\"1\" srcset=\"https:\/\/fama.global\/wp-content\/uploads\/2025\/04\/Broiler-Meat.webp 416w, https:\/\/fama.global\/wp-content\/uploads\/2025\/04\/Broiler-Meat-300x216.webp 300w\" sizes=\"(max-width: 416px) 100vw, 416px\" \/><\/figure><\/div><div class=\"wpex-carousel-slide\"><figure class=\"wpex-carousel-entry-media entry-media wpex-relative\"><img width=\"416\" height=\"300\" src=\"https:\/\/fama.global\/wp-content\/uploads\/2025\/04\/Eggs1.webp\" class=\"wpex-align-middle skip-lazy\" alt=\"\" data-no-lazy=\"1\" srcset=\"https:\/\/fama.global\/wp-content\/uploads\/2025\/04\/Eggs1.webp 416w, https:\/\/fama.global\/wp-content\/uploads\/2025\/04\/Eggs1-300x216.webp 300w\" sizes=\"(max-width: 416px) 100vw, 416px\" \/><\/figure><\/div><div class=\"wpex-carousel-slide\"><figure class=\"wpex-carousel-entry-media entry-media wpex-relative\"><img width=\"416\" height=\"300\" src=\"https:\/\/fama.global\/wp-content\/uploads\/2025\/04\/BroilerMeat1.webp\" class=\"wpex-align-middle skip-lazy\" alt=\"\" data-no-lazy=\"1\" srcset=\"https:\/\/fama.global\/wp-content\/uploads\/2025\/04\/BroilerMeat1.webp 416w, https:\/\/fama.global\/wp-content\/uploads\/2025\/04\/BroilerMeat1-300x216.webp 300w\" sizes=\"(max-width: 416px) 100vw, 416px\" \/><\/figure><\/div><\/div>[\/vc_column][\/vc_row][\/vc_section][vc_section full_width=\u00a0\u00bbstretch_row\u00a0\u00bb el_class=\u00a0\u00bbotherprojects-sec\u00a0\u00bb][vc_row][vc_column]<h2 class=\"vcex-heading vcex-heading-plain vcex-module wpex-heading wpex-text-2xl wpex-text-center\"><span class=\"vcex-heading-inner wpex-inline-block\"><b>Our Other<br \/>\nProducts In Action<\/b><\/span><\/h2>\t<style>.vcex_69e1e7f8b02e3{height:60px;}@media (max-width:1024px){.vcex_69e1e7f8b02e3{height:50px;}}@media (max-width:959px){.vcex_69e1e7f8b02e3{height:40px;}}@media (max-width:767px){.vcex_69e1e7f8b02e3{height:40px;}}@media (max-width:479px){.vcex_69e1e7f8b02e3{height:40px;}}<\/style>\n<div class=\"vcex-spacing wpex-w-100 wpex-clear vcex_69e1e7f8b02e3\"><\/div>[\/vc_column][\/vc_row][vc_row][vc_column]\t\n\t<div class=\"otherprojects-listing otherproducts-listing\">\n\t\t\n\t\t\t\n\t\t\t\t\n\t\t\t\t\t\t\t\t\n\t\t\t\t<a href=\"https:\/\/fama.global\/fr\/produit\/aquaculture\/\" class=\"projects products\">\n\t\t\t\t\t<div class=\"img\">\n\t\t\t\t\t\t<img src=\"https:\/\/fama.global\/wp-content\/uploads\/2025\/04\/agriculture-prodimg10.webp\" alt=\"Aquaculture\" \/>\n\t\t\t\t\t<\/div>\n\t\t\t\t\t<h3 class=\"title\">\n\t\t\t\t\t\tAquaculture\t\t\t\t\t<\/h3>\n\t\t\t\t<\/a>\n\n\n\t\t\t\t\n\t\t\t\t\t\t\t\t\n\t\t\t\t<a href=\"https:\/\/fama.global\/fr\/produit\/serre\/\" class=\"projects products\">\n\t\t\t\t\t<div class=\"img\">\n\t\t\t\t\t\t<img src=\"https:\/\/fama.global\/wp-content\/uploads\/2025\/04\/greenhouse-prodimg2.webp\" alt=\"Serre\" \/>\n\t\t\t\t\t<\/div>\n\t\t\t\t\t<h3 class=\"title\">\n\t\t\t\t\t\tSerre\t\t\t\t\t<\/h3>\n\t\t\t\t<\/a>\n\n\n\t\t\t\t\n\t\t\t\t\t\t\t\t\n\t\t\t\t<a href=\"https:\/\/fama.global\/fr\/produit\/plantation-de-mais-et-de-soja\/\" class=\"projects products\">\n\t\t\t\t\t<div class=\"img\">\n\t\t\t\t\t\t<img src=\"https:\/\/fama.global\/wp-content\/uploads\/2025\/04\/maize-produimg1.webp\" alt=\"Plantation de Ma\u00efs et de Soja\" \/>\n\t\t\t\t\t<\/div>\n\t\t\t\t\t<h3 class=\"title\">\n\t\t\t\t\t\tPlantation de Ma\u00efs et de Soja\t\t\t\t\t<\/h3>\n\t\t\t\t<\/a>\n\n\n\t\t\t\t\n\t\t\t\t\t\t\t\t\n\t\t\t\t<a href=\"https:\/\/fama.global\/fr\/produit\/agriculture-en-plein-champ\/\" class=\"projects products\">\n\t\t\t\t\t<div class=\"img\">\n\t\t\t\t\t\t<img src=\"https:\/\/fama.global\/wp-content\/uploads\/2025\/04\/openfarming-produimg6.webp\" alt=\"Agriculture en Plein Champ\" \/>\n\t\t\t\t\t<\/div>\n\t\t\t\t\t<h3 class=\"title\">\n\t\t\t\t\t\tAgriculture en Plein Champ\t\t\t\t\t<\/h3>\n\t\t\t\t<\/a>\n\n\n\t\t\t\t\n\t\t\t\t\t\t\t\t\n\t\t\t\t<a href=\"https:\/\/fama.global\/fr\/produit\/volaille\/\" class=\"projects products\">\n\t\t\t\t\t<div class=\"img\">\n\t\t\t\t\t\t<img src=\"https:\/\/fama.global\/wp-content\/uploads\/2025\/04\/openfarming-produimg6.webp\" alt=\"Volaille\" \/>\n\t\t\t\t\t<\/div>\n\t\t\t\t\t<h3 class=\"title\">\n\t\t\t\t\t\tVolaille\t\t\t\t\t<\/h3>\n\t\t\t\t<\/a>\n\n\n\t\t\t\n\t\t\t<\/div>\n\t\t\n\n<div class=\"vcex-shortcode wpex-clr\"><\/div>[\/vc_column][\/vc_row][\/vc_section]\n<\/div>","protected":false},"featured_media":1628,"template":"","product-category":[7],"class_list":["post-2044","product","type-product","status-publish","has-post-thumbnail","hentry","product-category-products","entry","has-media"],"acf":[],"yoast_head":"<!-- This site is optimized with the Yoast SEO plugin v25.3 - https:\/\/yoast.com\/wordpress\/plugins\/seo\/ -->\n<title>Volaille - Fama Global<\/title>\n<meta name=\"robots\" content=\"index, follow, max-snippet:-1, max-image-preview:large, max-video-preview:-1\" \/>\n<link rel=\"canonical\" href=\"https:\/\/fama.global\/fr\/produit\/volaille\/\" \/>\n<meta property=\"og:locale\" content=\"fr_FR\" \/>\n<meta property=\"og:type\" content=\"article\" \/>\n<meta property=\"og:title\" content=\"Volaille - Fama Global\" \/>\n<meta property=\"og:description\" content=\"[vc_section full_width=\u00a0\u00bbstretch_row\u00a0\u00bb wpex_bg_overlay=\u00a0\u00bbcustom\u00a0\u00bb wpex_bg_overlay_color=\u00a0\u00bb#141413&Prime; wpex_bg_overlay_opacity=\u00a0\u00bb50%\u00a0\u00bb el_class=\u00a0\u00bbinnerbanner-sec\u00a0\u00bb css=\u00a0\u00bb.vc_custom_1748426148539{background-image: url(https:\/\/fama.global\/wp-content\/uploads\/2025\/04\/openfarming-bannerimg.webp?id=1359) !important;background-position: center !important;background-repeat: no-repeat !important;background-size: cover !important;}\u00a0\u00bb][vc_row][vc_column][vc_column_text css=\u00a0\u00bb\u00a0\u00bb]Nourrir l\u2019Avenir : Local, Durable, Savoureux.[\/vc_column_text][\/vc_column][\/vc_row][\/vc_section][vc_section full_width=\u00a0\u00bbstretch_row\u00a0\u00bb el_class=\u00a0\u00bbwhoweare-sec pt-80 pb-80&Prime;][vc_row content_placement=\u00a0\u00bbmiddle\u00a0\u00bb][vc_column offset=\u00a0\u00bbvc_col-lg-8&Prime;][vc_column_text css=\u00a0\u00bb\u00a0\u00bb]Nutritifs, savoureux et issus de sources \u00e9thiques, nos produits avicoles sont un v\u00e9ritable mod\u00e8le d\u2019agriculture durable. Savourez la richesse en prot\u00e9ines de nos \u0153ufs frais, produits par des&hellip;\" \/>\n<meta property=\"og:url\" content=\"https:\/\/fama.global\/fr\/produit\/volaille\/\" \/>\n<meta property=\"og:site_name\" content=\"Fama Global\" \/>\n<meta property=\"article:modified_time\" content=\"2025-06-26T11:55:26+00:00\" \/>\n<meta property=\"og:image\" content=\"https:\/\/fama.global\/wp-content\/uploads\/2025\/04\/openfarming-produimg6.webp\" \/>\n\t<meta property=\"og:image:width\" content=\"516\" \/>\n\t<meta property=\"og:image:height\" content=\"516\" \/>\n\t<meta property=\"og:image:type\" content=\"image\/webp\" \/>\n<meta name=\"twitter:card\" content=\"summary_large_image\" \/>\n<meta name=\"twitter:label1\" content=\"Dur\u00e9e de lecture estim\u00e9e\" \/>\n\t<meta name=\"twitter:data1\" content=\"2 minutes\" \/>\n<script type=\"application\/ld+json\" class=\"yoast-schema-graph\">{\"@context\":\"https:\/\/schema.org\",\"@graph\":[{\"@type\":\"WebPage\",\"@id\":\"https:\/\/fama.global\/fr\/produit\/volaille\/\",\"url\":\"https:\/\/fama.global\/fr\/produit\/volaille\/\",\"name\":\"Volaille - Fama Global\",\"isPartOf\":{\"@id\":\"https:\/\/fama.global\/#website\"},\"primaryImageOfPage\":{\"@id\":\"https:\/\/fama.global\/fr\/produit\/volaille\/#primaryimage\"},\"image\":{\"@id\":\"https:\/\/fama.global\/fr\/produit\/volaille\/#primaryimage\"},\"thumbnailUrl\":\"https:\/\/fama.global\/wp-content\/uploads\/2025\/04\/openfarming-produimg6.webp\",\"datePublished\":\"2025-04-21T08:40:09+00:00\",\"dateModified\":\"2025-06-26T11:55:26+00:00\",\"breadcrumb\":{\"@id\":\"https:\/\/fama.global\/fr\/produit\/volaille\/#breadcrumb\"},\"inLanguage\":\"fr-FR\",\"potentialAction\":[{\"@type\":\"ReadAction\",\"target\":[\"https:\/\/fama.global\/fr\/produit\/volaille\/\"]}]},{\"@type\":\"ImageObject\",\"inLanguage\":\"fr-FR\",\"@id\":\"https:\/\/fama.global\/fr\/produit\/volaille\/#primaryimage\",\"url\":\"https:\/\/fama.global\/wp-content\/uploads\/2025\/04\/openfarming-produimg6.webp\",\"contentUrl\":\"https:\/\/fama.global\/wp-content\/uploads\/2025\/04\/openfarming-produimg6.webp\",\"width\":516,\"height\":516},{\"@type\":\"BreadcrumbList\",\"@id\":\"https:\/\/fama.global\/fr\/produit\/volaille\/#breadcrumb\",\"itemListElement\":[{\"@type\":\"ListItem\",\"position\":1,\"name\":\"Accueil\",\"item\":\"https:\/\/fama.global\/fr\/\"},{\"@type\":\"ListItem\",\"position\":2,\"name\":\"Products\",\"item\":\"https:\/\/fama.global\/product-category\/products\/\"},{\"@type\":\"ListItem\",\"position\":3,\"name\":\"Volaille\"}]},{\"@type\":\"WebSite\",\"@id\":\"https:\/\/fama.global\/#website\",\"url\":\"https:\/\/fama.global\/\",\"name\":\"Fama Global\",\"description\":\"\",\"publisher\":{\"@id\":\"https:\/\/fama.global\/#organization\"},\"potentialAction\":[{\"@type\":\"SearchAction\",\"target\":{\"@type\":\"EntryPoint\",\"urlTemplate\":\"https:\/\/fama.global\/?s={search_term_string}\"},\"query-input\":{\"@type\":\"PropertyValueSpecification\",\"valueRequired\":true,\"valueName\":\"search_term_string\"}}],\"inLanguage\":\"fr-FR\"},{\"@type\":\"Organization\",\"@id\":\"https:\/\/fama.global\/#organization\",\"name\":\"Fama Global\",\"url\":\"https:\/\/fama.global\/\",\"logo\":{\"@type\":\"ImageObject\",\"inLanguage\":\"fr-FR\",\"@id\":\"https:\/\/fama.global\/#\/schema\/logo\/image\/\",\"url\":\"https:\/\/fama.global\/wp-content\/uploads\/2025\/03\/site-logo.svg\",\"contentUrl\":\"https:\/\/fama.global\/wp-content\/uploads\/2025\/03\/site-logo.svg\",\"caption\":\"Fama Global\"},\"image\":{\"@id\":\"https:\/\/fama.global\/#\/schema\/logo\/image\/\"}}]}<\/script>\n<!-- \/ Yoast SEO plugin. -->","yoast_head_json":{"title":"Volaille - Fama Global","robots":{"index":"index","follow":"follow","max-snippet":"max-snippet:-1","max-image-preview":"max-image-preview:large","max-video-preview":"max-video-preview:-1"},"canonical":"https:\/\/fama.global\/fr\/produit\/volaille\/","og_locale":"fr_FR","og_type":"article","og_title":"Volaille - Fama Global","og_description":"[vc_section full_width=\u00a0\u00bbstretch_row\u00a0\u00bb wpex_bg_overlay=\u00a0\u00bbcustom\u00a0\u00bb wpex_bg_overlay_color=\u00a0\u00bb#141413&Prime; wpex_bg_overlay_opacity=\u00a0\u00bb50%\u00a0\u00bb el_class=\u00a0\u00bbinnerbanner-sec\u00a0\u00bb css=\u00a0\u00bb.vc_custom_1748426148539{background-image: url(https:\/\/fama.global\/wp-content\/uploads\/2025\/04\/openfarming-bannerimg.webp?id=1359) !important;background-position: center !important;background-repeat: no-repeat !important;background-size: cover !important;}\u00a0\u00bb][vc_row][vc_column][vc_column_text css=\u00a0\u00bb\u00a0\u00bb]Nourrir l\u2019Avenir : Local, Durable, Savoureux.[\/vc_column_text][\/vc_column][\/vc_row][\/vc_section][vc_section full_width=\u00a0\u00bbstretch_row\u00a0\u00bb el_class=\u00a0\u00bbwhoweare-sec pt-80 pb-80&Prime;][vc_row content_placement=\u00a0\u00bbmiddle\u00a0\u00bb][vc_column offset=\u00a0\u00bbvc_col-lg-8&Prime;][vc_column_text css=\u00a0\u00bb\u00a0\u00bb]Nutritifs, savoureux et issus de sources \u00e9thiques, nos produits avicoles sont un v\u00e9ritable mod\u00e8le d\u2019agriculture durable. Savourez la richesse en prot\u00e9ines de nos \u0153ufs frais, produits par des&hellip;","og_url":"https:\/\/fama.global\/fr\/produit\/volaille\/","og_site_name":"Fama Global","article_modified_time":"2025-06-26T11:55:26+00:00","og_image":[{"width":516,"height":516,"url":"https:\/\/fama.global\/wp-content\/uploads\/2025\/04\/openfarming-produimg6.webp","type":"image\/webp"}],"twitter_card":"summary_large_image","twitter_misc":{"Dur\u00e9e de lecture estim\u00e9e":"2 minutes"},"schema":{"@context":"https:\/\/schema.org","@graph":[{"@type":"WebPage","@id":"https:\/\/fama.global\/fr\/produit\/volaille\/","url":"https:\/\/fama.global\/fr\/produit\/volaille\/","name":"Volaille - Fama Global","isPartOf":{"@id":"https:\/\/fama.global\/#website"},"primaryImageOfPage":{"@id":"https:\/\/fama.global\/fr\/produit\/volaille\/#primaryimage"},"image":{"@id":"https:\/\/fama.global\/fr\/produit\/volaille\/#primaryimage"},"thumbnailUrl":"https:\/\/fama.global\/wp-content\/uploads\/2025\/04\/openfarming-produimg6.webp","datePublished":"2025-04-21T08:40:09+00:00","dateModified":"2025-06-26T11:55:26+00:00","breadcrumb":{"@id":"https:\/\/fama.global\/fr\/produit\/volaille\/#breadcrumb"},"inLanguage":"fr-FR","potentialAction":[{"@type":"ReadAction","target":["https:\/\/fama.global\/fr\/produit\/volaille\/"]}]},{"@type":"ImageObject","inLanguage":"fr-FR","@id":"https:\/\/fama.global\/fr\/produit\/volaille\/#primaryimage","url":"https:\/\/fama.global\/wp-content\/uploads\/2025\/04\/openfarming-produimg6.webp","contentUrl":"https:\/\/fama.global\/wp-content\/uploads\/2025\/04\/openfarming-produimg6.webp","width":516,"height":516},{"@type":"BreadcrumbList","@id":"https:\/\/fama.global\/fr\/produit\/volaille\/#breadcrumb","itemListElement":[{"@type":"ListItem","position":1,"name":"Accueil","item":"https:\/\/fama.global\/fr\/"},{"@type":"ListItem","position":2,"name":"Products","item":"https:\/\/fama.global\/product-category\/products\/"},{"@type":"ListItem","position":3,"name":"Volaille"}]},{"@type":"WebSite","@id":"https:\/\/fama.global\/#website","url":"https:\/\/fama.global\/","name":"Fama Global","description":"","publisher":{"@id":"https:\/\/fama.global\/#organization"},"potentialAction":[{"@type":"SearchAction","target":{"@type":"EntryPoint","urlTemplate":"https:\/\/fama.global\/?s={search_term_string}"},"query-input":{"@type":"PropertyValueSpecification","valueRequired":true,"valueName":"search_term_string"}}],"inLanguage":"fr-FR"},{"@type":"Organization","@id":"https:\/\/fama.global\/#organization","name":"Fama Global","url":"https:\/\/fama.global\/","logo":{"@type":"ImageObject","inLanguage":"fr-FR","@id":"https:\/\/fama.global\/#\/schema\/logo\/image\/","url":"https:\/\/fama.global\/wp-content\/uploads\/2025\/03\/site-logo.svg","contentUrl":"https:\/\/fama.global\/wp-content\/uploads\/2025\/03\/site-logo.svg","caption":"Fama Global"},"image":{"@id":"https:\/\/fama.global\/#\/schema\/logo\/image\/"}}]}},"_links":{"self":[{"href":"https:\/\/fama.global\/fr\/wp-json\/wp\/v2\/product\/2044","targetHints":{"allow":["GET"]}}],"collection":[{"href":"https:\/\/fama.global\/fr\/wp-json\/wp\/v2\/product"}],"about":[{"href":"https:\/\/fama.global\/fr\/wp-json\/wp\/v2\/types\/product"}],"wp:featuredmedia":[{"embeddable":true,"href":"https:\/\/fama.global\/fr\/wp-json\/wp\/v2\/media\/1628"}],"wp:attachment":[{"href":"https:\/\/fama.global\/fr\/wp-json\/wp\/v2\/media?parent=2044"}],"wp:term":[{"taxonomy":"product-category","embeddable":true,"href":"https:\/\/fama.global\/fr\/wp-json\/wp\/v2\/product-category?post=2044"}],"curies":[{"name":"wp","href":"https:\/\/api.w.org\/{rel}","templated":true}]}}