{"id":1817,"date":"2025-04-21T08:50:56","date_gmt":"2025-04-21T08:50:56","guid":{"rendered":"https:\/\/fama.global\/product\/maize-and-soybean-plantation\/"},"modified":"2025-06-11T10:07:29","modified_gmt":"2025-06-11T10:07:29","slug":"plantation-de-mais-et-de-soja","status":"publish","type":"product","link":"https:\/\/fama.global\/fr\/produit\/plantation-de-mais-et-de-soja\/","title":{"rendered":"Plantation de Ma\u00efs et de Soja"},"content":{"rendered":"<div class=\"wpb-content-wrapper\">[vc_section full_width=\u00a0\u00bbstretch_row\u00a0\u00bb wpex_bg_overlay=\u00a0\u00bbcustom\u00a0\u00bb wpex_bg_overlay_color=\u00a0\u00bb#141413&Prime; wpex_bg_overlay_opacity=\u00a0\u00bb50%\u00a0\u00bb el_class=\u00a0\u00bbinnerbanner-sec\u00a0\u00bb css=\u00a0\u00bb.vc_custom_1748425930953{background-image: url(https:\/\/fama.global\/wp-content\/uploads\/2025\/04\/maizesoybeanplantation-bannerimg.webp?id=1358) !important;background-position: center !important;background-repeat: no-repeat !important;background-size: cover !important;}\u00a0\u00bb][vc_row][vc_column]<nav class=\"vcex-breadcrumbs vcex-breadcrumbs--links-inherit-color\"><span><span><a href=\"https:\/\/fama.global\/fr\/\">Accueil<\/a><\/span><\/span><\/nav><h1 class=\"vcex-heading vcex-heading-plain vcex-module wpex-heading wpex-text-2xl\"><span class=\"vcex-heading-inner wpex-inline-block\">Plantation de Ma\u00efs et de Soja<\/span><\/h1>[vc_column_text css=\u00a0\u00bb\u00a0\u00bb]Un Ma\u00efs de Qualit\u00e9 pour un Avenir Durable[\/vc_column_text][\/vc_column][\/vc_row][\/vc_section][vc_section full_width=\u00a0\u00bbstretch_row\u00a0\u00bb el_class=\u00a0\u00bbwhoweare-sec pt-80 pb-80&Prime;][vc_row content_placement=\u00a0\u00bbmiddle\u00a0\u00bb][vc_column offset=\u00a0\u00bbvc_col-lg-8&Prime;]<h2 class=\"vcex-heading vcex-heading-plain vcex-module wpex-heading wpex-text-2xl\"><span class=\"vcex-heading-inner wpex-inline-block\">Le Ma\u00efs : <b>Au C\u0153ur de Notre R\u00e9colte<\/b><\/span><\/h2>[vc_column_text css=\u00a0\u00bb\u00a0\u00bb]Notre projet de culture de ma\u00efs \u00e0 grande \u00e9chelle propose un ma\u00efs \u00e0 haut rendement, cultiv\u00e9 de mani\u00e8re durable et r\u00e9pondant \u00e0 une demande garantie. Il stimule la croissance \u00e9conomique, renforce la s\u00e9curit\u00e9 alimentaire et g\u00e9n\u00e8re un impact durable pour les communaut\u00e9s. Ce projet s\u2019appuie sur des innovations agricoles de pointe pour assurer la rentabilit\u00e9, dynamiser les \u00e9conomies locales et r\u00e9pondre \u00e0 la demande alimentaire mondiale croissante. Il ne se limite pas \u00e0 des pratiques agricoles durables : il cr\u00e9e \u00e9galement des emplois, renforce les capacit\u00e9s des agriculteurs locaux et g\u00e9n\u00e8re une valeur \u00e0 long terme pour toutes les parties prenantes. Gr\u00e2ce \u00e0 nos syst\u00e8mes de production efficaces, \u00e0 une cha\u00eene d&rsquo;approvisionnement solide et \u00e0 un engagement ferme pour la durabilit\u00e9, ce projet constitue une opportunit\u00e9 d\u2019investissement fiable et porteuse d\u2019impact.<br \/>\n[\/vc_column_text][\/vc_column][vc_column offset=\u00a0\u00bbvc_col-lg-4&Prime;][\/vc_column][\/vc_row][vc_row full_width=\u00a0\u00bbstretch_row_content_no_spaces\u00a0\u00bb content_placement=\u00a0\u00bbmiddle\u00a0\u00bb el_class=\u00a0\u00bbfullwidth-slider\u00a0\u00bb][vc_column]<style class=\"vcex-carousel-preload-css\">.vcex_69e1eb90cb12c{--wpex-carousel-gap:24px;}.vcex_69e1eb90cb12c{--wpex-carousel-columns:1;}.vcex_69e1eb90cb12c.wpex-carousel:not(.wpex-carousel--loaded) > *:not(:nth-child(1n+2)){display: flex !important;}@media only screen and (min-width: 480px) {.vcex_69e1eb90cb12c{--wpex-carousel-columns:1;}.vcex_69e1eb90cb12c.wpex-carousel:not(.wpex-carousel--loaded) > *:not(:nth-child(1n+2)){display: flex !important;}}@media only screen and (min-width: 768px) {.vcex_69e1eb90cb12c{--wpex-carousel-columns:1;}.vcex_69e1eb90cb12c.wpex-carousel:not(.wpex-carousel--loaded) > *:not(:nth-child(1n+2)){display: flex !important;}}@media only screen and (min-width: 960px) {.vcex_69e1eb90cb12c{--wpex-carousel-columns:3;}.vcex_69e1eb90cb12c.wpex-carousel:not(.wpex-carousel--loaded) > *:not(:nth-child(1n+4)){display: flex !important;}}<\/style><div class=\"vcex-image-carousel wpex-carousel wpex-carousel-images wpex-clr vcex-module wpex-carousel--render-onload vcex_69e1eb90cb12c arrwstyle-default arrwpos-top-right slider-imgs\" data-wpex-carousel=\"{&quot;autoplay&quot;:&quot;true&quot;,&quot;autoplayHoverPause&quot;:&quot;false&quot;,&quot;margin&quot;:24,&quot;slideBy&quot;:1,&quot;items&quot;:3,&quot;responsive&quot;:{&quot;0&quot;:{&quot;items&quot;:1},&quot;480&quot;:{&quot;items&quot;:1},&quot;768&quot;:{&quot;items&quot;:1},&quot;960&quot;:{&quot;items&quot;:3}}}\"><div class=\"wpex-carousel-slide\"><figure class=\"wpex-carousel-entry-media entry-media wpex-relative\"><img width=\"516\" height=\"516\" src=\"https:\/\/fama.global\/wp-content\/uploads\/2025\/04\/maize-produimg1.webp\" class=\"wpex-align-middle skip-lazy\" alt=\"\" data-no-lazy=\"1\" srcset=\"https:\/\/fama.global\/wp-content\/uploads\/2025\/04\/maize-produimg1.webp 516w, https:\/\/fama.global\/wp-content\/uploads\/2025\/04\/maize-produimg1-300x300.webp 300w, https:\/\/fama.global\/wp-content\/uploads\/2025\/04\/maize-produimg1-150x150.webp 150w\" sizes=\"(max-width: 516px) 100vw, 516px\" \/><\/figure><\/div><div class=\"wpex-carousel-slide\"><figure class=\"wpex-carousel-entry-media entry-media wpex-relative\"><img width=\"516\" height=\"516\" src=\"https:\/\/fama.global\/wp-content\/uploads\/2025\/04\/maize-produimg3.webp\" class=\"wpex-align-middle skip-lazy\" alt=\"\" data-no-lazy=\"1\" srcset=\"https:\/\/fama.global\/wp-content\/uploads\/2025\/04\/maize-produimg3.webp 516w, https:\/\/fama.global\/wp-content\/uploads\/2025\/04\/maize-produimg3-300x300.webp 300w, https:\/\/fama.global\/wp-content\/uploads\/2025\/04\/maize-produimg3-150x150.webp 150w\" sizes=\"(max-width: 516px) 100vw, 516px\" \/><\/figure><\/div><div class=\"wpex-carousel-slide\"><figure class=\"wpex-carousel-entry-media entry-media wpex-relative\"><img width=\"516\" height=\"516\" src=\"https:\/\/fama.global\/wp-content\/uploads\/2025\/04\/maize-produimg4.webp\" class=\"wpex-align-middle skip-lazy\" alt=\"\" data-no-lazy=\"1\" srcset=\"https:\/\/fama.global\/wp-content\/uploads\/2025\/04\/maize-produimg4.webp 516w, https:\/\/fama.global\/wp-content\/uploads\/2025\/04\/maize-produimg4-300x300.webp 300w, https:\/\/fama.global\/wp-content\/uploads\/2025\/04\/maize-produimg4-150x150.webp 150w\" sizes=\"(max-width: 516px) 100vw, 516px\" \/><\/figure><\/div><div class=\"wpex-carousel-slide\"><figure class=\"wpex-carousel-entry-media entry-media wpex-relative\"><img width=\"516\" height=\"516\" src=\"https:\/\/fama.global\/wp-content\/uploads\/2025\/04\/maize-produimg2.webp\" class=\"wpex-align-middle skip-lazy\" alt=\"\" data-no-lazy=\"1\" srcset=\"https:\/\/fama.global\/wp-content\/uploads\/2025\/04\/maize-produimg2.webp 516w, https:\/\/fama.global\/wp-content\/uploads\/2025\/04\/maize-produimg2-300x300.webp 300w, https:\/\/fama.global\/wp-content\/uploads\/2025\/04\/maize-produimg2-150x150.webp 150w\" sizes=\"(max-width: 516px) 100vw, 516px\" \/><\/figure><\/div><div class=\"wpex-carousel-slide\"><figure class=\"wpex-carousel-entry-media entry-media wpex-relative\"><img width=\"516\" height=\"516\" src=\"https:\/\/fama.global\/wp-content\/uploads\/2025\/04\/maize-produimg5.webp\" class=\"wpex-align-middle skip-lazy\" alt=\"\" data-no-lazy=\"1\" srcset=\"https:\/\/fama.global\/wp-content\/uploads\/2025\/04\/maize-produimg5.webp 516w, https:\/\/fama.global\/wp-content\/uploads\/2025\/04\/maize-produimg5-300x300.webp 300w, https:\/\/fama.global\/wp-content\/uploads\/2025\/04\/maize-produimg5-150x150.webp 150w\" sizes=\"(max-width: 516px) 100vw, 516px\" \/><\/figure><\/div><\/div>[\/vc_column][\/vc_row][\/vc_section][vc_section full_width=\u00a0\u00bbstretch_row\u00a0\u00bb el_class=\u00a0\u00bbotherprojects-sec\u00a0\u00bb][vc_row][vc_column]<h2 class=\"vcex-heading vcex-heading-plain vcex-module wpex-heading wpex-text-2xl wpex-text-center\"><span class=\"vcex-heading-inner wpex-inline-block\"><b>Nos autres <br \/>Produits en action<\/b><\/span><\/h2>\t<style>.vcex_69e1eb90cf704{height:60px;}@media (max-width:1024px){.vcex_69e1eb90cf704{height:50px;}}@media (max-width:959px){.vcex_69e1eb90cf704{height:40px;}}@media (max-width:767px){.vcex_69e1eb90cf704{height:40px;}}@media (max-width:479px){.vcex_69e1eb90cf704{height:40px;}}<\/style>\n<div class=\"vcex-spacing wpex-w-100 wpex-clear vcex_69e1eb90cf704\"><\/div>[\/vc_column][\/vc_row][vc_row][vc_column]\t\n\t<div class=\"otherprojects-listing otherproducts-listing\">\n\t\t\n\t\t\t\n\t\t\t\t\n\t\t\t\t\t\t\t\t\n\t\t\t\t<a href=\"https:\/\/fama.global\/fr\/produit\/aquaculture\/\" class=\"projects products\">\n\t\t\t\t\t<div class=\"img\">\n\t\t\t\t\t\t<img src=\"https:\/\/fama.global\/wp-content\/uploads\/2025\/04\/agriculture-prodimg10.webp\" alt=\"Aquaculture\" \/>\n\t\t\t\t\t<\/div>\n\t\t\t\t\t<h3 class=\"title\">\n\t\t\t\t\t\tAquaculture\t\t\t\t\t<\/h3>\n\t\t\t\t<\/a>\n\n\n\t\t\t\t\n\t\t\t\t\t\t\t\t\n\t\t\t\t<a href=\"https:\/\/fama.global\/fr\/produit\/serre\/\" class=\"projects products\">\n\t\t\t\t\t<div class=\"img\">\n\t\t\t\t\t\t<img src=\"https:\/\/fama.global\/wp-content\/uploads\/2025\/04\/greenhouse-prodimg2.webp\" alt=\"Serre\" \/>\n\t\t\t\t\t<\/div>\n\t\t\t\t\t<h3 class=\"title\">\n\t\t\t\t\t\tSerre\t\t\t\t\t<\/h3>\n\t\t\t\t<\/a>\n\n\n\t\t\t\t\n\t\t\t\t\t\t\t\t\n\t\t\t\t<a href=\"https:\/\/fama.global\/fr\/produit\/plantation-de-mais-et-de-soja\/\" class=\"projects products\">\n\t\t\t\t\t<div class=\"img\">\n\t\t\t\t\t\t<img src=\"https:\/\/fama.global\/wp-content\/uploads\/2025\/04\/maize-produimg1.webp\" alt=\"Plantation de Ma\u00efs et de Soja\" \/>\n\t\t\t\t\t<\/div>\n\t\t\t\t\t<h3 class=\"title\">\n\t\t\t\t\t\tPlantation de Ma\u00efs et de Soja\t\t\t\t\t<\/h3>\n\t\t\t\t<\/a>\n\n\n\t\t\t\t\n\t\t\t\t\t\t\t\t\n\t\t\t\t<a href=\"https:\/\/fama.global\/fr\/produit\/agriculture-en-plein-champ\/\" class=\"projects products\">\n\t\t\t\t\t<div class=\"img\">\n\t\t\t\t\t\t<img src=\"https:\/\/fama.global\/wp-content\/uploads\/2025\/04\/openfarming-produimg6.webp\" alt=\"Agriculture en Plein Champ\" \/>\n\t\t\t\t\t<\/div>\n\t\t\t\t\t<h3 class=\"title\">\n\t\t\t\t\t\tAgriculture en Plein Champ\t\t\t\t\t<\/h3>\n\t\t\t\t<\/a>\n\n\n\t\t\t\t\n\t\t\t\t\t\t\t\t\n\t\t\t\t<a href=\"https:\/\/fama.global\/fr\/produit\/volaille\/\" class=\"projects products\">\n\t\t\t\t\t<div class=\"img\">\n\t\t\t\t\t\t<img src=\"https:\/\/fama.global\/wp-content\/uploads\/2025\/04\/openfarming-produimg6.webp\" alt=\"Volaille\" \/>\n\t\t\t\t\t<\/div>\n\t\t\t\t\t<h3 class=\"title\">\n\t\t\t\t\t\tVolaille\t\t\t\t\t<\/h3>\n\t\t\t\t<\/a>\n\n\n\t\t\t\n\t\t\t<\/div>\n\t\t\n\n<div class=\"vcex-shortcode wpex-clr\"><\/div>[\/vc_column][\/vc_row][\/vc_section]\n<\/div>","protected":false},"featured_media":1618,"template":"","product-category":[7],"class_list":["post-1817","product","type-product","status-publish","has-post-thumbnail","hentry","product-category-products","entry","has-media"],"acf":[],"yoast_head":"<!-- This site is optimized with the Yoast SEO plugin v25.3 - https:\/\/yoast.com\/wordpress\/plugins\/seo\/ -->\n<title>Plantation de Ma\u00efs et de Soja - Fama Global<\/title>\n<meta name=\"robots\" content=\"index, follow, max-snippet:-1, max-image-preview:large, max-video-preview:-1\" \/>\n<link rel=\"canonical\" href=\"https:\/\/fama.global\/fr\/product\/plantation-de-mais-et-de-soja\/\" \/>\n<meta property=\"og:locale\" content=\"fr_FR\" \/>\n<meta property=\"og:type\" content=\"article\" \/>\n<meta property=\"og:title\" content=\"Plantation de Ma\u00efs et de Soja - Fama Global\" \/>\n<meta property=\"og:description\" content=\"[vc_section full_width=\u00a0\u00bbstretch_row\u00a0\u00bb wpex_bg_overlay=\u00a0\u00bbcustom\u00a0\u00bb wpex_bg_overlay_color=\u00a0\u00bb#141413&Prime; wpex_bg_overlay_opacity=\u00a0\u00bb50%\u00a0\u00bb el_class=\u00a0\u00bbinnerbanner-sec\u00a0\u00bb css=\u00a0\u00bb.vc_custom_1748425930953{background-image: url(https:\/\/fama.global\/wp-content\/uploads\/2025\/04\/maizesoybeanplantation-bannerimg.webp?id=1358) !important;background-position: center !important;background-repeat: no-repeat !important;background-size: cover !important;}\u00a0\u00bb][vc_row][vc_column][vc_column_text css=\u00a0\u00bb\u00a0\u00bb]Un Ma\u00efs de Qualit\u00e9 pour un Avenir Durable[\/vc_column_text][\/vc_column][\/vc_row][\/vc_section][vc_section full_width=\u00a0\u00bbstretch_row\u00a0\u00bb el_class=\u00a0\u00bbwhoweare-sec pt-80 pb-80&Prime;][vc_row content_placement=\u00a0\u00bbmiddle\u00a0\u00bb][vc_column offset=\u00a0\u00bbvc_col-lg-8&Prime;][vc_column_text css=\u00a0\u00bb\u00a0\u00bb]Notre projet de culture de ma\u00efs \u00e0 grande \u00e9chelle propose un ma\u00efs \u00e0 haut rendement, cultiv\u00e9 de mani\u00e8re durable et r\u00e9pondant \u00e0 une demande garantie. Il&hellip;\" \/>\n<meta property=\"og:url\" content=\"https:\/\/fama.global\/fr\/product\/plantation-de-mais-et-de-soja\/\" \/>\n<meta property=\"og:site_name\" content=\"Fama Global\" \/>\n<meta property=\"article:modified_time\" content=\"2025-06-11T10:07:29+00:00\" \/>\n<meta property=\"og:image\" content=\"https:\/\/fama.global\/wp-content\/uploads\/2025\/04\/maize-produimg1.webp\" \/>\n\t<meta property=\"og:image:width\" content=\"516\" \/>\n\t<meta property=\"og:image:height\" content=\"516\" \/>\n\t<meta property=\"og:image:type\" content=\"image\/webp\" \/>\n<meta name=\"twitter:card\" content=\"summary_large_image\" \/>\n<meta name=\"twitter:label1\" content=\"Dur\u00e9e de lecture estim\u00e9e\" \/>\n\t<meta name=\"twitter:data1\" content=\"2 minutes\" \/>\n<script type=\"application\/ld+json\" class=\"yoast-schema-graph\">{\"@context\":\"https:\/\/schema.org\",\"@graph\":[{\"@type\":\"WebPage\",\"@id\":\"https:\/\/fama.global\/fr\/product\/plantation-de-mais-et-de-soja\/\",\"url\":\"https:\/\/fama.global\/fr\/product\/plantation-de-mais-et-de-soja\/\",\"name\":\"Plantation de Ma\u00efs et de Soja - Fama Global\",\"isPartOf\":{\"@id\":\"https:\/\/fama.global\/#website\"},\"primaryImageOfPage\":{\"@id\":\"https:\/\/fama.global\/fr\/product\/plantation-de-mais-et-de-soja\/#primaryimage\"},\"image\":{\"@id\":\"https:\/\/fama.global\/fr\/product\/plantation-de-mais-et-de-soja\/#primaryimage\"},\"thumbnailUrl\":\"https:\/\/fama.global\/wp-content\/uploads\/2025\/04\/maize-produimg1.webp\",\"datePublished\":\"2025-04-21T08:50:56+00:00\",\"dateModified\":\"2025-06-11T10:07:29+00:00\",\"breadcrumb\":{\"@id\":\"https:\/\/fama.global\/fr\/product\/plantation-de-mais-et-de-soja\/#breadcrumb\"},\"inLanguage\":\"fr-FR\",\"potentialAction\":[{\"@type\":\"ReadAction\",\"target\":[\"https:\/\/fama.global\/fr\/product\/plantation-de-mais-et-de-soja\/\"]}]},{\"@type\":\"ImageObject\",\"inLanguage\":\"fr-FR\",\"@id\":\"https:\/\/fama.global\/fr\/product\/plantation-de-mais-et-de-soja\/#primaryimage\",\"url\":\"https:\/\/fama.global\/wp-content\/uploads\/2025\/04\/maize-produimg1.webp\",\"contentUrl\":\"https:\/\/fama.global\/wp-content\/uploads\/2025\/04\/maize-produimg1.webp\",\"width\":516,\"height\":516},{\"@type\":\"BreadcrumbList\",\"@id\":\"https:\/\/fama.global\/fr\/product\/plantation-de-mais-et-de-soja\/#breadcrumb\",\"itemListElement\":[{\"@type\":\"ListItem\",\"position\":1,\"name\":\"Accueil\",\"item\":\"https:\/\/fama.global\/fr\/\"},{\"@type\":\"ListItem\",\"position\":2,\"name\":\"Products\",\"item\":\"https:\/\/fama.global\/product-category\/products\/\"},{\"@type\":\"ListItem\",\"position\":3,\"name\":\"Plantation de Ma\u00efs et de Soja\"}]},{\"@type\":\"WebSite\",\"@id\":\"https:\/\/fama.global\/#website\",\"url\":\"https:\/\/fama.global\/\",\"name\":\"Fama Global\",\"description\":\"\",\"publisher\":{\"@id\":\"https:\/\/fama.global\/#organization\"},\"potentialAction\":[{\"@type\":\"SearchAction\",\"target\":{\"@type\":\"EntryPoint\",\"urlTemplate\":\"https:\/\/fama.global\/?s={search_term_string}\"},\"query-input\":{\"@type\":\"PropertyValueSpecification\",\"valueRequired\":true,\"valueName\":\"search_term_string\"}}],\"inLanguage\":\"fr-FR\"},{\"@type\":\"Organization\",\"@id\":\"https:\/\/fama.global\/#organization\",\"name\":\"Fama Global\",\"url\":\"https:\/\/fama.global\/\",\"logo\":{\"@type\":\"ImageObject\",\"inLanguage\":\"fr-FR\",\"@id\":\"https:\/\/fama.global\/#\/schema\/logo\/image\/\",\"url\":\"https:\/\/fama.global\/wp-content\/uploads\/2025\/03\/site-logo.svg\",\"contentUrl\":\"https:\/\/fama.global\/wp-content\/uploads\/2025\/03\/site-logo.svg\",\"caption\":\"Fama Global\"},\"image\":{\"@id\":\"https:\/\/fama.global\/#\/schema\/logo\/image\/\"}}]}<\/script>\n<!-- \/ Yoast SEO plugin. -->","yoast_head_json":{"title":"Plantation de Ma\u00efs et de Soja - Fama Global","robots":{"index":"index","follow":"follow","max-snippet":"max-snippet:-1","max-image-preview":"max-image-preview:large","max-video-preview":"max-video-preview:-1"},"canonical":"https:\/\/fama.global\/fr\/product\/plantation-de-mais-et-de-soja\/","og_locale":"fr_FR","og_type":"article","og_title":"Plantation de Ma\u00efs et de Soja - Fama Global","og_description":"[vc_section full_width=\u00a0\u00bbstretch_row\u00a0\u00bb wpex_bg_overlay=\u00a0\u00bbcustom\u00a0\u00bb wpex_bg_overlay_color=\u00a0\u00bb#141413&Prime; wpex_bg_overlay_opacity=\u00a0\u00bb50%\u00a0\u00bb el_class=\u00a0\u00bbinnerbanner-sec\u00a0\u00bb css=\u00a0\u00bb.vc_custom_1748425930953{background-image: url(https:\/\/fama.global\/wp-content\/uploads\/2025\/04\/maizesoybeanplantation-bannerimg.webp?id=1358) !important;background-position: center !important;background-repeat: no-repeat !important;background-size: cover !important;}\u00a0\u00bb][vc_row][vc_column][vc_column_text css=\u00a0\u00bb\u00a0\u00bb]Un Ma\u00efs de Qualit\u00e9 pour un Avenir Durable[\/vc_column_text][\/vc_column][\/vc_row][\/vc_section][vc_section full_width=\u00a0\u00bbstretch_row\u00a0\u00bb el_class=\u00a0\u00bbwhoweare-sec pt-80 pb-80&Prime;][vc_row content_placement=\u00a0\u00bbmiddle\u00a0\u00bb][vc_column offset=\u00a0\u00bbvc_col-lg-8&Prime;][vc_column_text css=\u00a0\u00bb\u00a0\u00bb]Notre projet de culture de ma\u00efs \u00e0 grande \u00e9chelle propose un ma\u00efs \u00e0 haut rendement, cultiv\u00e9 de mani\u00e8re durable et r\u00e9pondant \u00e0 une demande garantie. Il&hellip;","og_url":"https:\/\/fama.global\/fr\/product\/plantation-de-mais-et-de-soja\/","og_site_name":"Fama Global","article_modified_time":"2025-06-11T10:07:29+00:00","og_image":[{"width":516,"height":516,"url":"https:\/\/fama.global\/wp-content\/uploads\/2025\/04\/maize-produimg1.webp","type":"image\/webp"}],"twitter_card":"summary_large_image","twitter_misc":{"Dur\u00e9e de lecture estim\u00e9e":"2 minutes"},"schema":{"@context":"https:\/\/schema.org","@graph":[{"@type":"WebPage","@id":"https:\/\/fama.global\/fr\/product\/plantation-de-mais-et-de-soja\/","url":"https:\/\/fama.global\/fr\/product\/plantation-de-mais-et-de-soja\/","name":"Plantation de Ma\u00efs et de Soja - Fama Global","isPartOf":{"@id":"https:\/\/fama.global\/#website"},"primaryImageOfPage":{"@id":"https:\/\/fama.global\/fr\/product\/plantation-de-mais-et-de-soja\/#primaryimage"},"image":{"@id":"https:\/\/fama.global\/fr\/product\/plantation-de-mais-et-de-soja\/#primaryimage"},"thumbnailUrl":"https:\/\/fama.global\/wp-content\/uploads\/2025\/04\/maize-produimg1.webp","datePublished":"2025-04-21T08:50:56+00:00","dateModified":"2025-06-11T10:07:29+00:00","breadcrumb":{"@id":"https:\/\/fama.global\/fr\/product\/plantation-de-mais-et-de-soja\/#breadcrumb"},"inLanguage":"fr-FR","potentialAction":[{"@type":"ReadAction","target":["https:\/\/fama.global\/fr\/product\/plantation-de-mais-et-de-soja\/"]}]},{"@type":"ImageObject","inLanguage":"fr-FR","@id":"https:\/\/fama.global\/fr\/product\/plantation-de-mais-et-de-soja\/#primaryimage","url":"https:\/\/fama.global\/wp-content\/uploads\/2025\/04\/maize-produimg1.webp","contentUrl":"https:\/\/fama.global\/wp-content\/uploads\/2025\/04\/maize-produimg1.webp","width":516,"height":516},{"@type":"BreadcrumbList","@id":"https:\/\/fama.global\/fr\/product\/plantation-de-mais-et-de-soja\/#breadcrumb","itemListElement":[{"@type":"ListItem","position":1,"name":"Accueil","item":"https:\/\/fama.global\/fr\/"},{"@type":"ListItem","position":2,"name":"Products","item":"https:\/\/fama.global\/product-category\/products\/"},{"@type":"ListItem","position":3,"name":"Plantation de Ma\u00efs et de Soja"}]},{"@type":"WebSite","@id":"https:\/\/fama.global\/#website","url":"https:\/\/fama.global\/","name":"Fama Global","description":"","publisher":{"@id":"https:\/\/fama.global\/#organization"},"potentialAction":[{"@type":"SearchAction","target":{"@type":"EntryPoint","urlTemplate":"https:\/\/fama.global\/?s={search_term_string}"},"query-input":{"@type":"PropertyValueSpecification","valueRequired":true,"valueName":"search_term_string"}}],"inLanguage":"fr-FR"},{"@type":"Organization","@id":"https:\/\/fama.global\/#organization","name":"Fama Global","url":"https:\/\/fama.global\/","logo":{"@type":"ImageObject","inLanguage":"fr-FR","@id":"https:\/\/fama.global\/#\/schema\/logo\/image\/","url":"https:\/\/fama.global\/wp-content\/uploads\/2025\/03\/site-logo.svg","contentUrl":"https:\/\/fama.global\/wp-content\/uploads\/2025\/03\/site-logo.svg","caption":"Fama Global"},"image":{"@id":"https:\/\/fama.global\/#\/schema\/logo\/image\/"}}]}},"_links":{"self":[{"href":"https:\/\/fama.global\/fr\/wp-json\/wp\/v2\/product\/1817","targetHints":{"allow":["GET"]}}],"collection":[{"href":"https:\/\/fama.global\/fr\/wp-json\/wp\/v2\/product"}],"about":[{"href":"https:\/\/fama.global\/fr\/wp-json\/wp\/v2\/types\/product"}],"wp:featuredmedia":[{"embeddable":true,"href":"https:\/\/fama.global\/fr\/wp-json\/wp\/v2\/media\/1618"}],"wp:attachment":[{"href":"https:\/\/fama.global\/fr\/wp-json\/wp\/v2\/media?parent=1817"}],"wp:term":[{"taxonomy":"product-category","embeddable":true,"href":"https:\/\/fama.global\/fr\/wp-json\/wp\/v2\/product-category?post=1817"}],"curies":[{"name":"wp","href":"https:\/\/api.w.org\/{rel}","templated":true}]}}