{"id":1815,"date":"2025-04-21T09:00:36","date_gmt":"2025-04-21T09:00:36","guid":{"rendered":"https:\/\/fama.global\/product\/aquaculture\/"},"modified":"2025-06-11T09:38:57","modified_gmt":"2025-06-11T09:38:57","slug":"aquaculture","status":"publish","type":"product","link":"https:\/\/fama.global\/fr\/produit\/aquaculture\/","title":{"rendered":"Aquaculture"},"content":{"rendered":"<div class=\"wpb-content-wrapper\">[vc_section full_width=\u00a0\u00bbstretch_row\u00a0\u00bb wpex_bg_overlay=\u00a0\u00bbcustom\u00a0\u00bb wpex_bg_overlay_color=\u00a0\u00bb#141413&Prime; wpex_bg_overlay_opacity=\u00a0\u00bb50%\u00a0\u00bb el_class=\u00a0\u00bbinnerbanner-sec\u00a0\u00bb css=\u00a0\u00bb.vc_custom_1744806286923{background-image: url(https:\/\/fama.global\/wp-content\/uploads\/2025\/04\/aquaculture-productbgimg.webp?id=795) !important;background-position: center !important;background-repeat: no-repeat !important;background-size: cover !important;}\u00a0\u00bb][vc_row][vc_column]<nav class=\"vcex-breadcrumbs vcex-breadcrumbs--links-inherit-color\"><span><span><a href=\"https:\/\/fama.global\/fr\/\">Accueil<\/a><\/span><\/span><\/nav><h1 class=\"vcex-heading vcex-heading-plain vcex-module wpex-heading wpex-text-2xl\"><span class=\"vcex-heading-inner wpex-inline-block\">Aquaculture<\/span><\/h1>[vc_column_text css=\u00a0\u00bb\u00a0\u00bb]R\u00e9volutionner l\u2019aquaculture \u2014 Pures, nutritives et \u00e9lev\u00e9es de mani\u00e8re durable.[\/vc_column_text][\/vc_column][\/vc_row][\/vc_section][vc_section full_width=\u00a0\u00bbstretch_row\u00a0\u00bb el_class=\u00a0\u00bbwhoweare-sec pt-80 pb-80&Prime;][vc_row content_placement=\u00a0\u00bbmiddle\u00a0\u00bb][vc_column offset=\u00a0\u00bbvc_col-lg-8&Prime;]<h2 class=\"vcex-heading vcex-heading-plain vcex-module wpex-heading wpex-text-2xl\"><span class=\"vcex-heading-inner wpex-inline-block\">\u00c9lev\u00e9es <b>durablement, cultiv\u00e9es avec expertise<\/b><\/span><\/h2>[vc_column_text css=\u00a0\u00bb\u00a0\u00bb]Chez FAMA, nous sommes fiers de proposer des poissons de haute qualit\u00e9, issus d\u2019une aquaculture durable, au service de la s\u00e9curit\u00e9 alimentaire locale et des march\u00e9s mondiaux. Nos poissons soigneusement \u00e9lev\u00e9s utilisent des techniques aquacoles avanc\u00e9es, garantissant un go\u00fbt sup\u00e9rieur, une valeur nutritionnelle optimale et une qualit\u00e9 constante. Engag\u00e9s en faveur d\u2019une agriculture respectueuse de l\u2019environnement, nous offrons des produits de la mer frais, sains et issus de sources responsables, r\u00e9pondant \u00e0 une demande croissante tout en stimulant la croissance \u00e9conomique des agriculteurs et des communaut\u00e9s.<br \/>\n[\/vc_column_text][\/vc_column][vc_column offset=\u00a0\u00bbvc_col-lg-4&Prime;][\/vc_column][\/vc_row][vc_row full_width=\u00a0\u00bbstretch_row_content_no_spaces\u00a0\u00bb content_placement=\u00a0\u00bbmiddle\u00a0\u00bb el_class=\u00a0\u00bbfullwidth-slider\u00a0\u00bb][vc_column]<style class=\"vcex-carousel-preload-css\">.vcex_69e1e7f9c5b15{--wpex-carousel-gap:24px;}.vcex_69e1e7f9c5b15{--wpex-carousel-columns:1;}.vcex_69e1e7f9c5b15.wpex-carousel:not(.wpex-carousel--loaded) > *:not(:nth-child(1n+2)){display: flex !important;}@media only screen and (min-width: 480px) {.vcex_69e1e7f9c5b15{--wpex-carousel-columns:1;}.vcex_69e1e7f9c5b15.wpex-carousel:not(.wpex-carousel--loaded) > *:not(:nth-child(1n+2)){display: flex !important;}}@media only screen and (min-width: 768px) {.vcex_69e1e7f9c5b15{--wpex-carousel-columns:1;}.vcex_69e1e7f9c5b15.wpex-carousel:not(.wpex-carousel--loaded) > *:not(:nth-child(1n+2)){display: flex !important;}}@media only screen and (min-width: 960px) {.vcex_69e1e7f9c5b15{--wpex-carousel-columns:3;}.vcex_69e1e7f9c5b15.wpex-carousel:not(.wpex-carousel--loaded) > *:not(:nth-child(1n+4)){display: flex !important;}}<\/style><div class=\"vcex-image-carousel wpex-carousel wpex-carousel-images wpex-clr vcex-module wpex-carousel--render-onload vcex_69e1e7f9c5b15 arrwstyle-default arrwpos-top-right slider-imgs\" data-wpex-carousel=\"{&quot;autoplay&quot;:&quot;true&quot;,&quot;autoplayHoverPause&quot;:&quot;false&quot;,&quot;margin&quot;:24,&quot;slideBy&quot;:1,&quot;items&quot;:3,&quot;responsive&quot;:{&quot;0&quot;:{&quot;items&quot;:1},&quot;480&quot;:{&quot;items&quot;:1},&quot;768&quot;:{&quot;items&quot;:1},&quot;960&quot;:{&quot;items&quot;:3}}}\"><div class=\"wpex-carousel-slide\"><figure class=\"wpex-carousel-entry-media entry-media wpex-relative\"><img width=\"516\" height=\"516\" src=\"https:\/\/fama.global\/wp-content\/uploads\/2025\/04\/agriculture-prodimg1.webp\" class=\"wpex-align-middle skip-lazy\" alt=\"\" data-no-lazy=\"1\" srcset=\"https:\/\/fama.global\/wp-content\/uploads\/2025\/04\/agriculture-prodimg1.webp 516w, https:\/\/fama.global\/wp-content\/uploads\/2025\/04\/agriculture-prodimg1-300x300.webp 300w, https:\/\/fama.global\/wp-content\/uploads\/2025\/04\/agriculture-prodimg1-150x150.webp 150w\" sizes=\"(max-width: 516px) 100vw, 516px\" \/><\/figure><\/div><div class=\"wpex-carousel-slide\"><figure class=\"wpex-carousel-entry-media entry-media wpex-relative\"><img width=\"516\" height=\"516\" src=\"https:\/\/fama.global\/wp-content\/uploads\/2025\/04\/agriculture-prodimg2.webp\" class=\"wpex-align-middle skip-lazy\" alt=\"\" data-no-lazy=\"1\" srcset=\"https:\/\/fama.global\/wp-content\/uploads\/2025\/04\/agriculture-prodimg2.webp 516w, https:\/\/fama.global\/wp-content\/uploads\/2025\/04\/agriculture-prodimg2-300x300.webp 300w, https:\/\/fama.global\/wp-content\/uploads\/2025\/04\/agriculture-prodimg2-150x150.webp 150w\" sizes=\"(max-width: 516px) 100vw, 516px\" \/><\/figure><\/div><div class=\"wpex-carousel-slide\"><figure class=\"wpex-carousel-entry-media entry-media wpex-relative\"><img width=\"516\" height=\"516\" src=\"https:\/\/fama.global\/wp-content\/uploads\/2025\/04\/agriculture-prodimg4.webp\" class=\"wpex-align-middle skip-lazy\" alt=\"\" data-no-lazy=\"1\" srcset=\"https:\/\/fama.global\/wp-content\/uploads\/2025\/04\/agriculture-prodimg4.webp 516w, https:\/\/fama.global\/wp-content\/uploads\/2025\/04\/agriculture-prodimg4-300x300.webp 300w, https:\/\/fama.global\/wp-content\/uploads\/2025\/04\/agriculture-prodimg4-150x150.webp 150w\" sizes=\"(max-width: 516px) 100vw, 516px\" \/><\/figure><\/div><div class=\"wpex-carousel-slide\"><figure class=\"wpex-carousel-entry-media entry-media wpex-relative\"><img width=\"516\" height=\"516\" src=\"https:\/\/fama.global\/wp-content\/uploads\/2025\/04\/agriculture-prodimg3.webp\" class=\"wpex-align-middle skip-lazy\" alt=\"\" data-no-lazy=\"1\" srcset=\"https:\/\/fama.global\/wp-content\/uploads\/2025\/04\/agriculture-prodimg3.webp 516w, https:\/\/fama.global\/wp-content\/uploads\/2025\/04\/agriculture-prodimg3-300x300.webp 300w, https:\/\/fama.global\/wp-content\/uploads\/2025\/04\/agriculture-prodimg3-150x150.webp 150w\" sizes=\"(max-width: 516px) 100vw, 516px\" \/><\/figure><\/div><div class=\"wpex-carousel-slide\"><figure class=\"wpex-carousel-entry-media entry-media wpex-relative\"><img width=\"516\" height=\"516\" src=\"https:\/\/fama.global\/wp-content\/uploads\/2025\/04\/aquaculture-productimg1.webp\" class=\"wpex-align-middle skip-lazy\" alt=\"\" data-no-lazy=\"1\" srcset=\"https:\/\/fama.global\/wp-content\/uploads\/2025\/04\/aquaculture-productimg1.webp 516w, https:\/\/fama.global\/wp-content\/uploads\/2025\/04\/aquaculture-productimg1-300x300.webp 300w, https:\/\/fama.global\/wp-content\/uploads\/2025\/04\/aquaculture-productimg1-150x150.webp 150w\" sizes=\"(max-width: 516px) 100vw, 516px\" \/><\/figure><\/div><div class=\"wpex-carousel-slide\"><figure class=\"wpex-carousel-entry-media entry-media wpex-relative\"><img width=\"516\" height=\"516\" src=\"https:\/\/fama.global\/wp-content\/uploads\/2025\/04\/aquaculture-productimg2.webp\" class=\"wpex-align-middle skip-lazy\" alt=\"\" data-no-lazy=\"1\" srcset=\"https:\/\/fama.global\/wp-content\/uploads\/2025\/04\/aquaculture-productimg2.webp 516w, https:\/\/fama.global\/wp-content\/uploads\/2025\/04\/aquaculture-productimg2-300x300.webp 300w, https:\/\/fama.global\/wp-content\/uploads\/2025\/04\/aquaculture-productimg2-150x150.webp 150w\" sizes=\"(max-width: 516px) 100vw, 516px\" \/><\/figure><\/div><div class=\"wpex-carousel-slide\"><figure class=\"wpex-carousel-entry-media entry-media wpex-relative\"><img width=\"516\" height=\"516\" src=\"https:\/\/fama.global\/wp-content\/uploads\/2025\/04\/aquaculture-productimg3.webp\" class=\"wpex-align-middle skip-lazy\" alt=\"\" data-no-lazy=\"1\" srcset=\"https:\/\/fama.global\/wp-content\/uploads\/2025\/04\/aquaculture-productimg3.webp 516w, https:\/\/fama.global\/wp-content\/uploads\/2025\/04\/aquaculture-productimg3-300x300.webp 300w, https:\/\/fama.global\/wp-content\/uploads\/2025\/04\/aquaculture-productimg3-150x150.webp 150w\" sizes=\"(max-width: 516px) 100vw, 516px\" \/><\/figure><\/div><div class=\"wpex-carousel-slide\"><figure class=\"wpex-carousel-entry-media entry-media wpex-relative\"><img width=\"516\" height=\"516\" src=\"https:\/\/fama.global\/wp-content\/uploads\/2025\/04\/aquaculture-productimg4.webp\" class=\"wpex-align-middle skip-lazy\" alt=\"\" data-no-lazy=\"1\" srcset=\"https:\/\/fama.global\/wp-content\/uploads\/2025\/04\/aquaculture-productimg4.webp 516w, https:\/\/fama.global\/wp-content\/uploads\/2025\/04\/aquaculture-productimg4-300x300.webp 300w, https:\/\/fama.global\/wp-content\/uploads\/2025\/04\/aquaculture-productimg4-150x150.webp 150w\" sizes=\"(max-width: 516px) 100vw, 516px\" \/><\/figure><\/div><div class=\"wpex-carousel-slide\"><figure class=\"wpex-carousel-entry-media entry-media wpex-relative\"><img width=\"516\" height=\"516\" src=\"https:\/\/fama.global\/wp-content\/uploads\/2025\/04\/aquaculture-productimg5.webp\" class=\"wpex-align-middle skip-lazy\" alt=\"\" data-no-lazy=\"1\" srcset=\"https:\/\/fama.global\/wp-content\/uploads\/2025\/04\/aquaculture-productimg5.webp 516w, https:\/\/fama.global\/wp-content\/uploads\/2025\/04\/aquaculture-productimg5-300x300.webp 300w, https:\/\/fama.global\/wp-content\/uploads\/2025\/04\/aquaculture-productimg5-150x150.webp 150w\" sizes=\"(max-width: 516px) 100vw, 516px\" \/><\/figure><\/div><div class=\"wpex-carousel-slide\"><figure class=\"wpex-carousel-entry-media entry-media wpex-relative\"><img width=\"516\" height=\"516\" src=\"https:\/\/fama.global\/wp-content\/uploads\/2025\/04\/agriculture-prodimg10.webp\" class=\"wpex-align-middle skip-lazy\" alt=\"\" data-no-lazy=\"1\" srcset=\"https:\/\/fama.global\/wp-content\/uploads\/2025\/04\/agriculture-prodimg10.webp 516w, https:\/\/fama.global\/wp-content\/uploads\/2025\/04\/agriculture-prodimg10-300x300.webp 300w, https:\/\/fama.global\/wp-content\/uploads\/2025\/04\/agriculture-prodimg10-150x150.webp 150w\" sizes=\"(max-width: 516px) 100vw, 516px\" \/><\/figure><\/div><\/div>[\/vc_column][\/vc_row][\/vc_section][vc_section full_width=\u00a0\u00bbstretch_row\u00a0\u00bb el_class=\u00a0\u00bbotherprojects-sec\u00a0\u00bb][vc_row][vc_column]<h2 class=\"vcex-heading vcex-heading-plain vcex-module wpex-heading wpex-text-2xl wpex-text-center\"><span class=\"vcex-heading-inner wpex-inline-block\"><b>Nos autres<br \/>\nProduits en action<\/b><\/span><\/h2>\t<style>.vcex_69e1e7f9cb40c{height:60px;}@media (max-width:1024px){.vcex_69e1e7f9cb40c{height:50px;}}@media (max-width:959px){.vcex_69e1e7f9cb40c{height:40px;}}@media (max-width:767px){.vcex_69e1e7f9cb40c{height:40px;}}@media (max-width:479px){.vcex_69e1e7f9cb40c{height:40px;}}<\/style>\n<div class=\"vcex-spacing wpex-w-100 wpex-clear vcex_69e1e7f9cb40c\"><\/div>[\/vc_column][\/vc_row][vc_row][vc_column]\t\n\t<div class=\"otherprojects-listing otherproducts-listing\">\n\t\t\n\t\t\t\n\t\t\t\t\n\t\t\t\t\t\t\t\t\n\t\t\t\t<a href=\"https:\/\/fama.global\/fr\/produit\/aquaculture\/\" class=\"projects products\">\n\t\t\t\t\t<div class=\"img\">\n\t\t\t\t\t\t<img src=\"https:\/\/fama.global\/wp-content\/uploads\/2025\/04\/agriculture-prodimg10.webp\" alt=\"Aquaculture\" \/>\n\t\t\t\t\t<\/div>\n\t\t\t\t\t<h3 class=\"title\">\n\t\t\t\t\t\tAquaculture\t\t\t\t\t<\/h3>\n\t\t\t\t<\/a>\n\n\n\t\t\t\t\n\t\t\t\t\t\t\t\t\n\t\t\t\t<a href=\"https:\/\/fama.global\/fr\/produit\/serre\/\" class=\"projects products\">\n\t\t\t\t\t<div class=\"img\">\n\t\t\t\t\t\t<img src=\"https:\/\/fama.global\/wp-content\/uploads\/2025\/04\/greenhouse-prodimg2.webp\" alt=\"Serre\" \/>\n\t\t\t\t\t<\/div>\n\t\t\t\t\t<h3 class=\"title\">\n\t\t\t\t\t\tSerre\t\t\t\t\t<\/h3>\n\t\t\t\t<\/a>\n\n\n\t\t\t\t\n\t\t\t\t\t\t\t\t\n\t\t\t\t<a href=\"https:\/\/fama.global\/fr\/produit\/plantation-de-mais-et-de-soja\/\" class=\"projects products\">\n\t\t\t\t\t<div class=\"img\">\n\t\t\t\t\t\t<img src=\"https:\/\/fama.global\/wp-content\/uploads\/2025\/04\/maize-produimg1.webp\" alt=\"Plantation de Ma\u00efs et de Soja\" \/>\n\t\t\t\t\t<\/div>\n\t\t\t\t\t<h3 class=\"title\">\n\t\t\t\t\t\tPlantation de Ma\u00efs et de Soja\t\t\t\t\t<\/h3>\n\t\t\t\t<\/a>\n\n\n\t\t\t\t\n\t\t\t\t\t\t\t\t\n\t\t\t\t<a href=\"https:\/\/fama.global\/fr\/produit\/agriculture-en-plein-champ\/\" class=\"projects products\">\n\t\t\t\t\t<div class=\"img\">\n\t\t\t\t\t\t<img src=\"https:\/\/fama.global\/wp-content\/uploads\/2025\/04\/openfarming-produimg6.webp\" alt=\"Agriculture en Plein Champ\" \/>\n\t\t\t\t\t<\/div>\n\t\t\t\t\t<h3 class=\"title\">\n\t\t\t\t\t\tAgriculture en Plein Champ\t\t\t\t\t<\/h3>\n\t\t\t\t<\/a>\n\n\n\t\t\t\t\n\t\t\t\t\t\t\t\t\n\t\t\t\t<a href=\"https:\/\/fama.global\/fr\/produit\/volaille\/\" class=\"projects products\">\n\t\t\t\t\t<div class=\"img\">\n\t\t\t\t\t\t<img src=\"https:\/\/fama.global\/wp-content\/uploads\/2025\/04\/openfarming-produimg6.webp\" alt=\"Volaille\" \/>\n\t\t\t\t\t<\/div>\n\t\t\t\t\t<h3 class=\"title\">\n\t\t\t\t\t\tVolaille\t\t\t\t\t<\/h3>\n\t\t\t\t<\/a>\n\n\n\t\t\t\n\t\t\t<\/div>\n\t\t\n\n<div class=\"vcex-shortcode wpex-clr\"><\/div>[\/vc_column][\/vc_row][\/vc_section]\n<\/div>","protected":false},"featured_media":1687,"template":"","product-category":[7],"class_list":["post-1815","product","type-product","status-publish","has-post-thumbnail","hentry","product-category-products","entry","has-media"],"acf":[],"yoast_head":"<!-- This site is optimized with the Yoast SEO plugin v25.3 - https:\/\/yoast.com\/wordpress\/plugins\/seo\/ -->\n<title>Aquaculture - Fama Global<\/title>\n<meta name=\"robots\" content=\"index, follow, max-snippet:-1, max-image-preview:large, max-video-preview:-1\" \/>\n<link rel=\"canonical\" href=\"https:\/\/fama.global\/fr\/product\/aquaculture\/\" \/>\n<meta property=\"og:locale\" content=\"fr_FR\" \/>\n<meta property=\"og:type\" content=\"article\" \/>\n<meta property=\"og:title\" content=\"Aquaculture - Fama Global\" \/>\n<meta property=\"og:description\" content=\"[vc_section full_width=\u00a0\u00bbstretch_row\u00a0\u00bb wpex_bg_overlay=\u00a0\u00bbcustom\u00a0\u00bb wpex_bg_overlay_color=\u00a0\u00bb#141413&Prime; wpex_bg_overlay_opacity=\u00a0\u00bb50%\u00a0\u00bb el_class=\u00a0\u00bbinnerbanner-sec\u00a0\u00bb css=\u00a0\u00bb.vc_custom_1744806286923{background-image: url(https:\/\/fama.global\/wp-content\/uploads\/2025\/04\/aquaculture-productbgimg.webp?id=795) !important;background-position: center !important;background-repeat: no-repeat !important;background-size: cover !important;}\u00a0\u00bb][vc_row][vc_column][vc_column_text css=\u00a0\u00bb\u00a0\u00bb]R\u00e9volutionner l\u2019aquaculture \u2014 Pures, nutritives et \u00e9lev\u00e9es de mani\u00e8re durable.[\/vc_column_text][\/vc_column][\/vc_row][\/vc_section][vc_section full_width=\u00a0\u00bbstretch_row\u00a0\u00bb el_class=\u00a0\u00bbwhoweare-sec pt-80 pb-80&Prime;][vc_row content_placement=\u00a0\u00bbmiddle\u00a0\u00bb][vc_column offset=\u00a0\u00bbvc_col-lg-8&Prime;][vc_column_text css=\u00a0\u00bb\u00a0\u00bb]Chez FAMA, nous sommes fiers de proposer des poissons de haute qualit\u00e9, issus d\u2019une aquaculture durable, au service de la s\u00e9curit\u00e9 alimentaire locale et&hellip;\" \/>\n<meta property=\"og:url\" content=\"https:\/\/fama.global\/fr\/product\/aquaculture\/\" \/>\n<meta property=\"og:site_name\" content=\"Fama Global\" \/>\n<meta property=\"article:modified_time\" content=\"2025-06-11T09:38:57+00:00\" \/>\n<meta property=\"og:image\" content=\"https:\/\/fama.global\/wp-content\/uploads\/2025\/04\/agriculture-prodimg10.webp\" \/>\n\t<meta property=\"og:image:width\" content=\"516\" \/>\n\t<meta property=\"og:image:height\" content=\"516\" \/>\n\t<meta property=\"og:image:type\" content=\"image\/webp\" \/>\n<meta name=\"twitter:card\" content=\"summary_large_image\" \/>\n<meta name=\"twitter:label1\" content=\"Dur\u00e9e de lecture estim\u00e9e\" \/>\n\t<meta name=\"twitter:data1\" content=\"1 minute\" \/>\n<script type=\"application\/ld+json\" class=\"yoast-schema-graph\">{\"@context\":\"https:\/\/schema.org\",\"@graph\":[{\"@type\":\"WebPage\",\"@id\":\"https:\/\/fama.global\/fr\/product\/aquaculture\/\",\"url\":\"https:\/\/fama.global\/fr\/product\/aquaculture\/\",\"name\":\"Aquaculture - Fama Global\",\"isPartOf\":{\"@id\":\"https:\/\/fama.global\/#website\"},\"primaryImageOfPage\":{\"@id\":\"https:\/\/fama.global\/fr\/product\/aquaculture\/#primaryimage\"},\"image\":{\"@id\":\"https:\/\/fama.global\/fr\/product\/aquaculture\/#primaryimage\"},\"thumbnailUrl\":\"https:\/\/fama.global\/wp-content\/uploads\/2025\/04\/agriculture-prodimg10.webp\",\"datePublished\":\"2025-04-21T09:00:36+00:00\",\"dateModified\":\"2025-06-11T09:38:57+00:00\",\"breadcrumb\":{\"@id\":\"https:\/\/fama.global\/fr\/product\/aquaculture\/#breadcrumb\"},\"inLanguage\":\"fr-FR\",\"potentialAction\":[{\"@type\":\"ReadAction\",\"target\":[\"https:\/\/fama.global\/fr\/product\/aquaculture\/\"]}]},{\"@type\":\"ImageObject\",\"inLanguage\":\"fr-FR\",\"@id\":\"https:\/\/fama.global\/fr\/product\/aquaculture\/#primaryimage\",\"url\":\"https:\/\/fama.global\/wp-content\/uploads\/2025\/04\/agriculture-prodimg10.webp\",\"contentUrl\":\"https:\/\/fama.global\/wp-content\/uploads\/2025\/04\/agriculture-prodimg10.webp\",\"width\":516,\"height\":516},{\"@type\":\"BreadcrumbList\",\"@id\":\"https:\/\/fama.global\/fr\/product\/aquaculture\/#breadcrumb\",\"itemListElement\":[{\"@type\":\"ListItem\",\"position\":1,\"name\":\"Accueil\",\"item\":\"https:\/\/fama.global\/fr\/\"},{\"@type\":\"ListItem\",\"position\":2,\"name\":\"Products\",\"item\":\"https:\/\/fama.global\/product-category\/products\/\"},{\"@type\":\"ListItem\",\"position\":3,\"name\":\"Aquaculture\"}]},{\"@type\":\"WebSite\",\"@id\":\"https:\/\/fama.global\/#website\",\"url\":\"https:\/\/fama.global\/\",\"name\":\"Fama Global\",\"description\":\"\",\"publisher\":{\"@id\":\"https:\/\/fama.global\/#organization\"},\"potentialAction\":[{\"@type\":\"SearchAction\",\"target\":{\"@type\":\"EntryPoint\",\"urlTemplate\":\"https:\/\/fama.global\/?s={search_term_string}\"},\"query-input\":{\"@type\":\"PropertyValueSpecification\",\"valueRequired\":true,\"valueName\":\"search_term_string\"}}],\"inLanguage\":\"fr-FR\"},{\"@type\":\"Organization\",\"@id\":\"https:\/\/fama.global\/#organization\",\"name\":\"Fama Global\",\"url\":\"https:\/\/fama.global\/\",\"logo\":{\"@type\":\"ImageObject\",\"inLanguage\":\"fr-FR\",\"@id\":\"https:\/\/fama.global\/#\/schema\/logo\/image\/\",\"url\":\"https:\/\/fama.global\/wp-content\/uploads\/2025\/03\/site-logo.svg\",\"contentUrl\":\"https:\/\/fama.global\/wp-content\/uploads\/2025\/03\/site-logo.svg\",\"caption\":\"Fama Global\"},\"image\":{\"@id\":\"https:\/\/fama.global\/#\/schema\/logo\/image\/\"}}]}<\/script>\n<!-- \/ Yoast SEO plugin. -->","yoast_head_json":{"title":"Aquaculture - Fama Global","robots":{"index":"index","follow":"follow","max-snippet":"max-snippet:-1","max-image-preview":"max-image-preview:large","max-video-preview":"max-video-preview:-1"},"canonical":"https:\/\/fama.global\/fr\/product\/aquaculture\/","og_locale":"fr_FR","og_type":"article","og_title":"Aquaculture - Fama Global","og_description":"[vc_section full_width=\u00a0\u00bbstretch_row\u00a0\u00bb wpex_bg_overlay=\u00a0\u00bbcustom\u00a0\u00bb wpex_bg_overlay_color=\u00a0\u00bb#141413&Prime; wpex_bg_overlay_opacity=\u00a0\u00bb50%\u00a0\u00bb el_class=\u00a0\u00bbinnerbanner-sec\u00a0\u00bb css=\u00a0\u00bb.vc_custom_1744806286923{background-image: url(https:\/\/fama.global\/wp-content\/uploads\/2025\/04\/aquaculture-productbgimg.webp?id=795) !important;background-position: center !important;background-repeat: no-repeat !important;background-size: cover !important;}\u00a0\u00bb][vc_row][vc_column][vc_column_text css=\u00a0\u00bb\u00a0\u00bb]R\u00e9volutionner l\u2019aquaculture \u2014 Pures, nutritives et \u00e9lev\u00e9es de mani\u00e8re durable.[\/vc_column_text][\/vc_column][\/vc_row][\/vc_section][vc_section full_width=\u00a0\u00bbstretch_row\u00a0\u00bb el_class=\u00a0\u00bbwhoweare-sec pt-80 pb-80&Prime;][vc_row content_placement=\u00a0\u00bbmiddle\u00a0\u00bb][vc_column offset=\u00a0\u00bbvc_col-lg-8&Prime;][vc_column_text css=\u00a0\u00bb\u00a0\u00bb]Chez FAMA, nous sommes fiers de proposer des poissons de haute qualit\u00e9, issus d\u2019une aquaculture durable, au service de la s\u00e9curit\u00e9 alimentaire locale et&hellip;","og_url":"https:\/\/fama.global\/fr\/product\/aquaculture\/","og_site_name":"Fama Global","article_modified_time":"2025-06-11T09:38:57+00:00","og_image":[{"width":516,"height":516,"url":"https:\/\/fama.global\/wp-content\/uploads\/2025\/04\/agriculture-prodimg10.webp","type":"image\/webp"}],"twitter_card":"summary_large_image","twitter_misc":{"Dur\u00e9e de lecture estim\u00e9e":"1 minute"},"schema":{"@context":"https:\/\/schema.org","@graph":[{"@type":"WebPage","@id":"https:\/\/fama.global\/fr\/product\/aquaculture\/","url":"https:\/\/fama.global\/fr\/product\/aquaculture\/","name":"Aquaculture - Fama Global","isPartOf":{"@id":"https:\/\/fama.global\/#website"},"primaryImageOfPage":{"@id":"https:\/\/fama.global\/fr\/product\/aquaculture\/#primaryimage"},"image":{"@id":"https:\/\/fama.global\/fr\/product\/aquaculture\/#primaryimage"},"thumbnailUrl":"https:\/\/fama.global\/wp-content\/uploads\/2025\/04\/agriculture-prodimg10.webp","datePublished":"2025-04-21T09:00:36+00:00","dateModified":"2025-06-11T09:38:57+00:00","breadcrumb":{"@id":"https:\/\/fama.global\/fr\/product\/aquaculture\/#breadcrumb"},"inLanguage":"fr-FR","potentialAction":[{"@type":"ReadAction","target":["https:\/\/fama.global\/fr\/product\/aquaculture\/"]}]},{"@type":"ImageObject","inLanguage":"fr-FR","@id":"https:\/\/fama.global\/fr\/product\/aquaculture\/#primaryimage","url":"https:\/\/fama.global\/wp-content\/uploads\/2025\/04\/agriculture-prodimg10.webp","contentUrl":"https:\/\/fama.global\/wp-content\/uploads\/2025\/04\/agriculture-prodimg10.webp","width":516,"height":516},{"@type":"BreadcrumbList","@id":"https:\/\/fama.global\/fr\/product\/aquaculture\/#breadcrumb","itemListElement":[{"@type":"ListItem","position":1,"name":"Accueil","item":"https:\/\/fama.global\/fr\/"},{"@type":"ListItem","position":2,"name":"Products","item":"https:\/\/fama.global\/product-category\/products\/"},{"@type":"ListItem","position":3,"name":"Aquaculture"}]},{"@type":"WebSite","@id":"https:\/\/fama.global\/#website","url":"https:\/\/fama.global\/","name":"Fama Global","description":"","publisher":{"@id":"https:\/\/fama.global\/#organization"},"potentialAction":[{"@type":"SearchAction","target":{"@type":"EntryPoint","urlTemplate":"https:\/\/fama.global\/?s={search_term_string}"},"query-input":{"@type":"PropertyValueSpecification","valueRequired":true,"valueName":"search_term_string"}}],"inLanguage":"fr-FR"},{"@type":"Organization","@id":"https:\/\/fama.global\/#organization","name":"Fama Global","url":"https:\/\/fama.global\/","logo":{"@type":"ImageObject","inLanguage":"fr-FR","@id":"https:\/\/fama.global\/#\/schema\/logo\/image\/","url":"https:\/\/fama.global\/wp-content\/uploads\/2025\/03\/site-logo.svg","contentUrl":"https:\/\/fama.global\/wp-content\/uploads\/2025\/03\/site-logo.svg","caption":"Fama Global"},"image":{"@id":"https:\/\/fama.global\/#\/schema\/logo\/image\/"}}]}},"_links":{"self":[{"href":"https:\/\/fama.global\/fr\/wp-json\/wp\/v2\/product\/1815","targetHints":{"allow":["GET"]}}],"collection":[{"href":"https:\/\/fama.global\/fr\/wp-json\/wp\/v2\/product"}],"about":[{"href":"https:\/\/fama.global\/fr\/wp-json\/wp\/v2\/types\/product"}],"wp:featuredmedia":[{"embeddable":true,"href":"https:\/\/fama.global\/fr\/wp-json\/wp\/v2\/media\/1687"}],"wp:attachment":[{"href":"https:\/\/fama.global\/fr\/wp-json\/wp\/v2\/media?parent=1815"}],"wp:term":[{"taxonomy":"product-category","embeddable":true,"href":"https:\/\/fama.global\/fr\/wp-json\/wp\/v2\/product-category?post=1815"}],"curies":[{"name":"wp","href":"https:\/\/api.w.org\/{rel}","templated":true}]}}