{"id":1896,"date":"2025-03-31T09:36:17","date_gmt":"2025-03-31T09:36:17","guid":{"rendered":"https:\/\/fama.global\/terms-conditions\/"},"modified":"2025-06-11T11:45:11","modified_gmt":"2025-06-11T11:45:11","slug":"conditions-generales","status":"publish","type":"page","link":"https:\/\/fama.global\/fr\/conditions-generales\/","title":{"rendered":"Conditions g\u00e9n\u00e9rales"},"content":{"rendered":"<div class=\"wpb-content-wrapper\">[vc_section full_width=\u00a0\u00bbstretch_row\u00a0\u00bb wpex_bg_overlay=\u00a0\u00bbcustom\u00a0\u00bb wpex_bg_overlay_color=\u00a0\u00bb#141413&Prime; wpex_bg_overlay_opacity=\u00a0\u00bb50%\u00a0\u00bb el_class=\u00a0\u00bbinnerbanner-sec staticpage-banner\u00a0\u00bb css=\u00a0\u00bb.vc_custom_1746432800588{background-image: url(https:\/\/fama.global\/wp-content\/uploads\/2025\/04\/caree-bgimg.webp?id=840) !important;background-position: center !important;background-repeat: no-repeat !important;background-size: cover !important;}\u00a0\u00bb][vc_row][vc_column]<h1 class=\"vcex-heading vcex-heading-plain vcex-module wpex-heading wpex-text-2xl\"><span class=\"vcex-heading-inner wpex-inline-block\">Conditions g\u00e9n\u00e9rales<\/span><\/h1>[\/vc_column][\/vc_row][\/vc_section][vc_section full_width=\u00a0\u00bbstretch_row\u00a0\u00bb el_class=\u00a0\u00bbstaticcontent-sec pt-80 pb-80&Prime;][vc_row][vc_column][vc_column_text css=\u00a0\u00bb\u00a0\u00bb]Derni\u00e8re mise \u00e0 jour\u00a0: 22\u00a0avril\u00a02025<\/p>\n<p>Veuillez lire attentivement les pr\u00e9sentes conditions g\u00e9n\u00e9rales avant d\u2019utiliser notre service.<\/p>\n<h2>Interpr\u00e9tation et d\u00e9finitions<\/h2>\n<h3>Interpr\u00e9tation<\/h3>\n<p>Les mots dont la premi\u00e8re lettre est une majuscule ont la m\u00eame signification dans les conditions suivantes. Les d\u00e9finitions suivantes ont la m\u00eame signification, qu\u2019elles soient au singulier ou au pluriel.<\/p>\n<h3>D\u00e9finitions<\/h3>\n<p>Aux fins des pr\u00e9sentes Conditions g\u00e9n\u00e9rales\u00a0:<\/p>\n<ul>\n<li><strong>Affili\u00e9<\/strong> d\u00e9signe une entit\u00e9 qui contr\u00f4le, est contr\u00f4l\u00e9e par ou est sous contr\u00f4le commun avec une partie, o\u00f9 \u00ab\u00a0contr\u00f4le\u00a0\u00bb signifie la d\u00e9tention de 50\u00a0% ou plus des actions, des participations ou d\u2019autres titres donnant droit de vote pour l\u2019\u00e9lection des administrateurs ou d\u2019autres organes de gestion.<\/li>\n<li><strong>Pays<\/strong> d\u00e9signe l\u2019Afrique du Sud.<\/li>\n<li><strong>Soci\u00e9t\u00e9<\/strong> (d\u00e9sign\u00e9e par \u00ab\u00a0la Soci\u00e9t\u00e9\u00a0\u00bb, \u00ab\u00a0Nous\u00a0\u00bb, \u00ab\u00a0Notre\u00a0\u00bb ou \u00ab\u00a0Nos\u00a0\u00bb dans le pr\u00e9sent Contrat) d\u00e9signe Fama Global.<\/li>\n<li><strong>Appareil<\/strong> d\u00e9signe tout appareil permettant d\u2019acc\u00e9der au Service, tel qu\u2019un ordinateur, un t\u00e9l\u00e9phone portable ou une tablette num\u00e9rique.<\/li>\n<li><strong>Service<\/strong> d\u00e9signe le site Web.<\/li>\n<li><strong>Conditions g\u00e9n\u00e9rales<\/strong> (\u00e9galement appel\u00e9es \u00ab Conditions \u00bb) d\u00e9signe les pr\u00e9sentes Conditions g\u00e9n\u00e9rales qui constituent l&rsquo;int\u00e9gralit\u00e9 de l&rsquo;accord entre vous et la Soci\u00e9t\u00e9 concernant l&rsquo;utilisation du Service. Les pr\u00e9sentes Conditions g\u00e9n\u00e9rales ont \u00e9t\u00e9 cr\u00e9\u00e9es \u00e0 l&rsquo;aide du <a href=\"https:\/\/www.termsfeed.com\/terms-conditions-generator\/\" target=\"_blank\" rel=\"noopener\">G\u00e9n\u00e9rateur de Conditions g\u00e9n\u00e9rales<\/a>.<\/li>\n<li><strong>Service de m\u00e9dias sociaux tiers<\/strong>\u00a0d\u00e9signe tout service ou contenu (y compris les donn\u00e9es, informations, produits ou services) fourni par un tiers et susceptible d&rsquo;\u00eatre affich\u00e9, inclus ou mis \u00e0 disposition par le Service.<\/li>\n<li><strong>Site web<\/strong>\u00a0d\u00e9signe Fama Global, accessible depuis\u00a0<a href=\"https:\/\/fama.global\/fr\/\" rel=\"external nofollow noopener\">https:\/\/fama.global\/fr\/<\/a><\/li>\n<li><strong>Vous<\/strong>\u00a0d\u00e9signe la personne qui acc\u00e8de au Service ou l&rsquo;utilise, ou la soci\u00e9t\u00e9 ou toute autre entit\u00e9 juridique pour le compte de laquelle cette personne acc\u00e8de au Service ou l&rsquo;utilise, comme applicable.<\/li>\n<\/ul>\n<h2>Reconnaissance<\/h2>\n<p>Les pr\u00e9sentes Conditions g\u00e9n\u00e9rales r\u00e9gissent l&rsquo;utilisation de ce Service et constituent l&rsquo;accord entre Vous et la Soci\u00e9t\u00e9. Elles d\u00e9finissent les droits et obligations de tous les utilisateurs concernant l&rsquo;utilisation du Service.<\/p>\n<p>Votre acc\u00e8s au Service et son utilisation sont conditionn\u00e9s par votre acceptation et votre respect des pr\u00e9sentes Conditions g\u00e9n\u00e9rales. Ces Conditions g\u00e9n\u00e9rales s&rsquo;appliquent \u00e0 tous les visiteurs, utilisateurs et autres personnes qui acc\u00e8dent au Service ou l&rsquo;utilisent.<\/p>\n<p>En acc\u00e9dant au Service ou en l&rsquo;utilisant, vous acceptez d&rsquo;\u00eatre li\u00e9 par les pr\u00e9sentes Conditions g\u00e9n\u00e9rales. Si vous n&rsquo;\u00eates pas d&rsquo;accord avec une quelconque partie de ces Conditions g\u00e9n\u00e9rales, vous ne pouvez pas acc\u00e9der au Service.<\/p>\n<p>Vous d\u00e9clarez avoir plus de 18 ans. La Soci\u00e9t\u00e9 n&rsquo;autorise pas les personnes de moins de 18 ans \u00e0 utiliser le Service.<\/p>\n<p>Votre acc\u00e8s au Service et son utilisation sont \u00e9galement conditionn\u00e9s par votre acceptation et votre respect de la Politique de confidentialit\u00e9 de la Soci\u00e9t\u00e9. Notre Politique de confidentialit\u00e9 d\u00e9crit nos politiques et proc\u00e9dures relatives \u00e0 la collecte, \u00e0 l&rsquo;utilisation et \u00e0 la divulgation de vos informations personnelles lorsque vous utilisez l&rsquo;Application ou le Site web. Elle vous informe de vos droits en mati\u00e8re de confidentialit\u00e9 et de la mani\u00e8re dont la loi vous prot\u00e8ge. Veuillez lire attentivement notre Politique de confidentialit\u00e9 avant d&rsquo;utiliser notre Service.<\/p>\n<h2>Liens vers d&rsquo;autres sites web<\/h2>\n<p>Notre Service peut contenir des liens vers des sites web ou des services tiers qui ne sont ni d\u00e9tenus ni contr\u00f4l\u00e9s par la Soci\u00e9t\u00e9.<\/p>\n<p>La Soci\u00e9t\u00e9 n&rsquo;exerce aucun contr\u00f4le sur le contenu, les politiques de confidentialit\u00e9 ou les pratiques de ces sites web ou services tiers et n&rsquo;assume aucune responsabilit\u00e9 \u00e0 leur \u00e9gard. Vous reconnaissez et acceptez en outre que la Soci\u00e9t\u00e9 ne saurait \u00eatre tenue responsable, directement ou indirectement, de tout dommage ou perte caus\u00e9 ou pr\u00e9tendument caus\u00e9 par ou en lien avec l&rsquo;utilisation ou la confiance accord\u00e9e \u00e0 ces contenus, biens ou services disponibles sur ou via ces sites web ou services.<\/p>\n<p>Nous vous recommandons vivement de lire les conditions g\u00e9n\u00e9rales et les politiques de confidentialit\u00e9 de tout site web ou service tiers que vous consultez.<\/p>\n<h2>R\u00e9siliation<\/h2>\n<p>Nous pouvons r\u00e9silier ou suspendre votre acc\u00e8s imm\u00e9diatement, sans pr\u00e9avis ni responsabilit\u00e9, pour quelque raison que ce soit, y compris, sans limitation, en cas de violation des pr\u00e9sentes Conditions g\u00e9n\u00e9rales.<\/p>\n<p>En cas de r\u00e9siliation, votre droit d&rsquo;utiliser le Service cessera imm\u00e9diatement.<\/p>\n<h2>Limitation de responsabilit\u00e9<\/h2>\n<p>Nonobstant tout dommage que vous pourriez subir, l&rsquo;enti\u00e8re responsabilit\u00e9 de la Soci\u00e9t\u00e9 et de ses fournisseurs en vertu des pr\u00e9sentes Conditions et votre recours exclusif pour tout ce qui pr\u00e9c\u00e8de seront limit\u00e9s au montant effectivement pay\u00e9 par vous via le Service ou \u00e0 100 USD si vous n&rsquo;avez rien achet\u00e9 via le Service.<\/p>\n<p>Dans la mesure maximale permise par la loi applicable, en aucun cas la Soci\u00e9t\u00e9 ou ses fournisseurs ne pourront \u00eatre tenus responsables de dommages sp\u00e9ciaux, accessoires, indirects ou cons\u00e9cutifs quels qu&rsquo;ils soient (y compris, mais sans s&rsquo;y limiter, les dommages pour perte de profits, perte de donn\u00e9es ou autres informations, pour interruption d&rsquo;activit\u00e9, pour blessure corporelle, perte de confidentialit\u00e9 d\u00e9coulant de ou li\u00e9e de quelque mani\u00e8re que ce soit \u00e0 l&rsquo;utilisation ou \u00e0 l&rsquo;impossibilit\u00e9 d&rsquo;utiliser le Service, les logiciels tiers et\/ou le mat\u00e9riel tiers utilis\u00e9s avec le Service, ou autrement en relation avec toute disposition des pr\u00e9sentes Conditions), m\u00eame si la Soci\u00e9t\u00e9 ou tout fournisseur a \u00e9t\u00e9 inform\u00e9 de la possibilit\u00e9 de tels dommages et m\u00eame si le recours \u00e9choue \u00e0 son objectif essentiel.<\/p>\n<p>Certains \u00c9tats n&rsquo;autorisent pas l&rsquo;exclusion des garanties implicites ni la limitation de responsabilit\u00e9 pour les dommages accessoires ou indirects, ce qui signifie que certaines des limitations ci-dessus peuvent ne pas s&rsquo;appliquer. Dans ces \u00c9tats, la responsabilit\u00e9 de chaque partie sera limit\u00e9e dans toute la mesure permise par la loi.<\/p>\n<h2>Avis de non-responsabilit\u00e9 \u00ab\u00a0EN L&rsquo;\u00c9TAT\u00a0\u00bb et \u00ab\u00a0TEL QUE DISPONIBLE\u00a0\u00bb<\/h2>\n<p>Le Service vous est fourni \u00ab\u00a0EN L&rsquo;\u00c9TAT\u00a0\u00bb et \u00ab\u00a0TEL QUE DISPONIBLE\u00a0\u00bb, avec tous ses d\u00e9fauts et vices, sans garantie d&rsquo;aucune sorte. Dans toute la mesure permise par la loi applicable, la Soci\u00e9t\u00e9, en son nom propre et au nom de ses Soci\u00e9t\u00e9s affili\u00e9es et de leurs conc\u00e9dants de licence et prestataires de services respectifs, d\u00e9cline express\u00e9ment toute garantie, expresse, implicite, l\u00e9gale ou autre, concernant le Service, y compris toutes les garanties implicites de qualit\u00e9 marchande, d&rsquo;ad\u00e9quation \u00e0 un usage particulier, de titre et de non-contrefa\u00e7on, ainsi que les garanties pouvant d\u00e9couler de transactions, de modes d&rsquo;ex\u00e9cution, d&rsquo;usages ou de pratiques commerciales. Sans limitation de ce qui pr\u00e9c\u00e8de, la Soci\u00e9t\u00e9 ne fournit aucune garantie ni aucun engagement, et ne fait aucune d\u00e9claration de quelque nature que ce soit, quant \u00e0 la conformit\u00e9 du Service \u00e0 vos exigences, \u00e0 l&rsquo;obtention des r\u00e9sultats escompt\u00e9s, \u00e0 sa compatibilit\u00e9 ou \u00e0 son fonctionnement avec d&rsquo;autres logiciels, applications, syst\u00e8mes ou services, \u00e0 son fonctionnement ininterrompu, \u00e0 son respect des normes de performance ou de fiabilit\u00e9, \u00e0 son absence d&rsquo;erreurs, ni quant \u00e0 la possibilit\u00e9 ou au caract\u00e8re corrigible des erreurs ou d\u00e9fauts.<\/p>\n<p>Sans limitation de ce qui pr\u00e9c\u00e8de, ni la Soci\u00e9t\u00e9 ni aucun de ses fournisseurs ne font aucune d\u00e9claration ni ne donnent aucune garantie, expresse ou implicite\u00a0: (i) quant au fonctionnement ou \u00e0 la disponibilit\u00e9 du Service, ou des informations, contenus, mat\u00e9riels ou produits qui y sont inclus\u00a0; (ii) quant au fonctionnement ininterrompu ou exempt d&rsquo;erreurs du Service\u00a0; (iii) quant \u00e0 l&rsquo;exactitude, la fiabilit\u00e9 ou l&rsquo;actualit\u00e9 des informations ou contenus fournis via le Service\u00a0; ou (iv) quant \u00e0 l&rsquo;absence de virus, scripts, chevaux de Troie, vers, logiciels malveillants, bombes \u00e0 retardement ou autres composants nuisibles dans le Service, ses serveurs, son contenu ou les e-mails envoy\u00e9s par ou au nom de la Soci\u00e9t\u00e9.<\/p>\n<p>Certaines juridictions n&rsquo;autorisent pas l&rsquo;exclusion de certains types de garanties ou limitations des droits statutaires applicables d&rsquo;un consommateur. Il est donc possible que certaines, voire la totalit\u00e9, des exclusions et limitations ci-dessus ne vous soient pas applicables. Dans ce cas, les exclusions et limitations \u00e9nonc\u00e9es dans la pr\u00e9sente section s&rsquo;appliqueront dans toute la mesure permise par la loi applicable.<\/p>\n<h2>Loi applicable<\/h2>\n<p>Les lois du pays, \u00e0 l&rsquo;exclusion de ses r\u00e8gles de conflit de lois, r\u00e9gissent les pr\u00e9sentes Conditions et votre utilisation du Service. Votre utilisation de l&rsquo;Application peut \u00e9galement \u00eatre soumise \u00e0 d&rsquo;autres lois locales, \u00e9tatiques, nationales ou internationales.<\/p>\n<h2>R\u00e8glement des litiges<\/h2>\n<p>En cas de pr\u00e9occupation ou de litige concernant le Service, vous acceptez de tenter d&rsquo;abord de le r\u00e9soudre de mani\u00e8re informelle en contactant la Soci\u00e9t\u00e9.<\/p>\n<h2>Pour les utilisateurs de l&rsquo;Union europ\u00e9enne (UE)<\/h2>\n<p>Si vous \u00eates un consommateur de l&rsquo;Union europ\u00e9enne, vous b\u00e9n\u00e9ficierez de toutes les dispositions obligatoires de la loi de votre pays de r\u00e9sidence.<\/p>\n<h2>Conformit\u00e9 juridique des \u00c9tats-Unis<\/h2>\n<p>Vous d\u00e9clarez et garantissez que (i) vous ne r\u00e9sidez pas dans un pays soumis \u00e0 l&#8217;embargo des \u00c9tats-Unis ou d\u00e9sign\u00e9 par le gouvernement des \u00c9tats-Unis comme pays soutenant le terrorisme\u00a0; et (ii) vous ne figurez sur aucune liste de parties interdites ou soumises \u00e0 des restrictions.<\/p>\n<h2>Divisibilit\u00e9 et renonciation<\/h2>\n<h3>Divisibilit\u00e9<\/h3>\n<p>Si une disposition des pr\u00e9sentes Conditions est jug\u00e9e inapplicable ou invalide, elle sera modifi\u00e9e et interpr\u00e9t\u00e9e de mani\u00e8re \u00e0 atteindre ses objectifs dans toute la mesure du possible conform\u00e9ment \u00e0 la loi applicable, et les autres dispositions resteront pleinement en vigueur.<\/p>\n<h3>Renonciation<\/h3>\n<p>Sauf disposition contraire des pr\u00e9sentes, le d\u00e9faut d&rsquo;exercer un droit ou d&rsquo;exiger l&rsquo;ex\u00e9cution d&rsquo;une obligation en vertu des pr\u00e9sentes Conditions n&rsquo;affectera pas la capacit\u00e9 d&rsquo;une partie \u00e0 exercer ce droit ou \u00e0 exiger cette ex\u00e9cution ult\u00e9rieurement, et la renonciation \u00e0 un manquement ne constituera pas une renonciation \u00e0 tout manquement ult\u00e9rieur.<\/p>\n<h2>Traduction et interpr\u00e9tation<\/h2>\n<p>Les pr\u00e9sentes Conditions g\u00e9n\u00e9rales peuvent avoir \u00e9t\u00e9 traduites si nous les avons mises \u00e0 votre disposition sur notre Service. Vous acceptez que le texte original en anglais pr\u00e9vale en cas de litige.<\/p>\n<h2>Modifications des pr\u00e9sentes Conditions g\u00e9n\u00e9rales<\/h2>\n<p>Nous nous r\u00e9servons le droit, \u00e0 notre enti\u00e8re discr\u00e9tion, de modifier ou de remplacer les pr\u00e9sentes Conditions \u00e0 tout moment. Si une r\u00e9vision est importante, nous mettrons tout en \u0153uvre pour vous en informer au moins 30 jours \u00e0 l&rsquo;avance. La d\u00e9finition d&rsquo;une modification importante sera d\u00e9termin\u00e9e \u00e0 notre enti\u00e8re discr\u00e9tion.<\/p>\n<p>En continuant \u00e0 acc\u00e9der \u00e0 notre Service ou \u00e0 l&rsquo;utiliser apr\u00e8s l&rsquo;entr\u00e9e en vigueur de ces r\u00e9visions, vous acceptez d&rsquo;\u00eatre li\u00e9 par les conditions r\u00e9vis\u00e9es. Si vous n&rsquo;acceptez pas les nouvelles conditions, en tout ou en partie, veuillez cesser d&rsquo;utiliser le site web et le Service.<\/p>\n<h2>Nous contacter<\/h2>\n<p>Pour toute question concernant les pr\u00e9sentes Conditions g\u00e9n\u00e9rales, vous pouvez nous contacter\u00a0:<\/p>\n<ul>\n<li>En consultant cette page sur notre site web\u00a0:\u00a0<a href=\"https:\/\/fama.global\/fr\/contactez-nous\/\" target=\"_blank\" rel=\"external nofollow noopener\">https:\/\/fama.global\/fr\/contactez-nous\/<\/a><\/li>\n<\/ul>\n[\/vc_column_text][\/vc_column][\/vc_row][\/vc_section]\n<\/div>","protected":false},"excerpt":{"rendered":"<p>[vc_section full_width=\u00a0\u00bbstretch_row\u00a0\u00bb wpex_bg_overlay=\u00a0\u00bbcustom\u00a0\u00bb wpex_bg_overlay_color=\u00a0\u00bb#141413&Prime; wpex_bg_overlay_opacity=\u00a0\u00bb50%\u00a0\u00bb el_class=\u00a0\u00bbinnerbanner-sec staticpage-banner\u00a0\u00bb css=\u00a0\u00bb.vc_custom_1746432800588{background-image: url(https:\/\/fama.global\/wp-content\/uploads\/2025\/04\/caree-bgimg.webp?id=840) !important;background-position: center !important;background-repeat: no-repeat !important;background-size: cover !important;}\u00a0\u00bb][vc_row][vc_column][\/vc_column][\/vc_row][\/vc_section][vc_section full_width=\u00a0\u00bbstretch_row\u00a0\u00bb el_class=\u00a0\u00bbstaticcontent-sec pt-80 pb-80&Prime;][vc_row][vc_column][vc_column_text css=\u00a0\u00bb\u00a0\u00bb]Derni\u00e8re mise \u00e0 jour\u00a0: 22\u00a0avril\u00a02025 Veuillez lire attentivement les pr\u00e9sentes conditions g\u00e9n\u00e9rales avant d\u2019utiliser notre service. Interpr\u00e9tation et d\u00e9finitions Interpr\u00e9tation Les mots dont la premi\u00e8re lettre est une majuscule ont la m\u00eame signification dans les&hellip;<\/p>\n","protected":false},"author":1,"featured_media":0,"parent":0,"menu_order":0,"comment_status":"closed","ping_status":"closed","template":"","meta":{"inline_featured_image":false,"footnotes":""},"class_list":["post-1896","page","type-page","status-publish","hentry","entry","no-media"],"acf":[],"yoast_head":"<!-- This site is optimized with the Yoast SEO plugin v25.3 - https:\/\/yoast.com\/wordpress\/plugins\/seo\/ -->\n<title>Conditions g\u00e9n\u00e9rales - Fama Global<\/title>\n<meta name=\"robots\" content=\"index, follow, max-snippet:-1, max-image-preview:large, max-video-preview:-1\" \/>\n<link rel=\"canonical\" href=\"https:\/\/fama.global\/fr\/conditions-generales\/\" \/>\n<meta property=\"og:locale\" content=\"fr_FR\" \/>\n<meta property=\"og:type\" content=\"article\" \/>\n<meta property=\"og:title\" content=\"Conditions g\u00e9n\u00e9rales - Fama Global\" \/>\n<meta property=\"og:description\" content=\"[vc_section full_width=\u00a0\u00bbstretch_row\u00a0\u00bb wpex_bg_overlay=\u00a0\u00bbcustom\u00a0\u00bb wpex_bg_overlay_color=\u00a0\u00bb#141413&Prime; wpex_bg_overlay_opacity=\u00a0\u00bb50%\u00a0\u00bb el_class=\u00a0\u00bbinnerbanner-sec staticpage-banner\u00a0\u00bb css=\u00a0\u00bb.vc_custom_1746432800588{background-image: url(https:\/\/fama.global\/wp-content\/uploads\/2025\/04\/caree-bgimg.webp?id=840) !important;background-position: center !important;background-repeat: no-repeat !important;background-size: cover !important;}\u00a0\u00bb][vc_row][vc_column][\/vc_column][\/vc_row][\/vc_section][vc_section full_width=\u00a0\u00bbstretch_row\u00a0\u00bb el_class=\u00a0\u00bbstaticcontent-sec pt-80 pb-80&Prime;][vc_row][vc_column][vc_column_text css=\u00a0\u00bb\u00a0\u00bb]Derni\u00e8re mise \u00e0 jour\u00a0: 22\u00a0avril\u00a02025 Veuillez lire attentivement les pr\u00e9sentes conditions g\u00e9n\u00e9rales avant d\u2019utiliser notre service. Interpr\u00e9tation et d\u00e9finitions Interpr\u00e9tation Les mots dont la premi\u00e8re lettre est une majuscule ont la m\u00eame signification dans les&hellip;\" \/>\n<meta property=\"og:url\" content=\"https:\/\/fama.global\/fr\/conditions-generales\/\" \/>\n<meta property=\"og:site_name\" content=\"Fama Global\" \/>\n<meta property=\"article:modified_time\" content=\"2025-06-11T11:45:11+00:00\" \/>\n<meta name=\"twitter:card\" content=\"summary_large_image\" \/>\n<meta name=\"twitter:label1\" content=\"Dur\u00e9e de lecture estim\u00e9e\" \/>\n\t<meta name=\"twitter:data1\" content=\"8 minutes\" \/>\n<script type=\"application\/ld+json\" class=\"yoast-schema-graph\">{\"@context\":\"https:\/\/schema.org\",\"@graph\":[{\"@type\":\"WebPage\",\"@id\":\"https:\/\/fama.global\/fr\/conditions-generales\/\",\"url\":\"https:\/\/fama.global\/fr\/conditions-generales\/\",\"name\":\"Conditions g\u00e9n\u00e9rales - Fama Global\",\"isPartOf\":{\"@id\":\"https:\/\/fama.global\/#website\"},\"datePublished\":\"2025-03-31T09:36:17+00:00\",\"dateModified\":\"2025-06-11T11:45:11+00:00\",\"breadcrumb\":{\"@id\":\"https:\/\/fama.global\/fr\/conditions-generales\/#breadcrumb\"},\"inLanguage\":\"fr-FR\",\"potentialAction\":[{\"@type\":\"ReadAction\",\"target\":[\"https:\/\/fama.global\/fr\/conditions-generales\/\"]}]},{\"@type\":\"BreadcrumbList\",\"@id\":\"https:\/\/fama.global\/fr\/conditions-generales\/#breadcrumb\",\"itemListElement\":[{\"@type\":\"ListItem\",\"position\":1,\"name\":\"Accueil\",\"item\":\"https:\/\/fama.global\/fr\/\"},{\"@type\":\"ListItem\",\"position\":2,\"name\":\"Conditions g\u00e9n\u00e9rales\"}]},{\"@type\":\"WebSite\",\"@id\":\"https:\/\/fama.global\/#website\",\"url\":\"https:\/\/fama.global\/\",\"name\":\"Fama Global\",\"description\":\"\",\"publisher\":{\"@id\":\"https:\/\/fama.global\/#organization\"},\"potentialAction\":[{\"@type\":\"SearchAction\",\"target\":{\"@type\":\"EntryPoint\",\"urlTemplate\":\"https:\/\/fama.global\/?s={search_term_string}\"},\"query-input\":{\"@type\":\"PropertyValueSpecification\",\"valueRequired\":true,\"valueName\":\"search_term_string\"}}],\"inLanguage\":\"fr-FR\"},{\"@type\":\"Organization\",\"@id\":\"https:\/\/fama.global\/#organization\",\"name\":\"Fama Global\",\"url\":\"https:\/\/fama.global\/\",\"logo\":{\"@type\":\"ImageObject\",\"inLanguage\":\"fr-FR\",\"@id\":\"https:\/\/fama.global\/#\/schema\/logo\/image\/\",\"url\":\"https:\/\/fama.global\/wp-content\/uploads\/2025\/03\/site-logo.svg\",\"contentUrl\":\"https:\/\/fama.global\/wp-content\/uploads\/2025\/03\/site-logo.svg\",\"caption\":\"Fama Global\"},\"image\":{\"@id\":\"https:\/\/fama.global\/#\/schema\/logo\/image\/\"}}]}<\/script>\n<!-- \/ Yoast SEO plugin. -->","yoast_head_json":{"title":"Conditions g\u00e9n\u00e9rales - Fama Global","robots":{"index":"index","follow":"follow","max-snippet":"max-snippet:-1","max-image-preview":"max-image-preview:large","max-video-preview":"max-video-preview:-1"},"canonical":"https:\/\/fama.global\/fr\/conditions-generales\/","og_locale":"fr_FR","og_type":"article","og_title":"Conditions g\u00e9n\u00e9rales - Fama Global","og_description":"[vc_section full_width=\u00a0\u00bbstretch_row\u00a0\u00bb wpex_bg_overlay=\u00a0\u00bbcustom\u00a0\u00bb wpex_bg_overlay_color=\u00a0\u00bb#141413&Prime; wpex_bg_overlay_opacity=\u00a0\u00bb50%\u00a0\u00bb el_class=\u00a0\u00bbinnerbanner-sec staticpage-banner\u00a0\u00bb css=\u00a0\u00bb.vc_custom_1746432800588{background-image: url(https:\/\/fama.global\/wp-content\/uploads\/2025\/04\/caree-bgimg.webp?id=840) !important;background-position: center !important;background-repeat: no-repeat !important;background-size: cover !important;}\u00a0\u00bb][vc_row][vc_column][\/vc_column][\/vc_row][\/vc_section][vc_section full_width=\u00a0\u00bbstretch_row\u00a0\u00bb el_class=\u00a0\u00bbstaticcontent-sec pt-80 pb-80&Prime;][vc_row][vc_column][vc_column_text css=\u00a0\u00bb\u00a0\u00bb]Derni\u00e8re mise \u00e0 jour\u00a0: 22\u00a0avril\u00a02025 Veuillez lire attentivement les pr\u00e9sentes conditions g\u00e9n\u00e9rales avant d\u2019utiliser notre service. Interpr\u00e9tation et d\u00e9finitions Interpr\u00e9tation Les mots dont la premi\u00e8re lettre est une majuscule ont la m\u00eame signification dans les&hellip;","og_url":"https:\/\/fama.global\/fr\/conditions-generales\/","og_site_name":"Fama Global","article_modified_time":"2025-06-11T11:45:11+00:00","twitter_card":"summary_large_image","twitter_misc":{"Dur\u00e9e de lecture estim\u00e9e":"8 minutes"},"schema":{"@context":"https:\/\/schema.org","@graph":[{"@type":"WebPage","@id":"https:\/\/fama.global\/fr\/conditions-generales\/","url":"https:\/\/fama.global\/fr\/conditions-generales\/","name":"Conditions g\u00e9n\u00e9rales - Fama Global","isPartOf":{"@id":"https:\/\/fama.global\/#website"},"datePublished":"2025-03-31T09:36:17+00:00","dateModified":"2025-06-11T11:45:11+00:00","breadcrumb":{"@id":"https:\/\/fama.global\/fr\/conditions-generales\/#breadcrumb"},"inLanguage":"fr-FR","potentialAction":[{"@type":"ReadAction","target":["https:\/\/fama.global\/fr\/conditions-generales\/"]}]},{"@type":"BreadcrumbList","@id":"https:\/\/fama.global\/fr\/conditions-generales\/#breadcrumb","itemListElement":[{"@type":"ListItem","position":1,"name":"Accueil","item":"https:\/\/fama.global\/fr\/"},{"@type":"ListItem","position":2,"name":"Conditions g\u00e9n\u00e9rales"}]},{"@type":"WebSite","@id":"https:\/\/fama.global\/#website","url":"https:\/\/fama.global\/","name":"Fama Global","description":"","publisher":{"@id":"https:\/\/fama.global\/#organization"},"potentialAction":[{"@type":"SearchAction","target":{"@type":"EntryPoint","urlTemplate":"https:\/\/fama.global\/?s={search_term_string}"},"query-input":{"@type":"PropertyValueSpecification","valueRequired":true,"valueName":"search_term_string"}}],"inLanguage":"fr-FR"},{"@type":"Organization","@id":"https:\/\/fama.global\/#organization","name":"Fama Global","url":"https:\/\/fama.global\/","logo":{"@type":"ImageObject","inLanguage":"fr-FR","@id":"https:\/\/fama.global\/#\/schema\/logo\/image\/","url":"https:\/\/fama.global\/wp-content\/uploads\/2025\/03\/site-logo.svg","contentUrl":"https:\/\/fama.global\/wp-content\/uploads\/2025\/03\/site-logo.svg","caption":"Fama Global"},"image":{"@id":"https:\/\/fama.global\/#\/schema\/logo\/image\/"}}]}},"_links":{"self":[{"href":"https:\/\/fama.global\/fr\/wp-json\/wp\/v2\/pages\/1896","targetHints":{"allow":["GET"]}}],"collection":[{"href":"https:\/\/fama.global\/fr\/wp-json\/wp\/v2\/pages"}],"about":[{"href":"https:\/\/fama.global\/fr\/wp-json\/wp\/v2\/types\/page"}],"author":[{"embeddable":true,"href":"https:\/\/fama.global\/fr\/wp-json\/wp\/v2\/users\/1"}],"replies":[{"embeddable":true,"href":"https:\/\/fama.global\/fr\/wp-json\/wp\/v2\/comments?post=1896"}],"version-history":[{"count":4,"href":"https:\/\/fama.global\/fr\/wp-json\/wp\/v2\/pages\/1896\/revisions"}],"predecessor-version":[{"id":1903,"href":"https:\/\/fama.global\/fr\/wp-json\/wp\/v2\/pages\/1896\/revisions\/1903"}],"wp:attachment":[{"href":"https:\/\/fama.global\/fr\/wp-json\/wp\/v2\/media?parent=1896"}],"curies":[{"name":"wp","href":"https:\/\/api.w.org\/{rel}","templated":true}]}}