{"id":1853,"date":"2025-03-31T09:36:05","date_gmt":"2025-03-31T09:36:05","guid":{"rendered":"https:\/\/fama.global\/contact-us\/"},"modified":"2025-06-12T10:28:33","modified_gmt":"2025-06-12T10:28:33","slug":"contactez-nous","status":"publish","type":"page","link":"https:\/\/fama.global\/fr\/contactez-nous\/","title":{"rendered":"Contactez-nous"},"content":{"rendered":"<div class=\"wpb-content-wrapper\">[vc_section full_width=\u00a0\u00bbstretch_row\u00a0\u00bb wpex_bg_overlay=\u00a0\u00bbcustom\u00a0\u00bb wpex_bg_overlay_color=\u00a0\u00bb#141413&Prime; wpex_bg_overlay_opacity=\u00a0\u00bb65%\u00a0\u00bb el_class=\u00a0\u00bbinnerbanner-sec\u00a0\u00bb css=\u00a0\u00bb.vc_custom_1749114344039{background-image: url(https:\/\/fama.global\/wp-content\/uploads\/2025\/06\/contactbanner-bgimg.webp?id=1442) !important;background-position: center !important;background-repeat: no-repeat !important;background-size: cover !important;}\u00a0\u00bb][vc_row][vc_column]<nav class=\"vcex-breadcrumbs vcex-breadcrumbs--links-inherit-color\"><span><span><a href=\"https:\/\/fama.global\/fr\/\">Accueil<\/a><\/span><\/span><\/nav><h1 class=\"vcex-heading vcex-heading-plain vcex-module wpex-heading wpex-text-2xl\"><span class=\"vcex-heading-inner wpex-inline-block\">Grandissez avec FAMA<\/span><\/h1>[vc_column_text css=\u00a0\u00bb\u00a0\u00bb]Travaillez avec une entreprise qui transforme l\u2019agriculture gr\u00e2ce \u00e0 la durabilit\u00e9, l\u2019innovation et l\u2019autonomisation \u00e9conomique.[\/vc_column_text][\/vc_column][\/vc_row][\/vc_section][vc_section full_width=\u00a0\u00bbstretch_row\u00a0\u00bb el_class=\u00a0\u00bbcontactus-sec pt-80 pb-80&Prime;][vc_row content_placement=\u00a0\u00bbmiddle\u00a0\u00bb][vc_column offset=\u00a0\u00bbvc_col-lg-6 vc_col-md-6&Prime;][vc_row_inner el_class=\u00a0\u00bbdescription-box\u00a0\u00bb][vc_column_inner]<h2 class=\"vcex-heading vcex-heading-plain vcex-module wpex-heading wpex-text-2xl\"><span class=\"vcex-heading-inner wpex-inline-block\"><b>Construisons ensemble<b> un avenir durable<\/span><\/h2><div class=\"vcex-spacing wpex-w-100 wpex-clear\" style=\"height:15px;\"><\/div>[vc_column_text css=\u00a0\u00bb\u00a0\u00bb]Que vous recherchiez une carri\u00e8re, un partenariat ou une opportunit\u00e9 d\u2019affaires, FAMA accueille les personnes et organisations passionn\u00e9es par l\u2019envie de faire la diff\u00e9rence. Contactez-nous d\u00e8s aujourd\u2019hui !<\/b><\/b><\/p>\n<ul>\n<li>Acc\u00e8s \u00e0 des produits durables et de haute qualit\u00e9<\/li>\n<li>Une cha\u00eene d\u2019approvisionnement fiable avec des normes constantes<\/li>\n<li>Des opportunit\u00e9s de croissance commerciale et d\u2019expansion de march\u00e9<\/li>\n<li>Un engagement envers des pratiques agricoles \u00e9thiques et \u00e9cologiques<\/li>\n<li>Une collaboration avec une entreprise agricole leader dans son secteur<\/li>\n<\/ul>\n[\/vc_column_text][\/vc_column_inner][\/vc_row_inner][\/vc_column][vc_column offset=\u00a0\u00bbvc_col-lg-6 vc_col-md-6&Prime;][vc_row_inner el_class=\u00a0\u00bbcontactform-box\u00a0\u00bb][vc_column_inner]<div class=\"vcex-shortcode wpex-clr\">\n<div class=\"wpcf7 no-js\" id=\"wpcf7-f1935-o1\" lang=\"en-US\" dir=\"ltr\" data-wpcf7-id=\"1935\">\n<div class=\"screen-reader-response\"><p role=\"status\" aria-live=\"polite\" aria-atomic=\"true\"><\/p> <ul><\/ul><\/div>\n<form action=\"\/fr\/wp-json\/wp\/v2\/pages\/1853#wpcf7-f1935-o1\" method=\"post\" class=\"wpcf7-form init\" aria-label=\"Contact form\" novalidate=\"novalidate\" data-status=\"init\">\n<div style=\"display: none;\">\n<input type=\"hidden\" name=\"_wpcf7\" value=\"1935\" \/>\n<input type=\"hidden\" name=\"_wpcf7_version\" value=\"6.0.6\" \/>\n<input type=\"hidden\" name=\"_wpcf7_locale\" value=\"en_US\" \/>\n<input type=\"hidden\" name=\"_wpcf7_unit_tag\" value=\"wpcf7-f1935-o1\" \/>\n<input type=\"hidden\" name=\"_wpcf7_container_post\" value=\"0\" \/>\n<input type=\"hidden\" name=\"_wpcf7_posted_data_hash\" value=\"\" \/>\n<input type=\"hidden\" name=\"_wpcf7_recaptcha_response\" value=\"\" \/>\n<\/div>\n<div class=\"row\">\n\t<div>\n\t\t<p><label> Votre nom <span class=\"required\">*<\/span> <\/label><span class=\"wpcf7-form-control-wrap\" data-name=\"your-name\"><input size=\"40\" maxlength=\"400\" class=\"wpcf7-form-control wpcf7-text wpcf7-validates-as-required\" aria-required=\"true\" aria-invalid=\"false\" placeholder=\"Entrez votre nom complet\" value=\"\" type=\"text\" name=\"your-name\" \/><\/span>\n\t\t<\/p>\n\t<\/div>\n\t<div>\n\t\t<p><label> Votre adresse e-mail <span class=\"required\">*<\/span> <\/label><span class=\"wpcf7-form-control-wrap\" data-name=\"your-email\"><input size=\"40\" maxlength=\"400\" class=\"wpcf7-form-control wpcf7-email wpcf7-validates-as-required wpcf7-text wpcf7-validates-as-email\" aria-required=\"true\" aria-invalid=\"false\" placeholder=\"Entrez votre adresse e-mail\" value=\"\" type=\"email\" name=\"your-email\" \/><\/span>\n\t\t<\/p>\n\t<\/div>\n\t<div>\n\t\t<p><label> Objet <\/label><span class=\"wpcf7-form-control-wrap\" data-name=\"your-subject\"><input size=\"40\" maxlength=\"400\" class=\"wpcf7-form-control wpcf7-text\" aria-invalid=\"false\" placeholder=\"Entrez l&#039;objet de votre message\" value=\"\" type=\"text\" name=\"your-subject\" \/><\/span>\n\t\t<\/p>\n\t<\/div>\n\t<div>\n\t\t<p><label> Message <\/label><span class=\"wpcf7-form-control-wrap\" data-name=\"your-message\"><textarea cols=\"40\" rows=\"10\" maxlength=\"2000\" class=\"wpcf7-form-control wpcf7-textarea\" aria-invalid=\"false\" placeholder=\"Saisissez votre message ici...\" name=\"your-message\"><\/textarea><\/span>\n\t\t<\/p>\n\t<\/div>\n\t<div>\n\t<span class=\"wpcf7-form-control-wrap recaptcha\" data-name=\"recaptcha\"><span data-sitekey=\"6LdLU50rAAAAAJjvDxH34FF0dlUL2SIS7tDfr9MM\" class=\"wpcf7-form-control wpcf7-recaptcha g-recaptcha\"><\/span>\r\n<noscript>\r\n\t<div class=\"grecaptcha-noscript\">\r\n\t\t<iframe src=\"https:\/\/www.google.com\/recaptcha\/api\/fallback?k=6LdLU50rAAAAAJjvDxH34FF0dlUL2SIS7tDfr9MM\" frameborder=\"0\" scrolling=\"no\" width=\"310\" height=\"430\">\r\n\t\t<\/iframe>\r\n\t\t<textarea name=\"g-recaptcha-response\" rows=\"3\" cols=\"40\" placeholder=\"reCaptcha Response Here\">\r\n\t\t<\/textarea>\r\n\t<\/div>\r\n<\/noscript>\r\n<\/span>\n\t<\/div>\n\t<div>\n\t\t<p><input class=\"wpcf7-form-control wpcf7-submit has-spinner\" type=\"submit\" value=\"Envoyer\" \/>\n\t\t<\/p>\n\t<\/div>\n<\/div><input type='hidden' class='wpcf7-pum' value='{\"closepopup\":false,\"closedelay\":0,\"openpopup\":false,\"openpopup_id\":0}' \/><div class=\"wpcf7-response-output\" aria-hidden=\"true\"><\/div>\n<\/form>\n<\/div>\n<\/div>[\/vc_column_inner][\/vc_row_inner][\/vc_column][\/vc_row][\/vc_section][vc_section full_width=\u00a0\u00bbstretch_row\u00a0\u00bb video_bg_center=\u00a0\u00bbtrue\u00a0\u00bb el_class=\u00a0\u00bbcontact-growth-sec\u00a0\u00bb video_bg=\u00a0\u00bbself_hosted\u00a0\u00bb video_bg_mp4=\u00a0\u00bb905&Prime; video_bg_poster=\u00a0\u00bb904&Prime;][vc_row][vc_column width=\u00a0\u00bb1\/6&Prime; offset=\u00a0\u00bbvc_col-lg-2 vc_col-md-1 vc_hidden-sm vc_hidden-xs\u00a0\u00bb][\/vc_column][vc_column offset=\u00a0\u00bbvc_col-lg-8 vc_col-md-10&Prime;][vc_row_inner el_class=\u00a0\u00bbgrowth-content\u00a0\u00bb][vc_column_inner]<h2 class=\"vcex-heading vcex-heading-plain vcex-module wpex-heading wpex-text-2xl wpex-text-center\"><span class=\"vcex-heading-inner wpex-inline-block\">Un avenir fond\u00e9 sur la <b>croissance et la durabilit\u00e9<\/b><\/span><\/h2><div class=\"vcex-spacing wpex-w-100 wpex-clear\" style=\"height:24px;\"><\/div>[vc_column_text css=\u00a0\u00bb\u00a0\u00bb text_align=\u00a0\u00bbcenter\u00a0\u00bb]Chez FAMA, nous ne sommes pas seulement une entreprise agricole \u2014 nous sommes un mouvement en faveur de la durabilit\u00e9, de la s\u00e9curit\u00e9 alimentaire et de l\u2019ind\u00e9pendance \u00e9conomique. Que vous soyez un professionnel, un investisseur ou un fournisseur, collaborer avec FAMA signifie contribuer \u00e0 un avenir plus vert et plus autonome.<br \/>\n[\/vc_column_text]<div class=\"vcex-spacing wpex-w-100 wpex-clear\" style=\"height:30px;\"><\/div><div class=\"theme-button-wrap textcenter wpex-clr\"><a href=\"https:\/\/fama.global\/fr\/modele-outgrow\/\" class=\"vcex-button theme-button align-center inline\"><span class=\"vcex-button-inner theme-button-inner wpex-flex wpex-flex-wrap wpex-items-center wpex-justify-center\">En savoir plus<\/span><\/a><\/div> [\/vc_column_inner][\/vc_row_inner][\/vc_column][vc_column width=\u00a0\u00bb1\/6&Prime; offset=\u00a0\u00bbvc_col-lg-2 vc_col-md-1 vc_hidden-sm vc_hidden-xs\u00a0\u00bb][\/vc_column][\/vc_row][\/vc_section]\n<\/div>","protected":false},"excerpt":{"rendered":"<p>[vc_section full_width=\u00a0\u00bbstretch_row\u00a0\u00bb wpex_bg_overlay=\u00a0\u00bbcustom\u00a0\u00bb wpex_bg_overlay_color=\u00a0\u00bb#141413&Prime; wpex_bg_overlay_opacity=\u00a0\u00bb65%\u00a0\u00bb el_class=\u00a0\u00bbinnerbanner-sec\u00a0\u00bb css=\u00a0\u00bb.vc_custom_1749114344039{background-image: url(https:\/\/fama.global\/wp-content\/uploads\/2025\/06\/contactbanner-bgimg.webp?id=1442) !important;background-position: center !important;background-repeat: no-repeat !important;background-size: cover !important;}\u00a0\u00bb][vc_row][vc_column][vc_column_text css=\u00a0\u00bb\u00a0\u00bb]Travaillez avec une entreprise qui transforme l\u2019agriculture gr\u00e2ce \u00e0 la durabilit\u00e9, l\u2019innovation et l\u2019autonomisation \u00e9conomique.[\/vc_column_text][\/vc_column][\/vc_row][\/vc_section][vc_section full_width=\u00a0\u00bbstretch_row\u00a0\u00bb el_class=\u00a0\u00bbcontactus-sec pt-80 pb-80&Prime;][vc_row content_placement=\u00a0\u00bbmiddle\u00a0\u00bb][vc_column offset=\u00a0\u00bbvc_col-lg-6 vc_col-md-6&Prime;][vc_row_inner el_class=\u00a0\u00bbdescription-box\u00a0\u00bb][vc_column_inner][vc_column_text css=\u00a0\u00bb\u00a0\u00bb]Que vous recherchiez une carri\u00e8re, un partenariat ou une opportunit\u00e9 d\u2019affaires, FAMA accueille les personnes et organisations&hellip;<\/p>\n","protected":false},"author":1,"featured_media":0,"parent":0,"menu_order":0,"comment_status":"closed","ping_status":"closed","template":"","meta":{"inline_featured_image":false,"footnotes":""},"class_list":["post-1853","page","type-page","status-publish","hentry","entry","no-media"],"acf":[],"yoast_head":"<!-- This site is optimized with the Yoast SEO plugin v25.3 - https:\/\/yoast.com\/wordpress\/plugins\/seo\/ -->\n<title>Contactez-nous - Fama Global<\/title>\n<meta name=\"robots\" content=\"index, follow, max-snippet:-1, max-image-preview:large, max-video-preview:-1\" \/>\n<link rel=\"canonical\" href=\"https:\/\/fama.global\/fr\/contactez-nous\/\" \/>\n<meta property=\"og:locale\" content=\"fr_FR\" \/>\n<meta property=\"og:type\" content=\"article\" \/>\n<meta property=\"og:title\" content=\"Contactez-nous - Fama Global\" \/>\n<meta property=\"og:description\" content=\"[vc_section full_width=\u00a0\u00bbstretch_row\u00a0\u00bb wpex_bg_overlay=\u00a0\u00bbcustom\u00a0\u00bb wpex_bg_overlay_color=\u00a0\u00bb#141413&Prime; wpex_bg_overlay_opacity=\u00a0\u00bb65%\u00a0\u00bb el_class=\u00a0\u00bbinnerbanner-sec\u00a0\u00bb css=\u00a0\u00bb.vc_custom_1749114344039{background-image: url(https:\/\/fama.global\/wp-content\/uploads\/2025\/06\/contactbanner-bgimg.webp?id=1442) !important;background-position: center !important;background-repeat: no-repeat !important;background-size: cover !important;}\u00a0\u00bb][vc_row][vc_column][vc_column_text css=\u00a0\u00bb\u00a0\u00bb]Travaillez avec une entreprise qui transforme l\u2019agriculture gr\u00e2ce \u00e0 la durabilit\u00e9, l\u2019innovation et l\u2019autonomisation \u00e9conomique.[\/vc_column_text][\/vc_column][\/vc_row][\/vc_section][vc_section full_width=\u00a0\u00bbstretch_row\u00a0\u00bb el_class=\u00a0\u00bbcontactus-sec pt-80 pb-80&Prime;][vc_row content_placement=\u00a0\u00bbmiddle\u00a0\u00bb][vc_column offset=\u00a0\u00bbvc_col-lg-6 vc_col-md-6&Prime;][vc_row_inner el_class=\u00a0\u00bbdescription-box\u00a0\u00bb][vc_column_inner][vc_column_text css=\u00a0\u00bb\u00a0\u00bb]Que vous recherchiez une carri\u00e8re, un partenariat ou une opportunit\u00e9 d\u2019affaires, FAMA accueille les personnes et organisations&hellip;\" \/>\n<meta property=\"og:url\" content=\"https:\/\/fama.global\/fr\/contactez-nous\/\" \/>\n<meta property=\"og:site_name\" content=\"Fama Global\" \/>\n<meta property=\"article:modified_time\" content=\"2025-06-12T10:28:33+00:00\" \/>\n<meta name=\"twitter:card\" content=\"summary_large_image\" \/>\n<meta name=\"twitter:label1\" content=\"Dur\u00e9e de lecture estim\u00e9e\" \/>\n\t<meta name=\"twitter:data1\" content=\"1 minute\" \/>\n<script type=\"application\/ld+json\" class=\"yoast-schema-graph\">{\"@context\":\"https:\/\/schema.org\",\"@graph\":[{\"@type\":\"WebPage\",\"@id\":\"https:\/\/fama.global\/fr\/contactez-nous\/\",\"url\":\"https:\/\/fama.global\/fr\/contactez-nous\/\",\"name\":\"Contactez-nous - Fama Global\",\"isPartOf\":{\"@id\":\"https:\/\/fama.global\/#website\"},\"datePublished\":\"2025-03-31T09:36:05+00:00\",\"dateModified\":\"2025-06-12T10:28:33+00:00\",\"breadcrumb\":{\"@id\":\"https:\/\/fama.global\/fr\/contactez-nous\/#breadcrumb\"},\"inLanguage\":\"fr-FR\",\"potentialAction\":[{\"@type\":\"ReadAction\",\"target\":[\"https:\/\/fama.global\/fr\/contactez-nous\/\"]}]},{\"@type\":\"BreadcrumbList\",\"@id\":\"https:\/\/fama.global\/fr\/contactez-nous\/#breadcrumb\",\"itemListElement\":[{\"@type\":\"ListItem\",\"position\":1,\"name\":\"Accueil\",\"item\":\"https:\/\/fama.global\/fr\/\"},{\"@type\":\"ListItem\",\"position\":2,\"name\":\"Contactez-nous\"}]},{\"@type\":\"WebSite\",\"@id\":\"https:\/\/fama.global\/#website\",\"url\":\"https:\/\/fama.global\/\",\"name\":\"Fama Global\",\"description\":\"\",\"publisher\":{\"@id\":\"https:\/\/fama.global\/#organization\"},\"potentialAction\":[{\"@type\":\"SearchAction\",\"target\":{\"@type\":\"EntryPoint\",\"urlTemplate\":\"https:\/\/fama.global\/?s={search_term_string}\"},\"query-input\":{\"@type\":\"PropertyValueSpecification\",\"valueRequired\":true,\"valueName\":\"search_term_string\"}}],\"inLanguage\":\"fr-FR\"},{\"@type\":\"Organization\",\"@id\":\"https:\/\/fama.global\/#organization\",\"name\":\"Fama Global\",\"url\":\"https:\/\/fama.global\/\",\"logo\":{\"@type\":\"ImageObject\",\"inLanguage\":\"fr-FR\",\"@id\":\"https:\/\/fama.global\/#\/schema\/logo\/image\/\",\"url\":\"https:\/\/fama.global\/wp-content\/uploads\/2025\/03\/site-logo.svg\",\"contentUrl\":\"https:\/\/fama.global\/wp-content\/uploads\/2025\/03\/site-logo.svg\",\"caption\":\"Fama Global\"},\"image\":{\"@id\":\"https:\/\/fama.global\/#\/schema\/logo\/image\/\"}}]}<\/script>\n<!-- \/ Yoast SEO plugin. -->","yoast_head_json":{"title":"Contactez-nous - Fama Global","robots":{"index":"index","follow":"follow","max-snippet":"max-snippet:-1","max-image-preview":"max-image-preview:large","max-video-preview":"max-video-preview:-1"},"canonical":"https:\/\/fama.global\/fr\/contactez-nous\/","og_locale":"fr_FR","og_type":"article","og_title":"Contactez-nous - Fama Global","og_description":"[vc_section full_width=\u00a0\u00bbstretch_row\u00a0\u00bb wpex_bg_overlay=\u00a0\u00bbcustom\u00a0\u00bb wpex_bg_overlay_color=\u00a0\u00bb#141413&Prime; wpex_bg_overlay_opacity=\u00a0\u00bb65%\u00a0\u00bb el_class=\u00a0\u00bbinnerbanner-sec\u00a0\u00bb css=\u00a0\u00bb.vc_custom_1749114344039{background-image: url(https:\/\/fama.global\/wp-content\/uploads\/2025\/06\/contactbanner-bgimg.webp?id=1442) !important;background-position: center !important;background-repeat: no-repeat !important;background-size: cover !important;}\u00a0\u00bb][vc_row][vc_column][vc_column_text css=\u00a0\u00bb\u00a0\u00bb]Travaillez avec une entreprise qui transforme l\u2019agriculture gr\u00e2ce \u00e0 la durabilit\u00e9, l\u2019innovation et l\u2019autonomisation \u00e9conomique.[\/vc_column_text][\/vc_column][\/vc_row][\/vc_section][vc_section full_width=\u00a0\u00bbstretch_row\u00a0\u00bb el_class=\u00a0\u00bbcontactus-sec pt-80 pb-80&Prime;][vc_row content_placement=\u00a0\u00bbmiddle\u00a0\u00bb][vc_column offset=\u00a0\u00bbvc_col-lg-6 vc_col-md-6&Prime;][vc_row_inner el_class=\u00a0\u00bbdescription-box\u00a0\u00bb][vc_column_inner][vc_column_text css=\u00a0\u00bb\u00a0\u00bb]Que vous recherchiez une carri\u00e8re, un partenariat ou une opportunit\u00e9 d\u2019affaires, FAMA accueille les personnes et organisations&hellip;","og_url":"https:\/\/fama.global\/fr\/contactez-nous\/","og_site_name":"Fama Global","article_modified_time":"2025-06-12T10:28:33+00:00","twitter_card":"summary_large_image","twitter_misc":{"Dur\u00e9e de lecture estim\u00e9e":"1 minute"},"schema":{"@context":"https:\/\/schema.org","@graph":[{"@type":"WebPage","@id":"https:\/\/fama.global\/fr\/contactez-nous\/","url":"https:\/\/fama.global\/fr\/contactez-nous\/","name":"Contactez-nous - Fama Global","isPartOf":{"@id":"https:\/\/fama.global\/#website"},"datePublished":"2025-03-31T09:36:05+00:00","dateModified":"2025-06-12T10:28:33+00:00","breadcrumb":{"@id":"https:\/\/fama.global\/fr\/contactez-nous\/#breadcrumb"},"inLanguage":"fr-FR","potentialAction":[{"@type":"ReadAction","target":["https:\/\/fama.global\/fr\/contactez-nous\/"]}]},{"@type":"BreadcrumbList","@id":"https:\/\/fama.global\/fr\/contactez-nous\/#breadcrumb","itemListElement":[{"@type":"ListItem","position":1,"name":"Accueil","item":"https:\/\/fama.global\/fr\/"},{"@type":"ListItem","position":2,"name":"Contactez-nous"}]},{"@type":"WebSite","@id":"https:\/\/fama.global\/#website","url":"https:\/\/fama.global\/","name":"Fama Global","description":"","publisher":{"@id":"https:\/\/fama.global\/#organization"},"potentialAction":[{"@type":"SearchAction","target":{"@type":"EntryPoint","urlTemplate":"https:\/\/fama.global\/?s={search_term_string}"},"query-input":{"@type":"PropertyValueSpecification","valueRequired":true,"valueName":"search_term_string"}}],"inLanguage":"fr-FR"},{"@type":"Organization","@id":"https:\/\/fama.global\/#organization","name":"Fama Global","url":"https:\/\/fama.global\/","logo":{"@type":"ImageObject","inLanguage":"fr-FR","@id":"https:\/\/fama.global\/#\/schema\/logo\/image\/","url":"https:\/\/fama.global\/wp-content\/uploads\/2025\/03\/site-logo.svg","contentUrl":"https:\/\/fama.global\/wp-content\/uploads\/2025\/03\/site-logo.svg","caption":"Fama Global"},"image":{"@id":"https:\/\/fama.global\/#\/schema\/logo\/image\/"}}]}},"_links":{"self":[{"href":"https:\/\/fama.global\/fr\/wp-json\/wp\/v2\/pages\/1853","targetHints":{"allow":["GET"]}}],"collection":[{"href":"https:\/\/fama.global\/fr\/wp-json\/wp\/v2\/pages"}],"about":[{"href":"https:\/\/fama.global\/fr\/wp-json\/wp\/v2\/types\/page"}],"author":[{"embeddable":true,"href":"https:\/\/fama.global\/fr\/wp-json\/wp\/v2\/users\/1"}],"replies":[{"embeddable":true,"href":"https:\/\/fama.global\/fr\/wp-json\/wp\/v2\/comments?post=1853"}],"version-history":[{"count":12,"href":"https:\/\/fama.global\/fr\/wp-json\/wp\/v2\/pages\/1853\/revisions"}],"predecessor-version":[{"id":1936,"href":"https:\/\/fama.global\/fr\/wp-json\/wp\/v2\/pages\/1853\/revisions\/1936"}],"wp:attachment":[{"href":"https:\/\/fama.global\/fr\/wp-json\/wp\/v2\/media?parent=1853"}],"curies":[{"name":"wp","href":"https:\/\/api.w.org\/{rel}","templated":true}]}}