{"id":1841,"date":"2025-03-31T09:36:48","date_gmt":"2025-03-31T09:36:48","guid":{"rendered":"https:\/\/fama.global\/careers\/"},"modified":"2025-06-11T12:10:06","modified_gmt":"2025-06-11T12:10:06","slug":"carriere","status":"publish","type":"page","link":"https:\/\/fama.global\/fr\/carriere\/","title":{"rendered":"Carri\u00e8re"},"content":{"rendered":"<div class=\"wpb-content-wrapper\">[vc_section full_width=\u00a0\u00bbstretch_row\u00a0\u00bb wpex_bg_overlay=\u00a0\u00bbcustom\u00a0\u00bb wpex_bg_overlay_color=\u00a0\u00bb#141413&Prime; wpex_bg_overlay_opacity=\u00a0\u00bb50%\u00a0\u00bb el_class=\u00a0\u00bbinnerbanner-sec\u00a0\u00bb css=\u00a0\u00bb.vc_custom_1745305997297{background-image: url(https:\/\/fama.global\/wp-content\/uploads\/2025\/04\/caree-bgimg.webp?id=840) !important;background-position: center !important;background-repeat: no-repeat !important;background-size: cover !important;}\u00a0\u00bb][vc_row][vc_column]<nav class=\"vcex-breadcrumbs vcex-breadcrumbs--links-inherit-color\"><span><span><a href=\"https:\/\/fama.global\/fr\/\">Accueil<\/a><\/span><\/span><\/nav><h1 class=\"vcex-heading vcex-heading-plain vcex-module wpex-heading wpex-text-2xl\"><span class=\"vcex-heading-inner wpex-inline-block\">Rejoignez l\u2019\u00e9quipe FAMA<\/span><\/h1>[vc_column_text css=\u00a0\u00bb\u00a0\u00bb]Faites partie d\u2019une entreprise qui fa\u00e7onne l\u2019avenir de l\u2019agriculture durable tout en ayant un r\u00e9el impact sur les \u00e9conomies locales.[\/vc_column_text][\/vc_column][\/vc_row][\/vc_section][vc_section el_class=\u00a0\u00bbaboutfama-sec pt-80 pb-30&Prime;][vc_row][vc_column]<h2 class=\"vcex-heading vcex-heading-plain vcex-module wpex-heading wpex-text-2xl\"><span class=\"vcex-heading-inner wpex-inline-block\"><b>Un lieu de travail o\u00f9 la croissance rencontre le sens<\/b><\/span><\/h2><div class=\"vcex-spacing wpex-w-100 wpex-clear\" style=\"height:24px;\"><\/div>[vc_column_text css=\u00a0\u00bb\u00a0\u00bb]Chez FAMA, nous ne cultivons pas seulement des cultures \u2014 nous cultivons des carri\u00e8res. Nous sommes passionn\u00e9s par l\u2019agriculture durable, l\u2019autonomisation \u00e9conomique et l\u2019innovation. En rejoignant FAMA, vous faites partie d\u2019une \u00e9quipe engag\u00e9e \u00e0 faire \u00e9voluer la production alimentaire, la durabilit\u00e9 et le d\u00e9veloppement des communaut\u00e9s.<\/p>\n<p>Envie de rejoindre notre mission ? Postulez d\u00e8s maintenant !<br \/>\n[\/vc_column_text]\t<style>.vcex_69e1e79ed78df{height:48px;}@media (max-width:1024px){.vcex_69e1e79ed78df{height:40px;}}@media (max-width:959px){.vcex_69e1e79ed78df{height:40px;}}@media (max-width:767px){.vcex_69e1e79ed78df{height:40px;}}@media (max-width:479px){.vcex_69e1e79ed78df{height:40px;}}<\/style>\n<div class=\"vcex-spacing wpex-w-100 wpex-clear vcex_69e1e79ed78df\"><\/div><h3 class=\"vcex-heading vcex-heading-plain vcex-module wpex-heading wpex-text-2xl\"><span class=\"vcex-heading-inner wpex-inline-block\">Postes Disponibles:<\/span><\/h3><div class=\"vcex-spacing wpex-w-100 wpex-clear\" style=\"height:30px;\"><\/div>\t\n\t<div class=\"position-listing\">\n\t\t\n\t\t\t\n\t\t\t\t\n\t\t\t\t\t\t\t\t\t\t\t\t\t<a href=\"https:\/\/fama.global\/careers\/\" class=\"position\">\n\t\t\t\t\t\t<div class=\"box\">\n\t\t\t\t\t\t\t<div class=\"title-feture\">\t\t\t\t\t\t\t\t\n\t\t\t\t\t\t\t\t<h3 class=\"title\">\n\t\t\t\t\t\t\t\t\tResponsable des Op\u00e9rations Agricoles\t\t\t\t\t\t\t\t<\/h3>\n\t\t\t\t\t\t\t\t<div class=\"fetures\">\n\t\t\t\t\t\t\t\t\t<p>Travail au bureau, B\u00e9nin<\/p>\n<p>Temps plein<\/p>\n\t\t\t\t\t\t\t\t<\/div>\n\t\t\t\t\t\t\t<\/div>\n\t\t\t\t\t\t\t<div class=\"btn d-lg-block\">\t\t\t\t\t\t\t\t\t\n\t\t\t\t\t\t\t\t<div class=\"vcex-button theme-button align-right inline\">\n\t\t\t\t\t\t\t\t\t<span class=\"vcex-button-inner theme-button-inner wpex-flex wpex-flex-wrap wpex-items-center wpex-justify-center\">\n\t\t\t\t\t\t\t\t\t\t\t\t\t\t\t\t\t\t\t\t\tPostulez maintenant\n\t\t\t\t\t\t\t\t\t\t\t\t\t\t\t\t\t\t\t<\/span>\n\t\t\t\t\t\t\t\t<\/div>\n\t\t\t\t\t\t\t<\/div>\n\t\t\t\t\t\t<\/div>\n\t\t\t\t\t\t<p class=\"desc\">\n\t\t\t\t\t\t\tSupervisez les op\u00e9rations quotidiennes des exploitations agricoles, mettez en \u0153uvre des techniques agricoles durables et optimisez la productivit\u00e9. Assurez une gestion efficace des ressources, am\u00e9liorez les rendements et dirigez une \u00e9quipe pour atteindre une production agricole de haute qualit\u00e9.\t\t\t\t\t\t<\/p>\n\t\t\t\t\t\t<div class=\"apply-btn d-md-block\">\n\t\t\t\t\t\t\t<div class=\"vcex-button theme-button inline\">\n\t\t\t\t\t\t\t\t<span class=\"vcex-button-inner theme-button-inner wpex-flex wpex-flex-wrap wpex-items-center wpex-justify-center\">\n\t\t\t\t\t\t\t\t\t\t\t\t\t\t\t\t\t\t\t\tPostulez maintenant\n\t\t\t\t\t\t\t\t\t\t\t\t\t\t\t\t\t\t<\/span>\n\t\t\t\t\t\t\t<\/div>\n\t\t\t\t\t\t<\/div>\n\t\t\t\t\t<\/a>\n\t\t\t\t\n\n\t\t\t\t\n\t\t\t\t\t\t\t\t\t\t\t\t\t<a href=\"https:\/\/fama.global\/careers\/\" class=\"position\">\n\t\t\t\t\t\t<div class=\"box\">\n\t\t\t\t\t\t\t<div class=\"title-feture\">\t\t\t\t\t\t\t\t\n\t\t\t\t\t\t\t\t<h3 class=\"title\">\n\t\t\t\t\t\t\t\t\tSp\u00e9cialiste en Aquaculture\t\t\t\t\t\t\t\t<\/h3>\n\t\t\t\t\t\t\t\t<div class=\"fetures\">\n\t\t\t\t\t\t\t\t\t<p>Travail au bureau, Mali<\/p>\n<p>Temps plein<\/p>\n\t\t\t\t\t\t\t\t<\/div>\n\t\t\t\t\t\t\t<\/div>\n\t\t\t\t\t\t\t<div class=\"btn d-lg-block\">\t\t\t\t\t\t\t\t\t\n\t\t\t\t\t\t\t\t<div class=\"vcex-button theme-button align-right inline\">\n\t\t\t\t\t\t\t\t\t<span class=\"vcex-button-inner theme-button-inner wpex-flex wpex-flex-wrap wpex-items-center wpex-justify-center\">\n\t\t\t\t\t\t\t\t\t\t\t\t\t\t\t\t\t\t\t\t\tPostulez maintenant\n\t\t\t\t\t\t\t\t\t\t\t\t\t\t\t\t\t\t\t<\/span>\n\t\t\t\t\t\t\t\t<\/div>\n\t\t\t\t\t\t\t<\/div>\n\t\t\t\t\t\t<\/div>\n\t\t\t\t\t\t<p class=\"desc\">\n\t\t\t\t\t\t\tG\u00e9rez les op\u00e9rations d\u2019\u00e9levage de poissons en assurant un \u00e9levage, une alimentation et une r\u00e9colte optimaux. Maintenez la qualit\u00e9 de l\u2019eau, surveillez la sant\u00e9 des poissons et mettez en \u0153uvre des techniques d\u2019aquaculture durables pour am\u00e9liorer l\u2019efficacit\u00e9 de la production et la durabilit\u00e9 environnementale.\t\t\t\t\t\t<\/p>\n\t\t\t\t\t\t<div class=\"apply-btn d-md-block\">\n\t\t\t\t\t\t\t<div class=\"vcex-button theme-button inline\">\n\t\t\t\t\t\t\t\t<span class=\"vcex-button-inner theme-button-inner wpex-flex wpex-flex-wrap wpex-items-center wpex-justify-center\">\n\t\t\t\t\t\t\t\t\t\t\t\t\t\t\t\t\t\t\t\tPostulez maintenant\n\t\t\t\t\t\t\t\t\t\t\t\t\t\t\t\t\t\t<\/span>\n\t\t\t\t\t\t\t<\/div>\n\t\t\t\t\t\t<\/div>\n\t\t\t\t\t<\/a>\n\t\t\t\t\n\n\t\t\t\t\n\t\t\t\t\t\t\t\t\t\t\t\t\t<a href=\"https:\/\/fama.global\/careers\/\" class=\"position\">\n\t\t\t\t\t\t<div class=\"box\">\n\t\t\t\t\t\t\t<div class=\"title-feture\">\t\t\t\t\t\t\t\t\n\t\t\t\t\t\t\t\t<h3 class=\"title\">\n\t\t\t\t\t\t\t\t\tCoordinateur Cha\u00eene d&rsquo;Approvisionnement &#038; Logistique\t\t\t\t\t\t\t\t<\/h3>\n\t\t\t\t\t\t\t\t<div class=\"fetures\">\n\t\t\t\t\t\t\t\t\t<p>T\u00e9l\u00e9travail<\/p>\n<p>Temps plein<\/p>\n\t\t\t\t\t\t\t\t<\/div>\n\t\t\t\t\t\t\t<\/div>\n\t\t\t\t\t\t\t<div class=\"btn d-lg-block\">\t\t\t\t\t\t\t\t\t\n\t\t\t\t\t\t\t\t<div class=\"vcex-button theme-button align-right inline\">\n\t\t\t\t\t\t\t\t\t<span class=\"vcex-button-inner theme-button-inner wpex-flex wpex-flex-wrap wpex-items-center wpex-justify-center\">\n\t\t\t\t\t\t\t\t\t\t\t\t\t\t\t\t\t\t\t\t\tPostulez maintenant\n\t\t\t\t\t\t\t\t\t\t\t\t\t\t\t\t\t\t\t<\/span>\n\t\t\t\t\t\t\t\t<\/div>\n\t\t\t\t\t\t\t<\/div>\n\t\t\t\t\t\t<\/div>\n\t\t\t\t\t\t<p class=\"desc\">\n\t\t\t\t\t\t\tCoordonnez le transport, l\u2019inventaire et la distribution des produits agricoles. Optimisez l\u2019efficacit\u00e9 de la cha\u00eene d\u2019approvisionnement, r\u00e9duisez les pertes et assurez une livraison ponctuelle aux march\u00e9s tout en garantissant le contr\u00f4le de qualit\u00e9 et la conformit\u00e9 aux normes de s\u00e9curit\u00e9.\t\t\t\t\t\t<\/p>\n\t\t\t\t\t\t<div class=\"apply-btn d-md-block\">\n\t\t\t\t\t\t\t<div class=\"vcex-button theme-button inline\">\n\t\t\t\t\t\t\t\t<span class=\"vcex-button-inner theme-button-inner wpex-flex wpex-flex-wrap wpex-items-center wpex-justify-center\">\n\t\t\t\t\t\t\t\t\t\t\t\t\t\t\t\t\t\t\t\tPostulez maintenant\n\t\t\t\t\t\t\t\t\t\t\t\t\t\t\t\t\t\t<\/span>\n\t\t\t\t\t\t\t<\/div>\n\t\t\t\t\t\t<\/div>\n\t\t\t\t\t<\/a>\n\t\t\t\t\n\n\t\t\t\t\n\t\t\t\t\t\t\t\t\t\t\t\t\t<a href=\"https:\/\/fama.global\/careers\/\" class=\"position\">\n\t\t\t\t\t\t<div class=\"box\">\n\t\t\t\t\t\t\t<div class=\"title-feture\">\t\t\t\t\t\t\t\t\n\t\t\t\t\t\t\t\t<h3 class=\"title\">\n\t\t\t\t\t\t\t\t\tTechnicien en Cultures Sous Serre\t\t\t\t\t\t\t\t<\/h3>\n\t\t\t\t\t\t\t\t<div class=\"fetures\">\n\t\t\t\t\t\t\t\t\t<p>Travail en pr\u00e9sentiel, B\u00e9nin<\/p>\n<p>Temps plein<\/p>\n\t\t\t\t\t\t\t\t<\/div>\n\t\t\t\t\t\t\t<\/div>\n\t\t\t\t\t\t\t<div class=\"btn d-lg-block\">\t\t\t\t\t\t\t\t\t\n\t\t\t\t\t\t\t\t<div class=\"vcex-button theme-button align-right inline\">\n\t\t\t\t\t\t\t\t\t<span class=\"vcex-button-inner theme-button-inner wpex-flex wpex-flex-wrap wpex-items-center wpex-justify-center\">\n\t\t\t\t\t\t\t\t\t\t\t\t\t\t\t\t\t\t\t\t\tPostulez maintenant\n\t\t\t\t\t\t\t\t\t\t\t\t\t\t\t\t\t\t\t<\/span>\n\t\t\t\t\t\t\t\t<\/div>\n\t\t\t\t\t\t\t<\/div>\n\t\t\t\t\t\t<\/div>\n\t\t\t\t\t\t<p class=\"desc\">\n\t\t\t\t\t\t\tSurveillez les conditions de la serre, assurez une croissance optimale des plantes et maintenez la sant\u00e9 des cultures. Mettez en \u0153uvre des techniques de contr\u00f4le du climat, d\u2019irrigation et de gestion des nuisibles pour maximiser les rendements et la qualit\u00e9, tout en soutenant des pratiques agricoles respectueuses de l\u2019environnement.\t\t\t\t\t\t<\/p>\n\t\t\t\t\t\t<div class=\"apply-btn d-md-block\">\n\t\t\t\t\t\t\t<div class=\"vcex-button theme-button inline\">\n\t\t\t\t\t\t\t\t<span class=\"vcex-button-inner theme-button-inner wpex-flex wpex-flex-wrap wpex-items-center wpex-justify-center\">\n\t\t\t\t\t\t\t\t\t\t\t\t\t\t\t\t\t\t\t\tPostulez maintenant\n\t\t\t\t\t\t\t\t\t\t\t\t\t\t\t\t\t\t<\/span>\n\t\t\t\t\t\t\t<\/div>\n\t\t\t\t\t\t<\/div>\n\t\t\t\t\t<\/a>\n\t\t\t\t\n\n\t\t\t\n\t\t\t<\/div>\n\t\t\n\n<div class=\"vcex-shortcode wpex-clr\"><\/div>[\/vc_column][\/vc_row][\/vc_section][vc_section full_width=\u00a0\u00bbstretch_row\u00a0\u00bb el_class=\u00a0\u00bbwhoweare-sec pt-80 pb-80&Prime;][vc_row content_placement=\u00a0\u00bbmiddle\u00a0\u00bb][vc_column offset=\u00a0\u00bbvc_col-lg-7&Prime;]<h2 class=\"vcex-heading vcex-heading-plain vcex-module wpex-heading wpex-text-2xl\"><span class=\"vcex-heading-inner wpex-inline-block\">La Vie chez <b>FAMA<\/b><\/span><\/h2>[vc_column_text css=\u00a0\u00bb\u00a0\u00bb]FAMA allie durabilit\u00e9, innovation et impact communautaire pour transformer l\u2019agriculture. Nous assurons une production de haute qualit\u00e9, des solutions respectueuses de l\u2019environnement et une croissance \u00e9conomique durable pour tous les acteurs impliqu\u00e9s.[\/vc_column_text][\/vc_column][vc_column width=\u00a0\u00bb1\/3&Prime; offset=\u00a0\u00bbvc_col-lg-5&Prime;][\/vc_column][\/vc_row][vc_row full_width=\u00a0\u00bbstretch_row_content_no_spaces\u00a0\u00bb content_placement=\u00a0\u00bbmiddle\u00a0\u00bb el_class=\u00a0\u00bbfullwidth-slider\u00a0\u00bb][vc_column]<style class=\"vcex-carousel-preload-css\">.vcex_69e1e79ee04ef{--wpex-carousel-gap:24px;}.vcex_69e1e79ee04ef{--wpex-carousel-columns:1;}.vcex_69e1e79ee04ef.wpex-carousel:not(.wpex-carousel--loaded) > *:not(:nth-child(1n+2)){display: flex !important;}@media only screen and (min-width: 480px) {.vcex_69e1e79ee04ef{--wpex-carousel-columns:1;}.vcex_69e1e79ee04ef.wpex-carousel:not(.wpex-carousel--loaded) > *:not(:nth-child(1n+2)){display: flex !important;}}@media only screen and (min-width: 768px) {.vcex_69e1e79ee04ef{--wpex-carousel-columns:1;}.vcex_69e1e79ee04ef.wpex-carousel:not(.wpex-carousel--loaded) > *:not(:nth-child(1n+2)){display: flex !important;}}@media only screen and (min-width: 960px) {.vcex_69e1e79ee04ef{--wpex-carousel-columns:3;}.vcex_69e1e79ee04ef.wpex-carousel:not(.wpex-carousel--loaded) > *:not(:nth-child(1n+4)){display: flex !important;}}<\/style><div class=\"vcex-image-carousel wpex-carousel wpex-carousel-images wpex-clr vcex-module wpex-carousel--render-onload vcex_69e1e79ee04ef arrwstyle-default arrwpos-top-right slider-imgs\" data-wpex-carousel=\"{&quot;autoplay&quot;:&quot;true&quot;,&quot;autoplayHoverPause&quot;:&quot;false&quot;,&quot;margin&quot;:24,&quot;slideBy&quot;:1,&quot;items&quot;:3,&quot;responsive&quot;:{&quot;0&quot;:{&quot;items&quot;:1},&quot;480&quot;:{&quot;items&quot;:1},&quot;768&quot;:{&quot;items&quot;:1},&quot;960&quot;:{&quot;items&quot;:3}}}\"><div class=\"wpex-carousel-slide\"><figure class=\"wpex-carousel-entry-media entry-media wpex-relative\"><img width=\"516\" height=\"516\" src=\"https:\/\/fama.global\/wp-content\/uploads\/2025\/06\/famalife1.webp\" class=\"wpex-align-middle skip-lazy\" alt=\"\" data-no-lazy=\"1\" srcset=\"https:\/\/fama.global\/wp-content\/uploads\/2025\/06\/famalife1.webp 516w, https:\/\/fama.global\/wp-content\/uploads\/2025\/06\/famalife1-300x300.webp 300w, https:\/\/fama.global\/wp-content\/uploads\/2025\/06\/famalife1-150x150.webp 150w\" sizes=\"(max-width: 516px) 100vw, 516px\" \/><\/figure><\/div><div class=\"wpex-carousel-slide\"><figure class=\"wpex-carousel-entry-media entry-media wpex-relative\"><img width=\"516\" height=\"516\" src=\"https:\/\/fama.global\/wp-content\/uploads\/2025\/06\/famalife3.webp\" class=\"wpex-align-middle skip-lazy\" alt=\"\" data-no-lazy=\"1\" srcset=\"https:\/\/fama.global\/wp-content\/uploads\/2025\/06\/famalife3.webp 516w, https:\/\/fama.global\/wp-content\/uploads\/2025\/06\/famalife3-300x300.webp 300w, https:\/\/fama.global\/wp-content\/uploads\/2025\/06\/famalife3-150x150.webp 150w\" sizes=\"(max-width: 516px) 100vw, 516px\" \/><\/figure><\/div><div class=\"wpex-carousel-slide\"><figure class=\"wpex-carousel-entry-media entry-media wpex-relative\"><img width=\"516\" height=\"516\" src=\"https:\/\/fama.global\/wp-content\/uploads\/2025\/06\/famalife2.webp\" class=\"wpex-align-middle skip-lazy\" alt=\"\" data-no-lazy=\"1\" srcset=\"https:\/\/fama.global\/wp-content\/uploads\/2025\/06\/famalife2.webp 516w, https:\/\/fama.global\/wp-content\/uploads\/2025\/06\/famalife2-300x300.webp 300w, https:\/\/fama.global\/wp-content\/uploads\/2025\/06\/famalife2-150x150.webp 150w\" sizes=\"(max-width: 516px) 100vw, 516px\" \/><\/figure><\/div><div class=\"wpex-carousel-slide\"><figure class=\"wpex-carousel-entry-media entry-media wpex-relative\"><img width=\"516\" height=\"516\" src=\"https:\/\/fama.global\/wp-content\/uploads\/2025\/06\/famalife4.webp\" class=\"wpex-align-middle skip-lazy\" alt=\"\" data-no-lazy=\"1\" srcset=\"https:\/\/fama.global\/wp-content\/uploads\/2025\/06\/famalife4.webp 516w, https:\/\/fama.global\/wp-content\/uploads\/2025\/06\/famalife4-300x300.webp 300w, https:\/\/fama.global\/wp-content\/uploads\/2025\/06\/famalife4-150x150.webp 150w\" sizes=\"(max-width: 516px) 100vw, 516px\" \/><\/figure><\/div><\/div>[\/vc_column][\/vc_row][\/vc_section]\n<\/div>","protected":false},"excerpt":{"rendered":"<p>[vc_section full_width=\u00a0\u00bbstretch_row\u00a0\u00bb wpex_bg_overlay=\u00a0\u00bbcustom\u00a0\u00bb wpex_bg_overlay_color=\u00a0\u00bb#141413&Prime; wpex_bg_overlay_opacity=\u00a0\u00bb50%\u00a0\u00bb el_class=\u00a0\u00bbinnerbanner-sec\u00a0\u00bb css=\u00a0\u00bb.vc_custom_1745305997297{background-image: url(https:\/\/fama.global\/wp-content\/uploads\/2025\/04\/caree-bgimg.webp?id=840) !important;background-position: center !important;background-repeat: no-repeat !important;background-size: cover !important;}\u00a0\u00bb][vc_row][vc_column][vc_column_text css=\u00a0\u00bb\u00a0\u00bb]Faites partie d\u2019une entreprise qui fa\u00e7onne l\u2019avenir de l\u2019agriculture durable tout en ayant un r\u00e9el impact sur les \u00e9conomies locales.[\/vc_column_text][\/vc_column][\/vc_row][\/vc_section][vc_section el_class=\u00a0\u00bbaboutfama-sec pt-80 pb-30&Prime;][vc_row][vc_column][vc_column_text css=\u00a0\u00bb\u00a0\u00bb]Chez FAMA, nous ne cultivons pas seulement des cultures \u2014 nous cultivons des carri\u00e8res. Nous sommes passionn\u00e9s&hellip;<\/p>\n","protected":false},"author":1,"featured_media":0,"parent":0,"menu_order":0,"comment_status":"closed","ping_status":"closed","template":"","meta":{"inline_featured_image":false,"footnotes":""},"class_list":["post-1841","page","type-page","status-publish","hentry","entry","no-media"],"acf":[],"yoast_head":"<!-- This site is optimized with the Yoast SEO plugin v25.3 - https:\/\/yoast.com\/wordpress\/plugins\/seo\/ -->\n<title>Carri\u00e8re - Fama Global<\/title>\n<meta name=\"robots\" content=\"index, follow, max-snippet:-1, max-image-preview:large, max-video-preview:-1\" \/>\n<link rel=\"canonical\" href=\"https:\/\/fama.global\/fr\/carriere\/\" \/>\n<meta property=\"og:locale\" content=\"fr_FR\" \/>\n<meta property=\"og:type\" content=\"article\" \/>\n<meta property=\"og:title\" content=\"Carri\u00e8re - Fama Global\" \/>\n<meta property=\"og:description\" content=\"[vc_section full_width=\u00a0\u00bbstretch_row\u00a0\u00bb wpex_bg_overlay=\u00a0\u00bbcustom\u00a0\u00bb wpex_bg_overlay_color=\u00a0\u00bb#141413&Prime; wpex_bg_overlay_opacity=\u00a0\u00bb50%\u00a0\u00bb el_class=\u00a0\u00bbinnerbanner-sec\u00a0\u00bb css=\u00a0\u00bb.vc_custom_1745305997297{background-image: url(https:\/\/fama.global\/wp-content\/uploads\/2025\/04\/caree-bgimg.webp?id=840) !important;background-position: center !important;background-repeat: no-repeat !important;background-size: cover !important;}\u00a0\u00bb][vc_row][vc_column][vc_column_text css=\u00a0\u00bb\u00a0\u00bb]Faites partie d\u2019une entreprise qui fa\u00e7onne l\u2019avenir de l\u2019agriculture durable tout en ayant un r\u00e9el impact sur les \u00e9conomies locales.[\/vc_column_text][\/vc_column][\/vc_row][\/vc_section][vc_section el_class=\u00a0\u00bbaboutfama-sec pt-80 pb-30&Prime;][vc_row][vc_column][vc_column_text css=\u00a0\u00bb\u00a0\u00bb]Chez FAMA, nous ne cultivons pas seulement des cultures \u2014 nous cultivons des carri\u00e8res. Nous sommes passionn\u00e9s&hellip;\" \/>\n<meta property=\"og:url\" content=\"https:\/\/fama.global\/fr\/carriere\/\" \/>\n<meta property=\"og:site_name\" content=\"Fama Global\" \/>\n<meta property=\"article:modified_time\" content=\"2025-06-11T12:10:06+00:00\" \/>\n<meta name=\"twitter:card\" content=\"summary_large_image\" \/>\n<meta name=\"twitter:label1\" content=\"Dur\u00e9e de lecture estim\u00e9e\" \/>\n\t<meta name=\"twitter:data1\" content=\"2 minutes\" \/>\n<script type=\"application\/ld+json\" class=\"yoast-schema-graph\">{\"@context\":\"https:\/\/schema.org\",\"@graph\":[{\"@type\":\"WebPage\",\"@id\":\"https:\/\/fama.global\/fr\/carriere\/\",\"url\":\"https:\/\/fama.global\/fr\/carriere\/\",\"name\":\"Carri\u00e8re - Fama Global\",\"isPartOf\":{\"@id\":\"https:\/\/fama.global\/#website\"},\"datePublished\":\"2025-03-31T09:36:48+00:00\",\"dateModified\":\"2025-06-11T12:10:06+00:00\",\"breadcrumb\":{\"@id\":\"https:\/\/fama.global\/fr\/carriere\/#breadcrumb\"},\"inLanguage\":\"fr-FR\",\"potentialAction\":[{\"@type\":\"ReadAction\",\"target\":[\"https:\/\/fama.global\/fr\/carriere\/\"]}]},{\"@type\":\"BreadcrumbList\",\"@id\":\"https:\/\/fama.global\/fr\/carriere\/#breadcrumb\",\"itemListElement\":[{\"@type\":\"ListItem\",\"position\":1,\"name\":\"Accueil\",\"item\":\"https:\/\/fama.global\/fr\/\"},{\"@type\":\"ListItem\",\"position\":2,\"name\":\"Carri\u00e8re\"}]},{\"@type\":\"WebSite\",\"@id\":\"https:\/\/fama.global\/#website\",\"url\":\"https:\/\/fama.global\/\",\"name\":\"Fama Global\",\"description\":\"\",\"publisher\":{\"@id\":\"https:\/\/fama.global\/#organization\"},\"potentialAction\":[{\"@type\":\"SearchAction\",\"target\":{\"@type\":\"EntryPoint\",\"urlTemplate\":\"https:\/\/fama.global\/?s={search_term_string}\"},\"query-input\":{\"@type\":\"PropertyValueSpecification\",\"valueRequired\":true,\"valueName\":\"search_term_string\"}}],\"inLanguage\":\"fr-FR\"},{\"@type\":\"Organization\",\"@id\":\"https:\/\/fama.global\/#organization\",\"name\":\"Fama Global\",\"url\":\"https:\/\/fama.global\/\",\"logo\":{\"@type\":\"ImageObject\",\"inLanguage\":\"fr-FR\",\"@id\":\"https:\/\/fama.global\/#\/schema\/logo\/image\/\",\"url\":\"https:\/\/fama.global\/wp-content\/uploads\/2025\/03\/site-logo.svg\",\"contentUrl\":\"https:\/\/fama.global\/wp-content\/uploads\/2025\/03\/site-logo.svg\",\"caption\":\"Fama Global\"},\"image\":{\"@id\":\"https:\/\/fama.global\/#\/schema\/logo\/image\/\"}}]}<\/script>\n<!-- \/ Yoast SEO plugin. -->","yoast_head_json":{"title":"Carri\u00e8re - Fama Global","robots":{"index":"index","follow":"follow","max-snippet":"max-snippet:-1","max-image-preview":"max-image-preview:large","max-video-preview":"max-video-preview:-1"},"canonical":"https:\/\/fama.global\/fr\/carriere\/","og_locale":"fr_FR","og_type":"article","og_title":"Carri\u00e8re - Fama Global","og_description":"[vc_section full_width=\u00a0\u00bbstretch_row\u00a0\u00bb wpex_bg_overlay=\u00a0\u00bbcustom\u00a0\u00bb wpex_bg_overlay_color=\u00a0\u00bb#141413&Prime; wpex_bg_overlay_opacity=\u00a0\u00bb50%\u00a0\u00bb el_class=\u00a0\u00bbinnerbanner-sec\u00a0\u00bb css=\u00a0\u00bb.vc_custom_1745305997297{background-image: url(https:\/\/fama.global\/wp-content\/uploads\/2025\/04\/caree-bgimg.webp?id=840) !important;background-position: center !important;background-repeat: no-repeat !important;background-size: cover !important;}\u00a0\u00bb][vc_row][vc_column][vc_column_text css=\u00a0\u00bb\u00a0\u00bb]Faites partie d\u2019une entreprise qui fa\u00e7onne l\u2019avenir de l\u2019agriculture durable tout en ayant un r\u00e9el impact sur les \u00e9conomies locales.[\/vc_column_text][\/vc_column][\/vc_row][\/vc_section][vc_section el_class=\u00a0\u00bbaboutfama-sec pt-80 pb-30&Prime;][vc_row][vc_column][vc_column_text css=\u00a0\u00bb\u00a0\u00bb]Chez FAMA, nous ne cultivons pas seulement des cultures \u2014 nous cultivons des carri\u00e8res. Nous sommes passionn\u00e9s&hellip;","og_url":"https:\/\/fama.global\/fr\/carriere\/","og_site_name":"Fama Global","article_modified_time":"2025-06-11T12:10:06+00:00","twitter_card":"summary_large_image","twitter_misc":{"Dur\u00e9e de lecture estim\u00e9e":"2 minutes"},"schema":{"@context":"https:\/\/schema.org","@graph":[{"@type":"WebPage","@id":"https:\/\/fama.global\/fr\/carriere\/","url":"https:\/\/fama.global\/fr\/carriere\/","name":"Carri\u00e8re - Fama Global","isPartOf":{"@id":"https:\/\/fama.global\/#website"},"datePublished":"2025-03-31T09:36:48+00:00","dateModified":"2025-06-11T12:10:06+00:00","breadcrumb":{"@id":"https:\/\/fama.global\/fr\/carriere\/#breadcrumb"},"inLanguage":"fr-FR","potentialAction":[{"@type":"ReadAction","target":["https:\/\/fama.global\/fr\/carriere\/"]}]},{"@type":"BreadcrumbList","@id":"https:\/\/fama.global\/fr\/carriere\/#breadcrumb","itemListElement":[{"@type":"ListItem","position":1,"name":"Accueil","item":"https:\/\/fama.global\/fr\/"},{"@type":"ListItem","position":2,"name":"Carri\u00e8re"}]},{"@type":"WebSite","@id":"https:\/\/fama.global\/#website","url":"https:\/\/fama.global\/","name":"Fama Global","description":"","publisher":{"@id":"https:\/\/fama.global\/#organization"},"potentialAction":[{"@type":"SearchAction","target":{"@type":"EntryPoint","urlTemplate":"https:\/\/fama.global\/?s={search_term_string}"},"query-input":{"@type":"PropertyValueSpecification","valueRequired":true,"valueName":"search_term_string"}}],"inLanguage":"fr-FR"},{"@type":"Organization","@id":"https:\/\/fama.global\/#organization","name":"Fama Global","url":"https:\/\/fama.global\/","logo":{"@type":"ImageObject","inLanguage":"fr-FR","@id":"https:\/\/fama.global\/#\/schema\/logo\/image\/","url":"https:\/\/fama.global\/wp-content\/uploads\/2025\/03\/site-logo.svg","contentUrl":"https:\/\/fama.global\/wp-content\/uploads\/2025\/03\/site-logo.svg","caption":"Fama Global"},"image":{"@id":"https:\/\/fama.global\/#\/schema\/logo\/image\/"}}]}},"_links":{"self":[{"href":"https:\/\/fama.global\/fr\/wp-json\/wp\/v2\/pages\/1841","targetHints":{"allow":["GET"]}}],"collection":[{"href":"https:\/\/fama.global\/fr\/wp-json\/wp\/v2\/pages"}],"about":[{"href":"https:\/\/fama.global\/fr\/wp-json\/wp\/v2\/types\/page"}],"author":[{"embeddable":true,"href":"https:\/\/fama.global\/fr\/wp-json\/wp\/v2\/users\/1"}],"replies":[{"embeddable":true,"href":"https:\/\/fama.global\/fr\/wp-json\/wp\/v2\/comments?post=1841"}],"version-history":[{"count":5,"href":"https:\/\/fama.global\/fr\/wp-json\/wp\/v2\/pages\/1841\/revisions"}],"predecessor-version":[{"id":1914,"href":"https:\/\/fama.global\/fr\/wp-json\/wp\/v2\/pages\/1841\/revisions\/1914"}],"wp:attachment":[{"href":"https:\/\/fama.global\/fr\/wp-json\/wp\/v2\/media?parent=1841"}],"curies":[{"name":"wp","href":"https:\/\/api.w.org\/{rel}","templated":true}]}}