{"id":1837,"date":"2025-05-05T05:49:50","date_gmt":"2025-05-05T05:49:50","guid":{"rendered":"https:\/\/fama.globalcase-studies\/"},"modified":"2025-06-10T08:30:27","modified_gmt":"2025-06-10T08:30:27","slug":"etudes-de-cas","status":"publish","type":"page","link":"https:\/\/fama.global\/fr\/etudes-de-cas\/","title":{"rendered":"\u00c9tudes de cas"},"content":{"rendered":"<div class=\"wpb-content-wrapper\">[vc_section full_width=\u00a0\u00bbstretch_row\u00a0\u00bb wpex_bg_overlay=\u00a0\u00bbcustom\u00a0\u00bb wpex_bg_overlay_color=\u00a0\u00bb#141413&Prime; wpex_bg_overlay_opacity=\u00a0\u00bb50%\u00a0\u00bb el_class=\u00a0\u00bbinnerbanner-sec\u00a0\u00bb css=\u00a0\u00bb.vc_custom_1748606186422{background-image: url(https:\/\/fama.global\/wp-content\/uploads\/2025\/05\/casestudy-banner.webp?id=1409) !important;background-position: center !important;background-repeat: no-repeat !important;background-size: cover !important;}\u00a0\u00bb][vc_row][vc_column]<nav class=\"vcex-breadcrumbs vcex-breadcrumbs--links-inherit-color\"><span><span><a href=\"https:\/\/famaglobal.barodaweb.org\/fr\/\">Accueil<\/a><\/span><\/span><\/nav><h1 class=\"vcex-heading vcex-heading-plain vcex-module wpex-heading wpex-text-2xl\"><span class=\"vcex-heading-inner wpex-inline-block\">\u00c9tudes de cas<\/span><\/h1>[vc_column_text css=\u00a0\u00bb\u00a0\u00bb]R\u00e9volutionner l\u2019aquaculture \u2013 Pure, nutritive et \u00e9lev\u00e9e de mani\u00e8re durable.[\/vc_column_text][\/vc_column][\/vc_row][\/vc_section][vc_section full_width=\u00a0\u00bbstretch_row\u00a0\u00bb el_class=\u00a0\u00bbpt-80 pb-80&Prime;][vc_row content_placement=\u00a0\u00bbmiddle\u00a0\u00bb][vc_column]<h2 class=\"vcex-heading vcex-heading-plain vcex-module wpex-heading wpex-text-2xl wpex-text-center\"><span class=\"vcex-heading-inner wpex-inline-block\"><b>Renforcer la r\u00e9silience gr\u00e2ce \u00e0 l\u2019innovation<\/b><\/span><\/h2><div class=\"vcex-spacing wpex-w-100 wpex-clear\" style=\"height:16px;\"><\/div>[vc_column_text css=\u00a0\u00bb\u00a0\u00bb text_align=\u00a0\u00bbcenter\u00a0\u00bb]D\u00e9couvrez comment les solutions innovantes de FAMA transforment les communaut\u00e9s agricoles et stimulent une croissance agricole durable.[\/vc_column_text]<div class=\"vcex-spacing wpex-w-100 wpex-clear\" style=\"height:45px;\"><\/div>[\/vc_column][\/vc_row][vc_row content_placement=\u00a0\u00bbmiddle\u00a0\u00bb][vc_column offset=\u00a0\u00bbvc_hidden-sm vc_hidden-xs\u00a0\u00bb]\n\t<div class=\"casestudy-listingtabs\">\n\t\t\n\t\t\t\n\t\t\n\t\t\t<div class='casestudy-buttons'>\n\t\t\t\t\t\n\t\t\t\t\t\t\t\t\t\t<a href=\"javascript:void(0);\" class='casestudy1'>\n\t\t\t\t\t\t<div class=\"title-desc\">\n\t\t\t\t\t\t\t<h4>\n\t\t\t\t\t\t\t\tOp\u00e9rations en R\u00e9publique du Congo\t\t\t\t\t\t\t<\/h4>\n\t\t\t\t\t\t\t<div class=\"desc\">\n\t\t\t\t\t\t\t\t<p>Nous sommes actuellement actifs en R\u00e9publique du Congo, o\u00f9 nous fournissons des semences aux cultivateurs de ma\u00efs. Nos initiatives visent \u00e0 augmenter les rendements tout en assurant des accords de rachat pour leur production. Le ma\u00efs r\u00e9colt\u00e9 est ensuite destin\u00e9 aux \u00e9leveurs de volailles, contribuant ainsi \u00e0 am\u00e9liorer \u00e9galement leurs rendements. De plus, nous proposons du tourteau de soja, des concentr\u00e9s et du calcium pour r\u00e9pondre \u00e0 leurs besoins nutritionnels.<\/p>\n\t\t\t\t\t\t\t\t<span class=\"read-more\">\n\t\t\t\t\t\t\t\t\t\n\t\t\t\t\t\t\t\t\t\t\t\t\t\t\t\t\t\t\tEn savoir plus <img src=\"https:\/\/fama.global\/wp-content\/uploads\/2025\/04\/cross-arrow.svg\" alt=\"arrow\" \/>\n\t\t\t\t\t\t\t\t\t\t\t\t\t\t\t\t\t\t\n\t\t\t\t\t\t\t\t<\/span>\n\t\t\t\t\t\t\t<\/div>\n\t\t\t\t\t\t<\/div>\n\t\t\t\t\t<\/a>\n\t\t\t\t\t\n\t\t\t\t\t\t\t\t\t\t<a href=\"javascript:void(0);\" class='casestudy2'>\n\t\t\t\t\t\t<div class=\"title-desc\">\n\t\t\t\t\t\t\t<h4>\n\t\t\t\t\t\t\t\tSoutien aux agriculteurs : Semences et fonds de roulement\t\t\t\t\t\t\t<\/h4>\n\t\t\t\t\t\t\t<div class=\"desc\">\n\t\t\t\t\t\t\t\t<p>Nous fournissons aux agriculteurs au Mali des semences pour les cultures d\u2019exportation ainsi qu\u2019un fonds de roulement pour renforcer leurs capacit\u00e9s de production. Ce soutien global permet non seulement d\u2019augmenter la productivit\u00e9 agricole, mais aussi de favoriser la stabilit\u00e9 \u00e9conomique au sein des communaut\u00e9s agricoles. En outre, nous proposons localement des aliments pour poissons de haute qualit\u00e9, disponibles \u00e0 la demande pour les pisciculteurs locaux, leur \u00e9vitant ainsi d&rsquo;importer leurs aliments. Nous fournissons \u00e9galement les meilleures souches d\u2019alevins de tilapia et de poisson-chat pour soutenir les op\u00e9rations de pisciculture locales.<\/p>\n\t\t\t\t\t\t\t\t<span class=\"read-more\">\n\t\t\t\t\t\t\t\t\t\n\t\t\t\t\t\t\t\t\t\t\t\t\t\t\t\t\t\t\tEn savoir plus <img src=\"https:\/\/fama.global\/wp-content\/uploads\/2025\/04\/cross-arrow.svg\" alt=\"arrow\" \/>\n\t\t\t\t\t\t\t\t\t\t\t\t\t\t\t\t\t\t\n\t\t\t\t\t\t\t\t<\/span>\n\t\t\t\t\t\t\t<\/div>\n\t\t\t\t\t\t<\/div>\n\t\t\t\t\t<\/a>\n\t\t\t\t\t\n\t\t\t\t\t\t\t\t\t\t<a href=\"javascript:void(0);\" class='casestudy3'>\n\t\t\t\t\t\t<div class=\"title-desc\">\n\t\t\t\t\t\t\t<h4>\n\t\t\t\t\t\t\t\t\u00c9tude de cas en conseil : R\u00e9solution d\u2019une crise de mortalit\u00e9 piscicole\t\t\t\t\t\t\t<\/h4>\n\t\t\t\t\t\t\t<div class=\"desc\">\n\t\t\t\t\t\t\t\t<p>La ferme Aquarech au Kenya a \u00e9t\u00e9 confront\u00e9e \u00e0 un probl\u00e8me majeur de mortalit\u00e9 massive de poissons. Pour y rem\u00e9dier, notre \u00e9quipe a collabor\u00e9 avec des consultants externes en aquaculture et des experts en production pour mener une enqu\u00eate approfondie. Au cours d\u2019une p\u00e9riode exp\u00e9rimentale de 30 jours, nous avons test\u00e9 diff\u00e9rentes formulations d\u2019aliments pour en \u00e9valuer les performances. Gr\u00e2ce \u00e0 une supervision rigoureuse et une analyse d\u00e9taill\u00e9e, nous avons identifi\u00e9 la cause principale de la mortalit\u00e9. \u00c0 l\u2019issue de nos efforts, la ferme a pu compenser ses pertes et r\u00e9soudre efficacement le probl\u00e8me pendant la p\u00e9riode d\u2019essai.<\/p>\n\t\t\t\t\t\t\t\t<span class=\"read-more\">\n\t\t\t\t\t\t\t\t\t\n\t\t\t\t\t\t\t\t\t\t\t\t\t\t\t\t\t\t\tEn savoir plus <img src=\"https:\/\/fama.global\/wp-content\/uploads\/2025\/04\/cross-arrow.svg\" alt=\"arrow\" \/>\n\t\t\t\t\t\t\t\t\t\t\t\t\t\t\t\t\t\t\n\t\t\t\t\t\t\t\t<\/span>\n\t\t\t\t\t\t\t<\/div>\n\t\t\t\t\t\t<\/div>\n\t\t\t\t\t<\/a>\n\t\t\t\t\t\t\t<\/div>\n\t\t\n\t\t\t<div class='casestudy-content'>   \n\t\t\t\t\t\n\t\t\t\t\t\n\t\t\t\t\t\t\t\t\t\t<div class='casestudy-box casestudy1'>\n\t\t\t\t\t\t<div class=\"img\">\n\t\t\t\t\t\t\t<img src=\"https:\/\/fama.global\/wp-content\/uploads\/2025\/05\/Operations-in-the-Republic-of-Congo.webp\" alt=\"Op\u00e9rations en R\u00e9publique du Congo\" \/>\n\t\t\t\t\t\t<\/div>\n\t\t\t\t\t\t<div class=\"title-desc\">\n\t\t\t\t\t\t\t<h2>\n\t\t\t\t\t\t\t\tOp\u00e9rations en R\u00e9publique du Congo\t\t\t\t\t\t\t<\/h2>\n\t\t\t\t\t\t\t<p>Nous sommes actuellement actifs en R\u00e9publique du Congo, o\u00f9 nous fournissons des semences aux cultivateurs de ma\u00efs. Nos initiatives visent \u00e0 augmenter les rendements tout en assurant des accords de rachat pour leur production. Le ma\u00efs r\u00e9colt\u00e9 est ensuite destin\u00e9 aux \u00e9leveurs de volailles, contribuant ainsi \u00e0 am\u00e9liorer \u00e9galement leurs rendements. De plus, nous proposons du tourteau de soja, des concentr\u00e9s et du calcium pour r\u00e9pondre \u00e0 leurs besoins nutritionnels.<\/p>\n\t\t\t\t\t\t<\/div>\n\t\t\t\t\t<\/div>\n\t\t\t\t\n\t\t\t\t\t\n\t\t\t\t\t\n\t\t\t\t\t\t\t\t\t\t<div class='casestudy-box casestudy2'>\n\t\t\t\t\t\t<div class=\"img\">\n\t\t\t\t\t\t\t<img src=\"https:\/\/fama.global\/wp-content\/uploads\/2025\/04\/Support-for-Farmers_-Seeds-and-Working-Capital.webp\" alt=\"Soutien aux agriculteurs : Semences et fonds de roulement\" \/>\n\t\t\t\t\t\t<\/div>\n\t\t\t\t\t\t<div class=\"title-desc\">\n\t\t\t\t\t\t\t<h2>\n\t\t\t\t\t\t\t\tSoutien aux agriculteurs : Semences et fonds de roulement\t\t\t\t\t\t\t<\/h2>\n\t\t\t\t\t\t\t<p>Nous fournissons aux agriculteurs au Mali des semences pour les cultures d\u2019exportation ainsi qu\u2019un fonds de roulement pour renforcer leurs capacit\u00e9s de production. Ce soutien global permet non seulement d\u2019augmenter la productivit\u00e9 agricole, mais aussi de favoriser la stabilit\u00e9 \u00e9conomique au sein des communaut\u00e9s agricoles. En outre, nous proposons localement des aliments pour poissons de haute qualit\u00e9, disponibles \u00e0 la demande pour les pisciculteurs locaux, leur \u00e9vitant ainsi d&rsquo;importer leurs aliments. Nous fournissons \u00e9galement les meilleures souches d\u2019alevins de tilapia et de poisson-chat pour soutenir les op\u00e9rations de pisciculture locales.<\/p>\n\t\t\t\t\t\t<\/div>\n\t\t\t\t\t<\/div>\n\t\t\t\t\n\t\t\t\t\t\n\t\t\t\t\t\n\t\t\t\t\t\t\t\t\t\t<div class='casestudy-box casestudy3'>\n\t\t\t\t\t\t<div class=\"img\">\n\t\t\t\t\t\t\t<img src=\"https:\/\/fama.global\/wp-content\/uploads\/2025\/04\/Consultancy-Case-Study_-Fish-Mortality-Crisis-Resolution.webp\" alt=\"\u00c9tude de cas en conseil : R\u00e9solution d\u2019une crise de mortalit\u00e9 piscicole\" \/>\n\t\t\t\t\t\t<\/div>\n\t\t\t\t\t\t<div class=\"title-desc\">\n\t\t\t\t\t\t\t<h2>\n\t\t\t\t\t\t\t\t\u00c9tude de cas en conseil : R\u00e9solution d\u2019une crise de mortalit\u00e9 piscicole\t\t\t\t\t\t\t<\/h2>\n\t\t\t\t\t\t\t<p>La ferme Aquarech au Kenya a \u00e9t\u00e9 confront\u00e9e \u00e0 un probl\u00e8me majeur de mortalit\u00e9 massive de poissons. Pour y rem\u00e9dier, notre \u00e9quipe a collabor\u00e9 avec des consultants externes en aquaculture et des experts en production pour mener une enqu\u00eate approfondie. Au cours d\u2019une p\u00e9riode exp\u00e9rimentale de 30 jours, nous avons test\u00e9 diff\u00e9rentes formulations d\u2019aliments pour en \u00e9valuer les performances. Gr\u00e2ce \u00e0 une supervision rigoureuse et une analyse d\u00e9taill\u00e9e, nous avons identifi\u00e9 la cause principale de la mortalit\u00e9. \u00c0 l\u2019issue de nos efforts, la ferme a pu compenser ses pertes et r\u00e9soudre efficacement le probl\u00e8me pendant la p\u00e9riode d\u2019essai.<\/p>\n\t\t\t\t\t\t<\/div>\n\t\t\t\t\t<\/div>\n\t\t\t\t\n\t\t\t\t\t\t\t<\/div>\n\t\t\t\n\t\t\t\t\t\n\t\t\t\t\n\t<\/div>\n\t\t\n\t\t\n\n<div class=\"vcex-shortcode wpex-clr\"><\/div>[\/vc_column][\/vc_row][vc_row content_placement=\u00a0\u00bbmiddle\u00a0\u00bb][vc_column offset=\u00a0\u00bbvc_hidden-lg vc_hidden-md\u00a0\u00bb]\n\t<div class=\"casestudy-listing\">\n\t\t\n\t\t\t\t\t\n\n\t\t\t<div class='premiumproducts-boxes'>\n\n\t\t\t\t\t\n\n\t\t\t\t\t\t\t\t\n\n\t\t\t\t\t<div class=\"boxes\">\n\t\t\t\t\t\t<div class=\"img\">\n\t\t\t\t\t\t\t<img src=\"https:\/\/fama.global\/wp-content\/uploads\/2025\/05\/Operations-in-the-Republic-of-Congo.webp\" alt=\"Op\u00e9rations en R\u00e9publique du Congo\" \/>\n\t\t\t\t\t\t<\/div>\n\t\t\t\t\t\t<div class=\"title-desc\">\n\t\t\t\t\t\t\t<h3>\n\t\t\t\t\t\t\t\tOp\u00e9rations en R\u00e9publique du Congo\t\t\t\t\t\t\t<\/h3>\n\t\t\t\t\t\t\t<p>Nous sommes actuellement actifs en R\u00e9publique du Congo, o\u00f9 nous fournissons des semences aux cultivateurs de ma\u00efs. Nos initiatives visent \u00e0 augmenter les rendements tout en assurant des accords de rachat pour leur production. Le ma\u00efs r\u00e9colt\u00e9 est ensuite destin\u00e9 aux \u00e9leveurs de volailles, contribuant ainsi \u00e0 am\u00e9liorer \u00e9galement leurs rendements. De plus, nous proposons du tourteau de soja, des concentr\u00e9s et du calcium pour r\u00e9pondre \u00e0 leurs besoins nutritionnels.<\/p>\n\t\t\t\t\t\t<\/div>\n\t\t\t\t\t<\/div>\n\n\t\t\t\t\t\n\n\t\t\t\t\t\t\t\t\n\n\t\t\t\t\t<div class=\"boxes\">\n\t\t\t\t\t\t<div class=\"img\">\n\t\t\t\t\t\t\t<img src=\"https:\/\/fama.global\/wp-content\/uploads\/2025\/04\/Support-for-Farmers_-Seeds-and-Working-Capital.webp\" alt=\"Soutien aux agriculteurs : Semences et fonds de roulement\" \/>\n\t\t\t\t\t\t<\/div>\n\t\t\t\t\t\t<div class=\"title-desc\">\n\t\t\t\t\t\t\t<h3>\n\t\t\t\t\t\t\t\tSoutien aux agriculteurs : Semences et fonds de roulement\t\t\t\t\t\t\t<\/h3>\n\t\t\t\t\t\t\t<p>Nous fournissons aux agriculteurs au Mali des semences pour les cultures d\u2019exportation ainsi qu\u2019un fonds de roulement pour renforcer leurs capacit\u00e9s de production. Ce soutien global permet non seulement d\u2019augmenter la productivit\u00e9 agricole, mais aussi de favoriser la stabilit\u00e9 \u00e9conomique au sein des communaut\u00e9s agricoles. En outre, nous proposons localement des aliments pour poissons de haute qualit\u00e9, disponibles \u00e0 la demande pour les pisciculteurs locaux, leur \u00e9vitant ainsi d&rsquo;importer leurs aliments. Nous fournissons \u00e9galement les meilleures souches d\u2019alevins de tilapia et de poisson-chat pour soutenir les op\u00e9rations de pisciculture locales.<\/p>\n\t\t\t\t\t\t<\/div>\n\t\t\t\t\t<\/div>\n\n\t\t\t\t\t\n\n\t\t\t\t\t\t\t\t\n\n\t\t\t\t\t<div class=\"boxes\">\n\t\t\t\t\t\t<div class=\"img\">\n\t\t\t\t\t\t\t<img src=\"https:\/\/fama.global\/wp-content\/uploads\/2025\/04\/Consultancy-Case-Study_-Fish-Mortality-Crisis-Resolution.webp\" alt=\"\u00c9tude de cas en conseil : R\u00e9solution d\u2019une crise de mortalit\u00e9 piscicole\" \/>\n\t\t\t\t\t\t<\/div>\n\t\t\t\t\t\t<div class=\"title-desc\">\n\t\t\t\t\t\t\t<h3>\n\t\t\t\t\t\t\t\t\u00c9tude de cas en conseil : R\u00e9solution d\u2019une crise de mortalit\u00e9 piscicole\t\t\t\t\t\t\t<\/h3>\n\t\t\t\t\t\t\t<p>La ferme Aquarech au Kenya a \u00e9t\u00e9 confront\u00e9e \u00e0 un probl\u00e8me majeur de mortalit\u00e9 massive de poissons. Pour y rem\u00e9dier, notre \u00e9quipe a collabor\u00e9 avec des consultants externes en aquaculture et des experts en production pour mener une enqu\u00eate approfondie. Au cours d\u2019une p\u00e9riode exp\u00e9rimentale de 30 jours, nous avons test\u00e9 diff\u00e9rentes formulations d\u2019aliments pour en \u00e9valuer les performances. Gr\u00e2ce \u00e0 une supervision rigoureuse et une analyse d\u00e9taill\u00e9e, nous avons identifi\u00e9 la cause principale de la mortalit\u00e9. \u00c0 l\u2019issue de nos efforts, la ferme a pu compenser ses pertes et r\u00e9soudre efficacement le probl\u00e8me pendant la p\u00e9riode d\u2019essai.<\/p>\n\t\t\t\t\t\t<\/div>\n\t\t\t\t\t<\/div>\n\n\t\t\t\t\t\n\t\t\t<\/div>\t\t\t\n\t\t\t\t\n\t<\/div>\n\t\t\n\t\t\n\n<div class=\"vcex-shortcode wpex-clr\"><\/div>[\/vc_column][\/vc_row][\/vc_section]\n<\/div>","protected":false},"excerpt":{"rendered":"<p>[vc_section full_width=\u00a0\u00bbstretch_row\u00a0\u00bb wpex_bg_overlay=\u00a0\u00bbcustom\u00a0\u00bb wpex_bg_overlay_color=\u00a0\u00bb#141413&Prime; wpex_bg_overlay_opacity=\u00a0\u00bb50%\u00a0\u00bb el_class=\u00a0\u00bbinnerbanner-sec\u00a0\u00bb css=\u00a0\u00bb.vc_custom_1748606186422{background-image: url(https:\/\/fama.global\/wp-content\/uploads\/2025\/05\/casestudy-banner.webp?id=1409) !important;background-position: center !important;background-repeat: no-repeat !important;background-size: cover !important;}\u00a0\u00bb][vc_row][vc_column][vc_column_text css=\u00a0\u00bb\u00a0\u00bb]R\u00e9volutionner l\u2019aquaculture \u2013 Pure, nutritive et \u00e9lev\u00e9e de mani\u00e8re durable.[\/vc_column_text][\/vc_column][\/vc_row][\/vc_section][vc_section full_width=\u00a0\u00bbstretch_row\u00a0\u00bb el_class=\u00a0\u00bbpt-80 pb-80&Prime;][vc_row content_placement=\u00a0\u00bbmiddle\u00a0\u00bb][vc_column][vc_column_text css=\u00a0\u00bb\u00a0\u00bb text_align=\u00a0\u00bbcenter\u00a0\u00bb]D\u00e9couvrez comment les solutions innovantes de FAMA transforment les communaut\u00e9s agricoles et stimulent une croissance agricole durable.[\/vc_column_text][\/vc_column][\/vc_row][vc_row content_placement=\u00a0\u00bbmiddle\u00a0\u00bb][vc_column offset=\u00a0\u00bbvc_hidden-sm vc_hidden-xs\u00a0\u00bb][\/vc_column][\/vc_row][vc_row content_placement=\u00a0\u00bbmiddle\u00a0\u00bb][vc_column offset=\u00a0\u00bbvc_hidden-lg vc_hidden-md\u00a0\u00bb][\/vc_column][\/vc_row][\/vc_section]<\/p>\n","protected":false},"author":1,"featured_media":0,"parent":0,"menu_order":0,"comment_status":"closed","ping_status":"closed","template":"","meta":{"inline_featured_image":false,"footnotes":""},"class_list":["post-1837","page","type-page","status-publish","hentry","entry","has-media"],"acf":[],"yoast_head":"<!-- This site is optimized with the Yoast SEO plugin v25.3 - https:\/\/yoast.com\/wordpress\/plugins\/seo\/ -->\n<title>\u00c9tudes de cas - Fama Global<\/title>\n<meta name=\"robots\" content=\"index, follow, max-snippet:-1, max-image-preview:large, max-video-preview:-1\" \/>\n<link rel=\"canonical\" href=\"https:\/\/famaglobal.barodaweb.org\/fr\/etudes-de-cas\/\" \/>\n<meta property=\"og:locale\" content=\"fr_FR\" \/>\n<meta property=\"og:type\" content=\"article\" \/>\n<meta property=\"og:title\" content=\"\u00c9tudes de cas - Fama Global\" \/>\n<meta property=\"og:description\" content=\"[vc_section full_width=\u00a0\u00bbstretch_row\u00a0\u00bb wpex_bg_overlay=\u00a0\u00bbcustom\u00a0\u00bb wpex_bg_overlay_color=\u00a0\u00bb#141413&Prime; wpex_bg_overlay_opacity=\u00a0\u00bb50%\u00a0\u00bb el_class=\u00a0\u00bbinnerbanner-sec\u00a0\u00bb css=\u00a0\u00bb.vc_custom_1748606186422{background-image: url(https:\/\/fama.global\/wp-content\/uploads\/2025\/05\/casestudy-banner.webp?id=1409) !important;background-position: center !important;background-repeat: no-repeat !important;background-size: cover !important;}\u00a0\u00bb][vc_row][vc_column][vc_column_text css=\u00a0\u00bb\u00a0\u00bb]R\u00e9volutionner l\u2019aquaculture \u2013 Pure, nutritive et \u00e9lev\u00e9e de mani\u00e8re durable.[\/vc_column_text][\/vc_column][\/vc_row][\/vc_section][vc_section full_width=\u00a0\u00bbstretch_row\u00a0\u00bb el_class=\u00a0\u00bbpt-80 pb-80&Prime;][vc_row content_placement=\u00a0\u00bbmiddle\u00a0\u00bb][vc_column][vc_column_text css=\u00a0\u00bb\u00a0\u00bb text_align=\u00a0\u00bbcenter\u00a0\u00bb]D\u00e9couvrez comment les solutions innovantes de FAMA transforment les communaut\u00e9s agricoles et stimulent une croissance agricole durable.[\/vc_column_text][\/vc_column][\/vc_row][vc_row content_placement=\u00a0\u00bbmiddle\u00a0\u00bb][vc_column offset=\u00a0\u00bbvc_hidden-sm vc_hidden-xs\u00a0\u00bb][\/vc_column][\/vc_row][vc_row content_placement=\u00a0\u00bbmiddle\u00a0\u00bb][vc_column offset=\u00a0\u00bbvc_hidden-lg vc_hidden-md\u00a0\u00bb][\/vc_column][\/vc_row][\/vc_section]\" \/>\n<meta property=\"og:url\" content=\"https:\/\/famaglobal.barodaweb.org\/fr\/etudes-de-cas\/\" \/>\n<meta property=\"og:site_name\" content=\"Fama Global\" \/>\n<meta property=\"article:modified_time\" content=\"2025-06-10T08:30:27+00:00\" \/>\n<meta name=\"twitter:card\" content=\"summary_large_image\" \/>\n<meta name=\"twitter:label1\" content=\"Dur\u00e9e de lecture estim\u00e9e\" \/>\n\t<meta name=\"twitter:data1\" content=\"1 minute\" \/>\n<script type=\"application\/ld+json\" class=\"yoast-schema-graph\">{\"@context\":\"https:\/\/schema.org\",\"@graph\":[{\"@type\":\"WebPage\",\"@id\":\"https:\/\/famaglobal.barodaweb.org\/fr\/etudes-de-cas\/\",\"url\":\"https:\/\/famaglobal.barodaweb.org\/fr\/etudes-de-cas\/\",\"name\":\"\u00c9tudes de cas - Fama Global\",\"isPartOf\":{\"@id\":\"https:\/\/famaglobal.barodaweb.org\/#website\"},\"datePublished\":\"2025-05-05T05:49:50+00:00\",\"dateModified\":\"2025-06-10T08:30:27+00:00\",\"breadcrumb\":{\"@id\":\"https:\/\/famaglobal.barodaweb.org\/fr\/etudes-de-cas\/#breadcrumb\"},\"inLanguage\":\"fr-FR\",\"potentialAction\":[{\"@type\":\"ReadAction\",\"target\":[\"https:\/\/famaglobal.barodaweb.org\/fr\/etudes-de-cas\/\"]}]},{\"@type\":\"BreadcrumbList\",\"@id\":\"https:\/\/famaglobal.barodaweb.org\/fr\/etudes-de-cas\/#breadcrumb\",\"itemListElement\":[{\"@type\":\"ListItem\",\"position\":1,\"name\":\"Accueil\",\"item\":\"https:\/\/famaglobal.barodaweb.org\/fr\/\"},{\"@type\":\"ListItem\",\"position\":2,\"name\":\"\u00c9tudes de cas\"}]},{\"@type\":\"WebSite\",\"@id\":\"https:\/\/famaglobal.barodaweb.org\/#website\",\"url\":\"https:\/\/famaglobal.barodaweb.org\/\",\"name\":\"Fama Global\",\"description\":\"\",\"publisher\":{\"@id\":\"https:\/\/famaglobal.barodaweb.org\/#organization\"},\"potentialAction\":[{\"@type\":\"SearchAction\",\"target\":{\"@type\":\"EntryPoint\",\"urlTemplate\":\"https:\/\/famaglobal.barodaweb.org\/?s={search_term_string}\"},\"query-input\":{\"@type\":\"PropertyValueSpecification\",\"valueRequired\":true,\"valueName\":\"search_term_string\"}}],\"inLanguage\":\"fr-FR\"},{\"@type\":\"Organization\",\"@id\":\"https:\/\/famaglobal.barodaweb.org\/#organization\",\"name\":\"Fama Global\",\"url\":\"https:\/\/famaglobal.barodaweb.org\/\",\"logo\":{\"@type\":\"ImageObject\",\"inLanguage\":\"fr-FR\",\"@id\":\"https:\/\/famaglobal.barodaweb.org\/#\/schema\/logo\/image\/\",\"url\":\"https:\/\/fama.global\/wp-content\/uploads\/2025\/03\/site-logo.svg\",\"contentUrl\":\"https:\/\/fama.global\/wp-content\/uploads\/2025\/03\/site-logo.svg\",\"caption\":\"Fama Global\"},\"image\":{\"@id\":\"https:\/\/famaglobal.barodaweb.org\/#\/schema\/logo\/image\/\"}}]}<\/script>\n<!-- \/ Yoast SEO plugin. -->","yoast_head_json":{"title":"\u00c9tudes de cas - Fama Global","robots":{"index":"index","follow":"follow","max-snippet":"max-snippet:-1","max-image-preview":"max-image-preview:large","max-video-preview":"max-video-preview:-1"},"canonical":"https:\/\/famaglobal.barodaweb.org\/fr\/etudes-de-cas\/","og_locale":"fr_FR","og_type":"article","og_title":"\u00c9tudes de cas - Fama Global","og_description":"[vc_section full_width=\u00a0\u00bbstretch_row\u00a0\u00bb wpex_bg_overlay=\u00a0\u00bbcustom\u00a0\u00bb wpex_bg_overlay_color=\u00a0\u00bb#141413&Prime; wpex_bg_overlay_opacity=\u00a0\u00bb50%\u00a0\u00bb el_class=\u00a0\u00bbinnerbanner-sec\u00a0\u00bb css=\u00a0\u00bb.vc_custom_1748606186422{background-image: url(https:\/\/fama.global\/wp-content\/uploads\/2025\/05\/casestudy-banner.webp?id=1409) !important;background-position: center !important;background-repeat: no-repeat !important;background-size: cover !important;}\u00a0\u00bb][vc_row][vc_column][vc_column_text css=\u00a0\u00bb\u00a0\u00bb]R\u00e9volutionner l\u2019aquaculture \u2013 Pure, nutritive et \u00e9lev\u00e9e de mani\u00e8re durable.[\/vc_column_text][\/vc_column][\/vc_row][\/vc_section][vc_section full_width=\u00a0\u00bbstretch_row\u00a0\u00bb el_class=\u00a0\u00bbpt-80 pb-80&Prime;][vc_row content_placement=\u00a0\u00bbmiddle\u00a0\u00bb][vc_column][vc_column_text css=\u00a0\u00bb\u00a0\u00bb text_align=\u00a0\u00bbcenter\u00a0\u00bb]D\u00e9couvrez comment les solutions innovantes de FAMA transforment les communaut\u00e9s agricoles et stimulent une croissance agricole durable.[\/vc_column_text][\/vc_column][\/vc_row][vc_row content_placement=\u00a0\u00bbmiddle\u00a0\u00bb][vc_column offset=\u00a0\u00bbvc_hidden-sm vc_hidden-xs\u00a0\u00bb][\/vc_column][\/vc_row][vc_row content_placement=\u00a0\u00bbmiddle\u00a0\u00bb][vc_column offset=\u00a0\u00bbvc_hidden-lg vc_hidden-md\u00a0\u00bb][\/vc_column][\/vc_row][\/vc_section]","og_url":"https:\/\/famaglobal.barodaweb.org\/fr\/etudes-de-cas\/","og_site_name":"Fama Global","article_modified_time":"2025-06-10T08:30:27+00:00","twitter_card":"summary_large_image","twitter_misc":{"Dur\u00e9e de lecture estim\u00e9e":"1 minute"},"schema":{"@context":"https:\/\/schema.org","@graph":[{"@type":"WebPage","@id":"https:\/\/famaglobal.barodaweb.org\/fr\/etudes-de-cas\/","url":"https:\/\/famaglobal.barodaweb.org\/fr\/etudes-de-cas\/","name":"\u00c9tudes de cas - Fama Global","isPartOf":{"@id":"https:\/\/famaglobal.barodaweb.org\/#website"},"datePublished":"2025-05-05T05:49:50+00:00","dateModified":"2025-06-10T08:30:27+00:00","breadcrumb":{"@id":"https:\/\/famaglobal.barodaweb.org\/fr\/etudes-de-cas\/#breadcrumb"},"inLanguage":"fr-FR","potentialAction":[{"@type":"ReadAction","target":["https:\/\/famaglobal.barodaweb.org\/fr\/etudes-de-cas\/"]}]},{"@type":"BreadcrumbList","@id":"https:\/\/famaglobal.barodaweb.org\/fr\/etudes-de-cas\/#breadcrumb","itemListElement":[{"@type":"ListItem","position":1,"name":"Accueil","item":"https:\/\/famaglobal.barodaweb.org\/fr\/"},{"@type":"ListItem","position":2,"name":"\u00c9tudes de cas"}]},{"@type":"WebSite","@id":"https:\/\/famaglobal.barodaweb.org\/#website","url":"https:\/\/famaglobal.barodaweb.org\/","name":"Fama Global","description":"","publisher":{"@id":"https:\/\/famaglobal.barodaweb.org\/#organization"},"potentialAction":[{"@type":"SearchAction","target":{"@type":"EntryPoint","urlTemplate":"https:\/\/famaglobal.barodaweb.org\/?s={search_term_string}"},"query-input":{"@type":"PropertyValueSpecification","valueRequired":true,"valueName":"search_term_string"}}],"inLanguage":"fr-FR"},{"@type":"Organization","@id":"https:\/\/famaglobal.barodaweb.org\/#organization","name":"Fama Global","url":"https:\/\/famaglobal.barodaweb.org\/","logo":{"@type":"ImageObject","inLanguage":"fr-FR","@id":"https:\/\/famaglobal.barodaweb.org\/#\/schema\/logo\/image\/","url":"https:\/\/fama.global\/wp-content\/uploads\/2025\/03\/site-logo.svg","contentUrl":"https:\/\/fama.global\/wp-content\/uploads\/2025\/03\/site-logo.svg","caption":"Fama Global"},"image":{"@id":"https:\/\/famaglobal.barodaweb.org\/#\/schema\/logo\/image\/"}}]}},"_links":{"self":[{"href":"https:\/\/fama.global\/fr\/wp-json\/wp\/v2\/pages\/1837","targetHints":{"allow":["GET"]}}],"collection":[{"href":"https:\/\/fama.global\/fr\/wp-json\/wp\/v2\/pages"}],"about":[{"href":"https:\/\/fama.global\/fr\/wp-json\/wp\/v2\/types\/page"}],"author":[{"embeddable":true,"href":"https:\/\/fama.global\/fr\/wp-json\/wp\/v2\/users\/1"}],"replies":[{"embeddable":true,"href":"https:\/\/fama.global\/fr\/wp-json\/wp\/v2\/comments?post=1837"}],"version-history":[{"count":2,"href":"https:\/\/fama.global\/fr\/wp-json\/wp\/v2\/pages\/1837\/revisions"}],"predecessor-version":[{"id":1838,"href":"https:\/\/fama.global\/fr\/wp-json\/wp\/v2\/pages\/1837\/revisions\/1838"}],"wp:attachment":[{"href":"https:\/\/fama.global\/fr\/wp-json\/wp\/v2\/media?parent=1837"}],"curies":[{"name":"wp","href":"https:\/\/api.w.org\/{rel}","templated":true}]}}